{"id":1560,"date":"2019-09-16T14:43:51","date_gmt":"2019-09-16T12:43:51","guid":{"rendered":"http:\/\/pc-direkthandel.de\/wordpress\/?post_type=product&#038;p=1560"},"modified":"2019-09-16T14:46:10","modified_gmt":"2019-09-16T12:46:10","slug":"xdream-gaming-pc-intel-i7-9700k-4","status":"publish","type":"product","link":"http:\/\/pc-direkthandel.de\/wordpress\/product\/xdream-gaming-pc-intel-i7-9700k-4\/","title":{"rendered":"XDream Gaming PC Intel i7-9700K"},"content":{"rendered":"<p>Unser XDREAM Gaming PC \u00fcberzeugt durch perfekt abgestimmte Markenkomponenten. Mit der GeForce NVIDIA RTX 2080 8GB ist man f\u00fcr alle aktuellen Spieletitel bestens gewappnet.<\/p>\n<p>Fl\u00fcsterleises System, egal ob Gaming, Bild-sowie Videobearbeitung oder Live-Streaming. Programme wie Adobe Lightroom oder Photoshop laufen hier blitzschnell &#8211; Mit der Hyperthreading Funktion des i7 Prozessors bietet diese Konfig noch schnellere Verarbeitungszeiten &#8211; Wir setzen keine Grenzen.<\/p>\n<p>Dieses Komplettsystem finden seinen Platz in dem hochwertigen Gaming Geh\u00e4use Fractal Design Focus G und bietet hervorragende K\u00fchlung mit edlem Design. Abgerundet wird das System durch den hochwertigen K\u00fchler Alpenf\u00f6hn Ben Nevis der auch bei Volllast zuverl\u00e4ssige K\u00fchlung garantiert.<br \/>\nWir installieren das Betriebssystem auf der blitzschnellen SSD und erm\u00f6glichen das hochfahren in k\u00fcrzester Zeit. Genug Speicherplatz f\u00fcr Ihre Lieblingsspiele &#8211; Wir verbauen zus\u00e4tzlich eine Datenfestplatte.<\/p>\n<p>S\u00e4mtliche Systeme von Memory:PC werden von uns in Norddeutschland produziert. F\u00fcr unsere Systeme verwenden wir ausschlie\u00dflich hochwertige Komponenten von namenhaften Herstellern.<\/p>\n<p>Vor der Auslieferung durchl\u00e4uft jedes System einen aufwendigen Test, um die Lauff\u00e4higkeit des Systems sicherzustellen.<\/p>\n<p>Bei uns erhalten Sie keinen PC von der Stange &#8211; jedes System ist von Anfang bis Ende von unseren Mitarbeitern f\u00fcr Sie zusammengestellt und gefertigt.<\/p>\n","protected":false},"excerpt":{"rendered":"<p>Unser XDREAM Gaming PC \u00fcberzeugt durch perfekt abgestimmte Markenkomponenten. Mit der GeForce NVIDIA RTX 2080 8GB ist man f\u00fcr alle aktuellen Spieletitel bestens gewappnet. Fl\u00fcsterleises System, egal ob Gaming, Bild-sowie Videobearbeitung oder Live-Streaming. Programme wie Adobe Lightroom oder Photoshop laufen hier blitzschnell &#8211; Mit der Hyperthreading Funktion des i7 Prozessors bietet diese Konfig noch schnellere [&hellip;]<\/p>\n","protected":false},"featured_media":1561,"comment_status":"open","ping_status":"closed","template":"","meta":{"_acf_changed":false},"product_cat":[140],"product_tag":[],"acf":[],"jetpack_sharing_enabled":true,"_links":{"self":[{"href":"http:\/\/pc-direkthandel.de\/wordpress\/wp-json\/wp\/v2\/product\/1560"}],"collection":[{"href":"http:\/\/pc-direkthandel.de\/wordpress\/wp-json\/wp\/v2\/product"}],"about":[{"href":"http:\/\/pc-direkthandel.de\/wordpress\/wp-json\/wp\/v2\/types\/product"}],"replies":[{"embeddable":true,"href":"http:\/\/pc-direkthandel.de\/wordpress\/wp-json\/wp\/v2\/comments?post=1560"}],"wp:featuredmedia":[{"embeddable":true,"href":"http:\/\/pc-direkthandel.de\/wordpress\/wp-json\/wp\/v2\/media\/1561"}],"wp:attachment":[{"href":"http:\/\/pc-direkthandel.de\/wordpress\/wp-json\/wp\/v2\/media?parent=1560"}],"wp:term":[{"taxonomy":"product_cat","embeddable":true,"href":"http:\/\/pc-direkthandel.de\/wordpress\/wp-json\/wp\/v2\/product_cat?post=1560"},{"taxonomy":"product_tag","embeddable":true,"href":"http:\/\/pc-direkthandel.de\/wordpress\/wp-json\/wp\/v2\/product_tag?post=1560"}],"curies":[{"name":"wp","href":"https:\/\/api.w.org\/{rel}","templated":true}]}}