{"id":1558,"date":"2019-09-16T14:41:15","date_gmt":"2019-09-16T12:41:15","guid":{"rendered":"http:\/\/pc-direkthandel.de\/wordpress\/?post_type=product&#038;p=1558"},"modified":"2019-09-16T14:43:37","modified_gmt":"2019-09-16T12:43:37","slug":"xdream-gaming-pc-intel-i7-8700k","status":"publish","type":"product","link":"http:\/\/pc-direkthandel.de\/wordpress\/product\/xdream-gaming-pc-intel-i7-8700k\/","title":{"rendered":"XDream Gaming PC Intel i7-8700K"},"content":{"rendered":"<p>Dieses XDREAM Gaming System von MEMORY:PC ist die ultimative Spiele-Maschine mit einem Intel Core i7 Prozessor, 16GB Arbeitsspeicher und RTX 2080 Grafik.<\/p>\n<p>Damit bietet dieses System genau die Leistung, die Sie im Zeitalter des intensiven Gamings ben\u00f6tigen. Diesem System geht so schnell nicht die Puste aus und garantiert Spielespa\u00df die n\u00e4chsten Jahre.<\/p>\n<p>S\u00e4mtliche Systeme von Memory:PC werden von uns in Norddeutschland produziert. F\u00fcr unsere Systeme verwenden wir ausschlie\u00dflich hochwertige Komponenten von namenhaften Herstellern.<\/p>\n<p>Vor der Auslieferung durchl\u00e4uft jedes System einen aufwendigen Test, um die Lauff\u00e4higkeit des Systems sicherzustellen.<\/p>\n<p>Bei uns erhalten Sie keinen PC von der Stange &#8211; jedes System ist von Anfang bis Ende von unseren Mitarbeitern f\u00fcr Sie zusammengestellt und gefertigt.<\/p>\n","protected":false},"excerpt":{"rendered":"<p>Dieses XDREAM Gaming System von MEMORY:PC ist die ultimative Spiele-Maschine mit einem Intel Core i7 Prozessor, 16GB Arbeitsspeicher und RTX 2080 Grafik. Damit bietet dieses System genau die Leistung, die Sie im Zeitalter des intensiven Gamings ben\u00f6tigen. Diesem System geht so schnell nicht die Puste aus und garantiert Spielespa\u00df die n\u00e4chsten Jahre. S\u00e4mtliche Systeme von [&hellip;]<\/p>\n","protected":false},"featured_media":1559,"comment_status":"open","ping_status":"closed","template":"","meta":{"_acf_changed":false},"product_cat":[140],"product_tag":[],"acf":[],"jetpack_sharing_enabled":true,"_links":{"self":[{"href":"http:\/\/pc-direkthandel.de\/wordpress\/wp-json\/wp\/v2\/product\/1558"}],"collection":[{"href":"http:\/\/pc-direkthandel.de\/wordpress\/wp-json\/wp\/v2\/product"}],"about":[{"href":"http:\/\/pc-direkthandel.de\/wordpress\/wp-json\/wp\/v2\/types\/product"}],"replies":[{"embeddable":true,"href":"http:\/\/pc-direkthandel.de\/wordpress\/wp-json\/wp\/v2\/comments?post=1558"}],"wp:featuredmedia":[{"embeddable":true,"href":"http:\/\/pc-direkthandel.de\/wordpress\/wp-json\/wp\/v2\/media\/1559"}],"wp:attachment":[{"href":"http:\/\/pc-direkthandel.de\/wordpress\/wp-json\/wp\/v2\/media?parent=1558"}],"wp:term":[{"taxonomy":"product_cat","embeddable":true,"href":"http:\/\/pc-direkthandel.de\/wordpress\/wp-json\/wp\/v2\/product_cat?post=1558"},{"taxonomy":"product_tag","embeddable":true,"href":"http:\/\/pc-direkthandel.de\/wordpress\/wp-json\/wp\/v2\/product_tag?post=1558"}],"curies":[{"name":"wp","href":"https:\/\/api.w.org\/{rel}","templated":true}]}}