{"id":1556,"date":"2019-09-16T14:37:54","date_gmt":"2019-09-16T12:37:54","guid":{"rendered":"http:\/\/pc-direkthandel.de\/wordpress\/?post_type=product&#038;p=1556"},"modified":"2019-09-16T14:40:18","modified_gmt":"2019-09-16T12:40:18","slug":"xdream-gaming-pc-intel-i7-9700k-3","status":"publish","type":"product","link":"http:\/\/pc-direkthandel.de\/wordpress\/product\/xdream-gaming-pc-intel-i7-9700k-3\/","title":{"rendered":"XDream Gaming PC Intel i7-9700K"},"content":{"rendered":"<p>Der Memory PC mit voller 8-Kern Power versorgt Sie mit allen n\u00f6tigen Geschwindigkeiten die Sie ben\u00f6tigen. Die allerneuesten Anschl\u00fcsse wie SATA3, M.2 und USB3.0 aber auch Gigabit LAN lassen keine W\u00fcnsche offen. Dieser ist ein kompletter Allrounder mit allen F\u00e4higkeiten die Sie brauchen. Fordern Sie ihn ruhig! Dieses &#8222;K&#8220; Modell l\u00e4sst ebenfalls spielend einfach \u00fcbertakten um noch h\u00f6here Taktraten zu erm\u00f6glichen.<\/p>\n<p>Au\u00dferdem verf\u00fcgt das ASUS Mainboard \u00fcber einen zukunftsweisenden M.2 SSD Steckplatz. Es ist eine Samsung EVO 970 per M.2 PCI-Express Steckplatz eingebaut. Unglaubliche Datentransferratten erreichen Sie mit unserem PC. Der Xdream PC von Memory PC ist perfekt zusammengestellt mit allen Komponenten die zur Zeit beliebt und angesagt sind. Hier k\u00f6nnen Sie beruhigt die allerneuesten Spiele locker bew\u00e4ltigen.<\/p>\n<p>S\u00e4mtliche Systeme von Memory:PC werden von uns in Norddeutschland produziert. F\u00fcr unsere Systeme verwenden wir ausschlie\u00dflich hochwertige Komponenten von namenhaften Herstellern.<\/p>\n<p>Vor der Auslieferung durchl\u00e4uft jedes System einen aufwendigen Test, um die Lauff\u00e4higkeit des Systems sicherzustellen.<\/p>\n<p>Bei uns erhalten Sie keinen PC von der Stange &#8211; jedes System ist von Anfang bis Ende von unseren Mitarbeitern f\u00fcr Sie zusammengestellt und gefertigt.<\/p>\n","protected":false},"excerpt":{"rendered":"<p>Der Memory PC mit voller 8-Kern Power versorgt Sie mit allen n\u00f6tigen Geschwindigkeiten die Sie ben\u00f6tigen. Die allerneuesten Anschl\u00fcsse wie SATA3, M.2 und USB3.0 aber auch Gigabit LAN lassen keine W\u00fcnsche offen. Dieser ist ein kompletter Allrounder mit allen F\u00e4higkeiten die Sie brauchen. Fordern Sie ihn ruhig! Dieses &#8222;K&#8220; Modell l\u00e4sst ebenfalls spielend einfach \u00fcbertakten [&hellip;]<\/p>\n","protected":false},"featured_media":1557,"comment_status":"open","ping_status":"closed","template":"","meta":{"_acf_changed":false},"product_cat":[140],"product_tag":[],"acf":[],"jetpack_sharing_enabled":true,"_links":{"self":[{"href":"http:\/\/pc-direkthandel.de\/wordpress\/wp-json\/wp\/v2\/product\/1556"}],"collection":[{"href":"http:\/\/pc-direkthandel.de\/wordpress\/wp-json\/wp\/v2\/product"}],"about":[{"href":"http:\/\/pc-direkthandel.de\/wordpress\/wp-json\/wp\/v2\/types\/product"}],"replies":[{"embeddable":true,"href":"http:\/\/pc-direkthandel.de\/wordpress\/wp-json\/wp\/v2\/comments?post=1556"}],"wp:featuredmedia":[{"embeddable":true,"href":"http:\/\/pc-direkthandel.de\/wordpress\/wp-json\/wp\/v2\/media\/1557"}],"wp:attachment":[{"href":"http:\/\/pc-direkthandel.de\/wordpress\/wp-json\/wp\/v2\/media?parent=1556"}],"wp:term":[{"taxonomy":"product_cat","embeddable":true,"href":"http:\/\/pc-direkthandel.de\/wordpress\/wp-json\/wp\/v2\/product_cat?post=1556"},{"taxonomy":"product_tag","embeddable":true,"href":"http:\/\/pc-direkthandel.de\/wordpress\/wp-json\/wp\/v2\/product_tag?post=1556"}],"curies":[{"name":"wp","href":"https:\/\/api.w.org\/{rel}","templated":true}]}}