{"id":1552,"date":"2019-09-16T14:32:20","date_gmt":"2019-09-16T12:32:20","guid":{"rendered":"http:\/\/pc-direkthandel.de\/wordpress\/?post_type=product&#038;p=1552"},"modified":"2019-09-16T14:34:48","modified_gmt":"2019-09-16T12:34:48","slug":"xdream-gaming-pc-intel-i7-9700k","status":"publish","type":"product","link":"http:\/\/pc-direkthandel.de\/wordpress\/product\/xdream-gaming-pc-intel-i7-9700k\/","title":{"rendered":"XDream Gaming PC Intel i7-9700K"},"content":{"rendered":"<p>Dieser XDREAM Gaming Computer von Memory PC\u00ae ist die ultimative Spiele-Maschine! Der Intel Core i7 Prozessor 9700K mit 8x 3.6GHz wird von einem ASUS Prime Z370-P unterst\u00fctzt.<\/p>\n<p>Herzst\u00fcck neben dem Prozessor sind sind die 32GB Arbeitsspeicher und die Grafikkarte Geforce GTX 1070 mit 8GB Grafikspeicher.<\/p>\n<p>Beide Komponenten sorgen f\u00fcr extremen Spa\u00df bei dem t\u00e4glichen Einsatz ihres Systems.<\/p>\n<p>Die Solid State Technologie der 480GB SSD stellt ein ultraschnelles Hochfahren des Memory PC\u00ae sicher, sowie schnelle Zugriffzeiten und Abl\u00e4ufe bei der Nutzung ihres Computers.<\/p>\n<p>Die 2000GB HDD sorgt zudem f\u00fcr weiteren Speicherplatz.<\/p>\n<p>Dieser Memory PC\u00ae hat au\u00dferdem Windows 10 Professional komplett vorinstalliert. Das bedeutet f\u00fcr Sie: Einschalten und gleich loslegen. Dabei verzichten wir komplett auf zus\u00e4tzliche Testversionen oder andere Werbesoftware. Sie erhalten einen sauber installierten Computer zum &#8222;Sofort-Los-Legen&#8220;.<\/p>\n<p>S\u00e4mtliche Systeme von Memory PC\u00ae werden von uns in Norddeutschland produziert. F\u00fcr unsere Systeme verwenden wir ausschlie\u00dflich hochwertige Komponenten von namenhaften Herstellern. Vor der Auslieferung durchl\u00e4uft jedes System einen aufwendigen Test, um die Lauff\u00e4higkeit des PC sicherzustellen.<\/p>\n<p>Bei uns erhalten Sie keinen Computer von der Stange &#8211; jedes System ist von Anfang bis Ende von unseren Mitarbeitern f\u00fcr Sie zusammengestellt und gefertigt.<\/p>\n","protected":false},"excerpt":{"rendered":"<p>Dieser XDREAM Gaming Computer von Memory PC\u00ae ist die ultimative Spiele-Maschine! Der Intel Core i7 Prozessor 9700K mit 8x 3.6GHz wird von einem ASUS Prime Z370-P unterst\u00fctzt. Herzst\u00fcck neben dem Prozessor sind sind die 32GB Arbeitsspeicher und die Grafikkarte Geforce GTX 1070 mit 8GB Grafikspeicher. Beide Komponenten sorgen f\u00fcr extremen Spa\u00df bei dem t\u00e4glichen Einsatz [&hellip;]<\/p>\n","protected":false},"featured_media":1553,"comment_status":"open","ping_status":"closed","template":"","meta":{"_acf_changed":false},"product_cat":[140],"product_tag":[],"acf":[],"jetpack_sharing_enabled":true,"_links":{"self":[{"href":"http:\/\/pc-direkthandel.de\/wordpress\/wp-json\/wp\/v2\/product\/1552"}],"collection":[{"href":"http:\/\/pc-direkthandel.de\/wordpress\/wp-json\/wp\/v2\/product"}],"about":[{"href":"http:\/\/pc-direkthandel.de\/wordpress\/wp-json\/wp\/v2\/types\/product"}],"replies":[{"embeddable":true,"href":"http:\/\/pc-direkthandel.de\/wordpress\/wp-json\/wp\/v2\/comments?post=1552"}],"wp:featuredmedia":[{"embeddable":true,"href":"http:\/\/pc-direkthandel.de\/wordpress\/wp-json\/wp\/v2\/media\/1553"}],"wp:attachment":[{"href":"http:\/\/pc-direkthandel.de\/wordpress\/wp-json\/wp\/v2\/media?parent=1552"}],"wp:term":[{"taxonomy":"product_cat","embeddable":true,"href":"http:\/\/pc-direkthandel.de\/wordpress\/wp-json\/wp\/v2\/product_cat?post=1552"},{"taxonomy":"product_tag","embeddable":true,"href":"http:\/\/pc-direkthandel.de\/wordpress\/wp-json\/wp\/v2\/product_tag?post=1552"}],"curies":[{"name":"wp","href":"https:\/\/api.w.org\/{rel}","templated":true}]}}