{"id":1537,"date":"2019-09-16T12:15:02","date_gmt":"2019-09-16T10:15:02","guid":{"rendered":"http:\/\/pc-direkthandel.de\/wordpress\/?post_type=product&#038;p=1537"},"modified":"2019-09-16T12:17:37","modified_gmt":"2019-09-16T10:17:37","slug":"high-end-pc-amd-ryzen-7-2700x","status":"publish","type":"product","link":"http:\/\/pc-direkthandel.de\/wordpress\/product\/high-end-pc-amd-ryzen-7-2700x\/","title":{"rendered":"High-End PC AMD Ryzen 7 2700X"},"content":{"rendered":"<p>Das High-End System von Memory PC\u00ae beinhaltet eine AMD Ryzen 7 2700X mit 8x 3.7GHz Taktung und einem ASUS PRIME B450M-K Mainboard.<\/p>\n<p>Das System besitzt einen Arbeitsspeicher von 16GB und damit hat das System ausreichend Reserven f\u00fcr intensive Aufgaben.<\/p>\n<p>Die AMD Radeon VII 16GB Grafik-Speicher sorgt f\u00fcr Arbeiten und Gaming auf h\u00f6chsten Niveau. Grafisch komplexe Programme meistert diese Grafikkarte genauso wie neues Games auf hoher Detailstufe.<\/p>\n<p>Die Solid State Technologie der 240GB SSD stellt ein ultraschnelles Hochfahren des Memory PC\u00ae sicher und auch alle weiteren Rechenprozesse werden durch die SSS deutlich schneller.<\/p>\n<p>Die 1000 GB HDD sorgt zudem f\u00fcr weiteren Speicherplatz.<\/p>\n<p>Dieser Memory PC\u00ae hat au\u00dferdem Windows 10 Professional komplett vorinstalliert. Das bedeutet f\u00fcr Sie: Einschalten und gleich loslegen. Dabei verzichten wir komplett auf zus\u00e4tzliche Testversionen oder andere Werbesoftware. Sie erhalten einen sauber installierten Computer zum &#8222;Sofort-Los-Legen&#8220;.<\/p>\n<p>S\u00e4mtliche Systeme von Memory PC\u00ae werden von uns in Norddeutschland produziert. F\u00fcr unsere Systeme verwenden wir ausschlie\u00dflich hochwertige Komponenten von namenhaften Herstellern. Vor der Auslieferung durchl\u00e4uft jedes System einen aufwendigen Test, um die Lauff\u00e4higkeit des PC sicherzustellen.<\/p>\n<p>Bei uns erhalten Sie keinen Computer von der Stange &#8211; jedes System ist von Anfang bis Ende von unseren Mitarbeitern f\u00fcr Sie zusammengestellt und gefertigt.<\/p>\n","protected":false},"excerpt":{"rendered":"<p>Das High-End System von Memory PC\u00ae beinhaltet eine AMD Ryzen 7 2700X mit 8x 3.7GHz Taktung und einem ASUS PRIME B450M-K Mainboard. Das System besitzt einen Arbeitsspeicher von 16GB und damit hat das System ausreichend Reserven f\u00fcr intensive Aufgaben. Die AMD Radeon VII 16GB Grafik-Speicher sorgt f\u00fcr Arbeiten und Gaming auf h\u00f6chsten Niveau. Grafisch komplexe [&hellip;]<\/p>\n","protected":false},"featured_media":1538,"comment_status":"open","ping_status":"closed","template":"","meta":{"_acf_changed":false},"product_cat":[139],"product_tag":[],"acf":[],"jetpack_sharing_enabled":true,"_links":{"self":[{"href":"http:\/\/pc-direkthandel.de\/wordpress\/wp-json\/wp\/v2\/product\/1537"}],"collection":[{"href":"http:\/\/pc-direkthandel.de\/wordpress\/wp-json\/wp\/v2\/product"}],"about":[{"href":"http:\/\/pc-direkthandel.de\/wordpress\/wp-json\/wp\/v2\/types\/product"}],"replies":[{"embeddable":true,"href":"http:\/\/pc-direkthandel.de\/wordpress\/wp-json\/wp\/v2\/comments?post=1537"}],"wp:featuredmedia":[{"embeddable":true,"href":"http:\/\/pc-direkthandel.de\/wordpress\/wp-json\/wp\/v2\/media\/1538"}],"wp:attachment":[{"href":"http:\/\/pc-direkthandel.de\/wordpress\/wp-json\/wp\/v2\/media?parent=1537"}],"wp:term":[{"taxonomy":"product_cat","embeddable":true,"href":"http:\/\/pc-direkthandel.de\/wordpress\/wp-json\/wp\/v2\/product_cat?post=1537"},{"taxonomy":"product_tag","embeddable":true,"href":"http:\/\/pc-direkthandel.de\/wordpress\/wp-json\/wp\/v2\/product_tag?post=1537"}],"curies":[{"name":"wp","href":"https:\/\/api.w.org\/{rel}","templated":true}]}}