{"id":1535,"date":"2019-09-16T12:10:04","date_gmt":"2019-09-16T10:10:04","guid":{"rendered":"http:\/\/pc-direkthandel.de\/wordpress\/?post_type=product&#038;p=1535"},"modified":"2019-09-16T12:12:27","modified_gmt":"2019-09-16T10:12:27","slug":"high-end-pc-amd-ryzen-7-2700-2","status":"publish","type":"product","link":"http:\/\/pc-direkthandel.de\/wordpress\/product\/high-end-pc-amd-ryzen-7-2700-2\/","title":{"rendered":"High-End PC AMD Ryzen 7 2700"},"content":{"rendered":"<p>Das High-End System von Memory PC\u00ae besteht aus einer AMD Ryzen 7 2700 Prozessoreinheit, die mit 8x 3.2GHz getaktet ist und auf einem ASUS PRIME B450M-K Mainboard verbaut wird.<\/p>\n<p>Mit 16GB Arbeitsspeicher ist das System gut ausgestattet, um den t\u00e4glichen Anforderungen mehr als gerecht zu werden.<\/p>\n<p>Die professionelle NVIDIA Quadro P2000 mit 5GB Grafik-Speicher ist geschaffen f\u00fcr komplexe, grafische Darstellungen &#8211; egal ob 2D oder 3D.<\/p>\n<p>Die 240GB SSD sorgt nicht nur f\u00fcr ein sehr schnelles &#8222;Hochfahren&#8220; des Computers, sondern auch f\u00fcr ein generell schnelleres Arbeiten mit dem PC. Das Speichern der gro\u00dfen Daten \u00fcbernimmt die zus\u00e4tzliche 1000GB Festplatte.<\/p>\n<p>Mit dem eingebauten DVD-Laufwerk von LG lassen sich DVDs in 24facher Geschwindigkeit brennen.<\/p>\n<p>Dieser Memory PC\u00ae hat au\u00dferdem Windows 10 Professional komplett vorinstalliert. Das bedeutet f\u00fcr Sie: Einschalten und gleich loslegen. Dabei verzichten wir komplett auf zus\u00e4tzliche Testversionen oder andere Werbesoftware. Sie erhalten einen sauber installierten Computer zum &#8222;Sofort-Los-Legen&#8220;.<\/p>\n<p>S\u00e4mtliche Systeme von Memory PC\u00ae werden von uns in Norddeutschland produziert. F\u00fcr unsere Systeme verwenden wir ausschlie\u00dflich hochwertige Komponenten von namenhaften Herstellern. Vor der Auslieferung durchl\u00e4uft jedes System einen aufwendigen Test, um die Lauff\u00e4higkeit des PC sicherzustellen.<\/p>\n<p>Bei uns erhalten Sie keinen Computer von der Stange &#8211; jedes System ist von Anfang bis Ende von unseren Mitarbeitern f\u00fcr Sie zusammengestellt und gefertigt.<\/p>\n","protected":false},"excerpt":{"rendered":"<p>Das High-End System von Memory PC\u00ae besteht aus einer AMD Ryzen 7 2700 Prozessoreinheit, die mit 8x 3.2GHz getaktet ist und auf einem ASUS PRIME B450M-K Mainboard verbaut wird. Mit 16GB Arbeitsspeicher ist das System gut ausgestattet, um den t\u00e4glichen Anforderungen mehr als gerecht zu werden. Die professionelle NVIDIA Quadro P2000 mit 5GB Grafik-Speicher ist [&hellip;]<\/p>\n","protected":false},"featured_media":1536,"comment_status":"open","ping_status":"closed","template":"","meta":{"_acf_changed":false},"product_cat":[139],"product_tag":[],"acf":[],"jetpack_sharing_enabled":true,"_links":{"self":[{"href":"http:\/\/pc-direkthandel.de\/wordpress\/wp-json\/wp\/v2\/product\/1535"}],"collection":[{"href":"http:\/\/pc-direkthandel.de\/wordpress\/wp-json\/wp\/v2\/product"}],"about":[{"href":"http:\/\/pc-direkthandel.de\/wordpress\/wp-json\/wp\/v2\/types\/product"}],"replies":[{"embeddable":true,"href":"http:\/\/pc-direkthandel.de\/wordpress\/wp-json\/wp\/v2\/comments?post=1535"}],"wp:featuredmedia":[{"embeddable":true,"href":"http:\/\/pc-direkthandel.de\/wordpress\/wp-json\/wp\/v2\/media\/1536"}],"wp:attachment":[{"href":"http:\/\/pc-direkthandel.de\/wordpress\/wp-json\/wp\/v2\/media?parent=1535"}],"wp:term":[{"taxonomy":"product_cat","embeddable":true,"href":"http:\/\/pc-direkthandel.de\/wordpress\/wp-json\/wp\/v2\/product_cat?post=1535"},{"taxonomy":"product_tag","embeddable":true,"href":"http:\/\/pc-direkthandel.de\/wordpress\/wp-json\/wp\/v2\/product_tag?post=1535"}],"curies":[{"name":"wp","href":"https:\/\/api.w.org\/{rel}","templated":true}]}}