{"id":1533,"date":"2019-09-16T12:00:58","date_gmt":"2019-09-16T10:00:58","guid":{"rendered":"http:\/\/pc-direkthandel.de\/wordpress\/?post_type=product&#038;p=1533"},"modified":"2019-09-16T12:06:26","modified_gmt":"2019-09-16T10:06:26","slug":"high-end-pc-amd-ryzen-7-2700","status":"publish","type":"product","link":"http:\/\/pc-direkthandel.de\/wordpress\/product\/high-end-pc-amd-ryzen-7-2700\/","title":{"rendered":"High-End PC AMD Ryzen 7 2700"},"content":{"rendered":"<p>Dieses High-End System vom deutschen Markenhersteller Memory PC\u00ae enth\u00e4lt einen AMD Ryzen 7 2700 Prozessor mit einer Taktung von 8x 3.20GHz auf einem ASUS PRIME B450M-K Mainboard.<\/p>\n<p>Der Speicher, der sogenannte RAM, ist 16GB gro\u00df und damit gut ausgestattet, um die t\u00e4gliche PC Arbeit ohne Anstrengung zu bew\u00e4ltigen.<\/p>\n<p>Durch die Geforce RTX 2060 mit 6GB Grafikkartenspeicher kennt dieses Memory PC\u00ae selbst bei neuesten Spielen und h\u00f6chstanspruchsvollen Anwendungen keine Grenzen.<\/p>\n<p>Durch die 240GB SSD startet der PC deutlich schneller als mit einer herk\u00f6mmlichen Festplatte. Auch alle weiteren Rechenprozesse werden durch die Solid State Disk beschleunigt.<\/p>\n<p>Mit der 1000 GB HDD hat au\u00dferdem weiteren Platz f\u00fcr Ihre Daten.<\/p>\n<p>Dieser Memory PC\u00ae hat au\u00dferdem Windows 10 Professional komplett vorinstalliert. Das bedeutet f\u00fcr Sie: Einschalten und gleich loslegen. Dabei verzichten wir komplett auf zus\u00e4tzliche Testversionen oder andere Werbesoftware. Sie erhalten einen sauber installierten Computer zum &#8222;Sofort-Los-Legen&#8220;.<\/p>\n<p>S\u00e4mtliche Systeme von Memory:PC werden von uns in Norddeutschland produziert. F\u00fcr unsere Systeme verwenden wir ausschlie\u00dflich hochwertige Komponenten von namenhaften Herstellern. Vor der Auslieferung durchl\u00e4uft jedes System einen aufwendigen Test, um die Lauff\u00e4higkeit des PC sicherzustellen.<\/p>\n<p>Bei uns erhalten Sie keinen Computer von der Stange &#8211; jedes System ist von Anfang bis Ende von unseren Mitarbeitern f\u00fcr Sie zusammengestellt und gefertigt.<\/p>\n","protected":false},"excerpt":{"rendered":"<p>Dieses High-End System vom deutschen Markenhersteller Memory PC\u00ae enth\u00e4lt einen AMD Ryzen 7 2700 Prozessor mit einer Taktung von 8x 3.20GHz auf einem ASUS PRIME B450M-K Mainboard. Der Speicher, der sogenannte RAM, ist 16GB gro\u00df und damit gut ausgestattet, um die t\u00e4gliche PC Arbeit ohne Anstrengung zu bew\u00e4ltigen. Durch die Geforce RTX 2060 mit 6GB [&hellip;]<\/p>\n","protected":false},"featured_media":1534,"comment_status":"open","ping_status":"closed","template":"","meta":{"_acf_changed":false},"product_cat":[139],"product_tag":[],"acf":[],"jetpack_sharing_enabled":true,"_links":{"self":[{"href":"http:\/\/pc-direkthandel.de\/wordpress\/wp-json\/wp\/v2\/product\/1533"}],"collection":[{"href":"http:\/\/pc-direkthandel.de\/wordpress\/wp-json\/wp\/v2\/product"}],"about":[{"href":"http:\/\/pc-direkthandel.de\/wordpress\/wp-json\/wp\/v2\/types\/product"}],"replies":[{"embeddable":true,"href":"http:\/\/pc-direkthandel.de\/wordpress\/wp-json\/wp\/v2\/comments?post=1533"}],"wp:featuredmedia":[{"embeddable":true,"href":"http:\/\/pc-direkthandel.de\/wordpress\/wp-json\/wp\/v2\/media\/1534"}],"wp:attachment":[{"href":"http:\/\/pc-direkthandel.de\/wordpress\/wp-json\/wp\/v2\/media?parent=1533"}],"wp:term":[{"taxonomy":"product_cat","embeddable":true,"href":"http:\/\/pc-direkthandel.de\/wordpress\/wp-json\/wp\/v2\/product_cat?post=1533"},{"taxonomy":"product_tag","embeddable":true,"href":"http:\/\/pc-direkthandel.de\/wordpress\/wp-json\/wp\/v2\/product_tag?post=1533"}],"curies":[{"name":"wp","href":"https:\/\/api.w.org\/{rel}","templated":true}]}}