{"id":1529,"date":"2019-09-16T11:56:11","date_gmt":"2019-09-16T09:56:11","guid":{"rendered":"http:\/\/pc-direkthandel.de\/wordpress\/?post_type=product&#038;p=1529"},"modified":"2019-09-16T11:59:31","modified_gmt":"2019-09-16T09:59:31","slug":"high-end-pc-amd-ryzen-5-2600","status":"publish","type":"product","link":"http:\/\/pc-direkthandel.de\/wordpress\/product\/high-end-pc-amd-ryzen-5-2600\/","title":{"rendered":"High-End PC AMD Ryzen 5 2600"},"content":{"rendered":"<p>Dieser High-End PC vom deutschen Markenhersteller Memory PC\u00ae besticht durch den mit 6x 3.40GHz getakteten AMD Ryzen 5 2600, sowie dem MSI B450M Tomahawk Mainboard.<\/p>\n<p>Dem Computer stehen 16GB als RAM zur Verf\u00fcgung, was mehr als genug ist, um auch die rechenintensivsten Aufgaben zu schultern.<\/p>\n<p>Die AMD Radeon RX 580 mit 8GB Grafik-Speicher sorgt f\u00fcr Arbeiten und Gaming auf aller h\u00f6chstem Niveau. Grafisch komplexe Programme meistert diese Grafikkarte genauso wie neues Games auf vollen Details.<\/p>\n<p>Die 240GB SSD Festplatte sorgt nicht nur f\u00fcr ein sehr schnelles &#8222;Hochfahren&#8220; des Computers, sondern auch f\u00fcr ein generell schnelleres Arbeiten mit dem PC.<\/p>\n<p>Um gr\u00f6\u00dfere Datenmengen &#8222;k\u00fcmmert&#8220; sich dann die 1000GB HDD Festplatte.<\/p>\n<p>Mit dem eingebauten DVD-Laufwerk von LG lassen sich DVDs in 24facher Geschwindigkeit brennen.<\/p>\n<p>S\u00e4mtliche Systeme von Memory:PC werden von uns in Norddeutschland produziert. F\u00fcr unsere Systeme verwenden wir ausschlie\u00dflich hochwertige Komponenten von namenhaften Herstellern. Vor der Auslieferung durchl\u00e4uft jedes System einen aufwendigen Test, um die Lauff\u00e4higkeit des PC sicherzustellen.<\/p>\n<p>Bei uns erhalten Sie keinen Computer von der Stange &#8211; jedes System ist von Anfang bis Ende von unseren Mitarbeitern f\u00fcr Sie zusammengestellt und gefertigt.<\/p>\n","protected":false},"excerpt":{"rendered":"<p>Dieser High-End PC vom deutschen Markenhersteller Memory PC\u00ae besticht durch den mit 6x 3.40GHz getakteten AMD Ryzen 5 2600, sowie dem MSI B450M Tomahawk Mainboard. Dem Computer stehen 16GB als RAM zur Verf\u00fcgung, was mehr als genug ist, um auch die rechenintensivsten Aufgaben zu schultern. Die AMD Radeon RX 580 mit 8GB Grafik-Speicher sorgt f\u00fcr [&hellip;]<\/p>\n","protected":false},"featured_media":1530,"comment_status":"open","ping_status":"closed","template":"","meta":{"_acf_changed":false},"product_cat":[139],"product_tag":[],"acf":[],"jetpack_sharing_enabled":true,"_links":{"self":[{"href":"http:\/\/pc-direkthandel.de\/wordpress\/wp-json\/wp\/v2\/product\/1529"}],"collection":[{"href":"http:\/\/pc-direkthandel.de\/wordpress\/wp-json\/wp\/v2\/product"}],"about":[{"href":"http:\/\/pc-direkthandel.de\/wordpress\/wp-json\/wp\/v2\/types\/product"}],"replies":[{"embeddable":true,"href":"http:\/\/pc-direkthandel.de\/wordpress\/wp-json\/wp\/v2\/comments?post=1529"}],"wp:featuredmedia":[{"embeddable":true,"href":"http:\/\/pc-direkthandel.de\/wordpress\/wp-json\/wp\/v2\/media\/1530"}],"wp:attachment":[{"href":"http:\/\/pc-direkthandel.de\/wordpress\/wp-json\/wp\/v2\/media?parent=1529"}],"wp:term":[{"taxonomy":"product_cat","embeddable":true,"href":"http:\/\/pc-direkthandel.de\/wordpress\/wp-json\/wp\/v2\/product_cat?post=1529"},{"taxonomy":"product_tag","embeddable":true,"href":"http:\/\/pc-direkthandel.de\/wordpress\/wp-json\/wp\/v2\/product_tag?post=1529"}],"curies":[{"name":"wp","href":"https:\/\/api.w.org\/{rel}","templated":true}]}}