{"id":1525,"date":"2019-09-16T11:48:37","date_gmt":"2019-09-16T09:48:37","guid":{"rendered":"http:\/\/pc-direkthandel.de\/wordpress\/?post_type=product&#038;p=1525"},"modified":"2019-09-16T11:50:49","modified_gmt":"2019-09-16T09:50:49","slug":"workstation-intel-i9-9980xe","status":"publish","type":"product","link":"http:\/\/pc-direkthandel.de\/wordpress\/product\/workstation-intel-i9-9980xe\/","title":{"rendered":"Workstation Intel i9-9980XE"},"content":{"rendered":"<p>Qualit\u00e4t von Memory PC besticht durch seine geniale Produktauswahl die immer wieder \u00fcberzeugt und diverse Qualit\u00e4tstests gewinnt. Das Zusammenspiel der Komponenten wird immer laufend in unserer Fachwerkstatt gepr\u00fcft und dokumentiert. Die Zufriedenheit unserer Kunden ist unsere Maxime und unser Anspruch dem wir uns immer wieder stellen. Wir lassen unsere Kunden vor allem nach dem Kauf nicht im Regen stehen und sind immer f\u00fcr Sie da. Testen Sie uns!<\/p>\n<p>Der Memory PC mit voller 18-Kern Power versorgt Sie mit allen n\u00f6tigen Geschwindigkeiten die Sie ben\u00f6tigen. Die allerneuesten Anschl\u00fcsse wie SATA3, M.2 und USB3.0 aber auch Gigabit LAN lassen keine W\u00fcnsche offen. Dieser ist ein kompletter Allrounder mit allen F\u00e4higkeiten die Sie brauchen. Fordern Sie ihn ruhig.<\/p>\n","protected":false},"excerpt":{"rendered":"<p>Qualit\u00e4t von Memory PC besticht durch seine geniale Produktauswahl die immer wieder \u00fcberzeugt und diverse Qualit\u00e4tstests gewinnt. Das Zusammenspiel der Komponenten wird immer laufend in unserer Fachwerkstatt gepr\u00fcft und dokumentiert. Die Zufriedenheit unserer Kunden ist unsere Maxime und unser Anspruch dem wir uns immer wieder stellen. Wir lassen unsere Kunden vor allem nach dem Kauf [&hellip;]<\/p>\n","protected":false},"featured_media":1526,"comment_status":"open","ping_status":"closed","template":"","meta":{"_acf_changed":false},"product_cat":[138],"product_tag":[],"acf":[],"jetpack_sharing_enabled":true,"_links":{"self":[{"href":"http:\/\/pc-direkthandel.de\/wordpress\/wp-json\/wp\/v2\/product\/1525"}],"collection":[{"href":"http:\/\/pc-direkthandel.de\/wordpress\/wp-json\/wp\/v2\/product"}],"about":[{"href":"http:\/\/pc-direkthandel.de\/wordpress\/wp-json\/wp\/v2\/types\/product"}],"replies":[{"embeddable":true,"href":"http:\/\/pc-direkthandel.de\/wordpress\/wp-json\/wp\/v2\/comments?post=1525"}],"wp:featuredmedia":[{"embeddable":true,"href":"http:\/\/pc-direkthandel.de\/wordpress\/wp-json\/wp\/v2\/media\/1526"}],"wp:attachment":[{"href":"http:\/\/pc-direkthandel.de\/wordpress\/wp-json\/wp\/v2\/media?parent=1525"}],"wp:term":[{"taxonomy":"product_cat","embeddable":true,"href":"http:\/\/pc-direkthandel.de\/wordpress\/wp-json\/wp\/v2\/product_cat?post=1525"},{"taxonomy":"product_tag","embeddable":true,"href":"http:\/\/pc-direkthandel.de\/wordpress\/wp-json\/wp\/v2\/product_tag?post=1525"}],"curies":[{"name":"wp","href":"https:\/\/api.w.org\/{rel}","templated":true}]}}