{"id":1518,"date":"2019-09-16T11:33:27","date_gmt":"2019-09-16T09:33:27","guid":{"rendered":"http:\/\/pc-direkthandel.de\/wordpress\/?post_type=product&#038;p=1518"},"modified":"2019-09-16T11:38:33","modified_gmt":"2019-09-16T09:38:33","slug":"xdream-gaming-pc-amd-ryzen-tr-1900x","status":"publish","type":"product","link":"http:\/\/pc-direkthandel.de\/wordpress\/product\/xdream-gaming-pc-amd-ryzen-tr-1900x\/","title":{"rendered":"XDream Gaming PC AMD Ryzen TR 1900X"},"content":{"rendered":"<p>Gut, besser &#8211; der Beste! Der XDREAM Gaming PC von Memory PC\u00ae macht keine Kompromisse, wenn es um Leistung geht.<\/p>\n<p>Mit dem Ultraschnellen 8-Kern Prozessor mit neuster AMD Technologie geh\u00f6ren lange Verarbeitungszeiten der Vergangenheit an.<\/p>\n<p>Die NVIDIA Geforce RTX 2080 Ti hat nicht nur unglaubliche 11GB Grafikkspeicher &#8211; sondern z\u00e4hlt zu dem Besten, was man an Grafik in ein System stecken kann.<\/p>\n<p>Die Samsung EVO 970 M.2 SSD l\u00e4sst das System zudem sehr schnell starten und auch die \u00fcbrigen Zugriffszeiten geh\u00f6ren zu dem Besten, was es aktuell gibt.<\/p>\n<p>Mit 4000GB Arbeitsspeicher haben Sie au\u00dferdem mehr als ausreichend Platz f\u00fcr ihre Aufgaben.<\/p>\n<p>Dieser Memory PC\u00ae hat au\u00dferdem Windows 10 Professional komplett vorinstalliert. Das bedeutet f\u00fcr Sie: Einschalten und gleich loslegen. Dabei verzichten wir komplett auf zus\u00e4tzliche Testversionen oder andere Werbesoftware. Sie erhalten einen sauber installierten Computer zum &#8222;Sofort-Los-Legen&#8220;.<\/p>\n<p>S\u00e4mtliche Systeme von Memory PC\u00ae werden von uns in Norddeutschland produziert. F\u00fcr unsere Systeme verwenden wir ausschlie\u00dflich hochwertige Komponenten von namenhaften Herstellern. Vor der Auslieferung durchl\u00e4uft jedes System einen aufwendigen Test, um die Lauff\u00e4higkeit des PC sicherzustellen.<\/p>\n<p>Bei uns erhalten Sie keinen Computer von der Stange &#8211; jedes System ist von Anfang bis Ende von unseren Mitarbeitern f\u00fcr Sie zusammengestellt und gefertigt.<\/p>\n","protected":false},"excerpt":{"rendered":"<p>Gut, besser &#8211; der Beste! Der XDREAM Gaming PC von Memory PC\u00ae macht keine Kompromisse, wenn es um Leistung geht. Mit dem Ultraschnellen 8-Kern Prozessor mit neuster AMD Technologie geh\u00f6ren lange Verarbeitungszeiten der Vergangenheit an. Die NVIDIA Geforce RTX 2080 Ti hat nicht nur unglaubliche 11GB Grafikkspeicher &#8211; sondern z\u00e4hlt zu dem Besten, was man [&hellip;]<\/p>\n","protected":false},"featured_media":1517,"comment_status":"open","ping_status":"closed","template":"","meta":{"_acf_changed":false},"product_cat":[138],"product_tag":[],"acf":[],"jetpack_sharing_enabled":true,"_links":{"self":[{"href":"http:\/\/pc-direkthandel.de\/wordpress\/wp-json\/wp\/v2\/product\/1518"}],"collection":[{"href":"http:\/\/pc-direkthandel.de\/wordpress\/wp-json\/wp\/v2\/product"}],"about":[{"href":"http:\/\/pc-direkthandel.de\/wordpress\/wp-json\/wp\/v2\/types\/product"}],"replies":[{"embeddable":true,"href":"http:\/\/pc-direkthandel.de\/wordpress\/wp-json\/wp\/v2\/comments?post=1518"}],"wp:featuredmedia":[{"embeddable":true,"href":"http:\/\/pc-direkthandel.de\/wordpress\/wp-json\/wp\/v2\/media\/1517"}],"wp:attachment":[{"href":"http:\/\/pc-direkthandel.de\/wordpress\/wp-json\/wp\/v2\/media?parent=1518"}],"wp:term":[{"taxonomy":"product_cat","embeddable":true,"href":"http:\/\/pc-direkthandel.de\/wordpress\/wp-json\/wp\/v2\/product_cat?post=1518"},{"taxonomy":"product_tag","embeddable":true,"href":"http:\/\/pc-direkthandel.de\/wordpress\/wp-json\/wp\/v2\/product_tag?post=1518"}],"curies":[{"name":"wp","href":"https:\/\/api.w.org\/{rel}","templated":true}]}}