{"id":1514,"date":"2019-09-16T11:21:04","date_gmt":"2019-09-16T09:21:04","guid":{"rendered":"http:\/\/pc-direkthandel.de\/wordpress\/?post_type=product&#038;p=1514"},"modified":"2019-09-16T11:24:43","modified_gmt":"2019-09-16T09:24:43","slug":"high-end-pc-amd-ryzen-9-3900x","status":"publish","type":"product","link":"http:\/\/pc-direkthandel.de\/wordpress\/product\/high-end-pc-amd-ryzen-9-3900x\/","title":{"rendered":"High-End PC AMD Ryzen 9 3900X"},"content":{"rendered":"<p>Dieser High End Computer vom Markenhersteller Memory PC\u00ae enth\u00e4lt eine\/einen AMD Ryzen 9 3900X Prozessor mit 12x 3.80 GHz.<\/p>\n<p>Die NVIDIA Geforce RTX 2080 Ti mit 11GB Grafikkspeicher sorgt f\u00fcr hohe Details und ruckelfreie Frameraten selbst bei den allerneuesten Games &#8211; und aufwendige Grafikanwendungen sind selbstverst\u00e4ndlich \u00fcberhaupt kein Problem.<\/p>\n<p>Egal ob Arbeit oder Gaming &#8211; dieses System nimmt diese H\u00fcrden spielend leicht.<\/p>\n<p>Die 480GB SSD sorgt nicht nur f\u00fcr ein sehr schnelles &#8222;Hochfahren&#8220; des Computers, sondern auch f\u00fcr ein generell schnelleres Arbeiten mit dem PC.<\/p>\n<p>Mit der 4000GB steht au\u00dferdem zus\u00e4tzlicher Speicherplatz zur Verf\u00fcgung.<\/p>\n<p>Mit dem DVD Multi Brenner lassen sich DVD nicht nur lesen, sondern zus\u00e4tzliche Daten mit 24facher Geschwindigkeit brennen.<\/p>\n<p>Dieser Memory PC\u00ae hat au\u00dferdem Windows 10 Professional komplett vorinstalliert. Das bedeutet f\u00fcr Sie: Einschalten und gleich loslegen. Dabei verzichten wir komplett auf zus\u00e4tzliche Testversionen oder andere Werbesoftware. Sie erhalten einen sauber installierten Computer zum &#8222;Sofort-Los-Legen&#8220;.<\/p>\n<p>S\u00e4mtliche Systeme von Memory PC\u00ae werden von uns in Norddeutschland produziert. F\u00fcr unsere Systeme verwenden wir ausschlie\u00dflich hochwertige Komponenten von namenhaften Herstellern. Vor der Auslieferung durchl\u00e4uft jedes System einen aufwendigen Test, um die Lauff\u00e4higkeit des PC sicherzustellen.<\/p>\n<p>Bei uns erhalten Sie keinen Computer von der Stange &#8211; jedes System ist von Anfang bis Ende von unseren Mitarbeitern f\u00fcr Sie zusammengestellt und gefertigt.<\/p>\n","protected":false},"excerpt":{"rendered":"<p>Dieser High End Computer vom Markenhersteller Memory PC\u00ae enth\u00e4lt eine\/einen AMD Ryzen 9 3900X Prozessor mit 12x 3.80 GHz. Die NVIDIA Geforce RTX 2080 Ti mit 11GB Grafikkspeicher sorgt f\u00fcr hohe Details und ruckelfreie Frameraten selbst bei den allerneuesten Games &#8211; und aufwendige Grafikanwendungen sind selbstverst\u00e4ndlich \u00fcberhaupt kein Problem. Egal ob Arbeit oder Gaming &#8211; [&hellip;]<\/p>\n","protected":false},"featured_media":1515,"comment_status":"open","ping_status":"closed","template":"","meta":{"_acf_changed":false},"product_cat":[138],"product_tag":[],"acf":[],"jetpack_sharing_enabled":true,"_links":{"self":[{"href":"http:\/\/pc-direkthandel.de\/wordpress\/wp-json\/wp\/v2\/product\/1514"}],"collection":[{"href":"http:\/\/pc-direkthandel.de\/wordpress\/wp-json\/wp\/v2\/product"}],"about":[{"href":"http:\/\/pc-direkthandel.de\/wordpress\/wp-json\/wp\/v2\/types\/product"}],"replies":[{"embeddable":true,"href":"http:\/\/pc-direkthandel.de\/wordpress\/wp-json\/wp\/v2\/comments?post=1514"}],"wp:featuredmedia":[{"embeddable":true,"href":"http:\/\/pc-direkthandel.de\/wordpress\/wp-json\/wp\/v2\/media\/1515"}],"wp:attachment":[{"href":"http:\/\/pc-direkthandel.de\/wordpress\/wp-json\/wp\/v2\/media?parent=1514"}],"wp:term":[{"taxonomy":"product_cat","embeddable":true,"href":"http:\/\/pc-direkthandel.de\/wordpress\/wp-json\/wp\/v2\/product_cat?post=1514"},{"taxonomy":"product_tag","embeddable":true,"href":"http:\/\/pc-direkthandel.de\/wordpress\/wp-json\/wp\/v2\/product_tag?post=1514"}],"curies":[{"name":"wp","href":"https:\/\/api.w.org\/{rel}","templated":true}]}}