{"id":1507,"date":"2019-09-16T10:45:35","date_gmt":"2019-09-16T08:45:35","guid":{"rendered":"http:\/\/pc-direkthandel.de\/wordpress\/?post_type=product&#038;p=1507"},"modified":"2019-09-16T10:52:15","modified_gmt":"2019-09-16T08:52:15","slug":"workstation-intel-i7-8700k","status":"publish","type":"product","link":"http:\/\/pc-direkthandel.de\/wordpress\/product\/workstation-intel-i7-8700k\/","title":{"rendered":"Workstation Intel i7-8700K"},"content":{"rendered":"<p>Unsere Workstation \u00fcberzeugt durch perfekt abgestimmte Markenkomponenten. Mit der GTX 1080 8GB ist man f\u00fcr alle aktuellen Spieletitel bestens gewappnet.<\/p>\n<p>Fl\u00fcsterleises System, egal ob Gaming, Bild-sowie Videobearbeitung oder Live-Streaming. Programme wie Adobe Lightroom oder Photoshop laufen hier blitzschnell &#8211; Mit der Hyperthreading Funktion des i7 Prozessors bietet diese Konfig noch schnellere Verarbeitungszeiten &#8211; Wir setzen keine Grenzen.<\/p>\n<p>Dieses Komplettsystem finden seinen Platz in dem hochwertigen Gaming Geh\u00e4use Fractal Design Focus G und bietet hervorragende K\u00fchlung mit edlem Design. Abgerundet wird das System durch den hochwertigen K\u00fchler Alpenf\u00f6hn Ben Nevis der auch bei Volllast zuverl\u00e4ssige K\u00fchlung garantiert.<\/p>\n<p>Wir installieren das Betriebssystem auf der blitzschnellen SSD und erm\u00f6glichen das hochfahren in k\u00fcrzester Zeit. Genug Speicherplatz f\u00fcr Ihre Lieblingsspiele &#8211; Wir verbauen zus\u00e4tzlich eine Datenfestplatte.<\/p>\n","protected":false},"excerpt":{"rendered":"<p>Unsere Workstation \u00fcberzeugt durch perfekt abgestimmte Markenkomponenten. Mit der GTX 1080 8GB ist man f\u00fcr alle aktuellen Spieletitel bestens gewappnet. Fl\u00fcsterleises System, egal ob Gaming, Bild-sowie Videobearbeitung oder Live-Streaming. Programme wie Adobe Lightroom oder Photoshop laufen hier blitzschnell &#8211; Mit der Hyperthreading Funktion des i7 Prozessors bietet diese Konfig noch schnellere Verarbeitungszeiten &#8211; Wir setzen [&hellip;]<\/p>\n","protected":false},"featured_media":1508,"comment_status":"open","ping_status":"closed","template":"","meta":{"_acf_changed":false},"product_cat":[138],"product_tag":[],"acf":[],"jetpack_sharing_enabled":true,"_links":{"self":[{"href":"http:\/\/pc-direkthandel.de\/wordpress\/wp-json\/wp\/v2\/product\/1507"}],"collection":[{"href":"http:\/\/pc-direkthandel.de\/wordpress\/wp-json\/wp\/v2\/product"}],"about":[{"href":"http:\/\/pc-direkthandel.de\/wordpress\/wp-json\/wp\/v2\/types\/product"}],"replies":[{"embeddable":true,"href":"http:\/\/pc-direkthandel.de\/wordpress\/wp-json\/wp\/v2\/comments?post=1507"}],"wp:featuredmedia":[{"embeddable":true,"href":"http:\/\/pc-direkthandel.de\/wordpress\/wp-json\/wp\/v2\/media\/1508"}],"wp:attachment":[{"href":"http:\/\/pc-direkthandel.de\/wordpress\/wp-json\/wp\/v2\/media?parent=1507"}],"wp:term":[{"taxonomy":"product_cat","embeddable":true,"href":"http:\/\/pc-direkthandel.de\/wordpress\/wp-json\/wp\/v2\/product_cat?post=1507"},{"taxonomy":"product_tag","embeddable":true,"href":"http:\/\/pc-direkthandel.de\/wordpress\/wp-json\/wp\/v2\/product_tag?post=1507"}],"curies":[{"name":"wp","href":"https:\/\/api.w.org\/{rel}","templated":true}]}}