{"id":1489,"date":"2019-09-15T21:29:57","date_gmt":"2019-09-15T19:29:57","guid":{"rendered":"http:\/\/pc-direkthandel.de\/wordpress\/?post_type=product&#038;p=1489"},"modified":"2019-09-16T14:53:11","modified_gmt":"2019-09-16T12:53:11","slug":"xdream-gaming-pc-intel-i9-9900k","status":"publish","type":"product","link":"http:\/\/pc-direkthandel.de\/wordpress\/product\/xdream-gaming-pc-intel-i9-9900k\/","title":{"rendered":"XDream Gaming PC Intel i9-9900K"},"content":{"rendered":"<p>Der will doch nur spielen! Denn der XDREAM Gaming PC von MEMORY:PC\u00ae ist genau daf\u00fcr gemacht. Das MSI Z390 Gaming Pro Carbon Mainboard arbeitet zusammen mit einem Intel Core i9 9900K mit 8x 3.60GHz und riesigem 32GB Arbeitsspeicher &#8211; das ist geballte Power!<\/p>\n<p>Mit der MSI Gaming X Trio Geforce RTX 2080 mit 8GB Grafikkspeicher wird auch in Zukunft in h\u00f6chsten Details und schnellsten Frame-Raten gespielt oder gearbeitet.<\/p>\n<p>Damit das System auch ulta-schnell startet, arbeitet als erste Festplatte eine 480GB SSD. F\u00fcr den gro\u00dfen Speicherplatz ist dann die 2000GB HDD zust\u00e4ndig.<\/p>\n<p>Dieser MEMORY:PC\u00ae hat au\u00dferdem Windows 10 Professional komplett vorinstalliert. Das bedeutet f\u00fcr Sie: Einschalten und gleich loslegen. Dabei verzichten wir komplett auf zus\u00e4tzliche Testversionen oder andere Werbesoftware. Sie erhalten einen sauber installierten Computer zum &#8222;Sofort-Los-Legen&#8220;.<\/p>\n<p>S\u00e4mtliche Systeme von MEMORY:PC\u00ae werden von uns in Norddeutschland produziert. F\u00fcr unsere Systeme verwenden wir ausschlie\u00dflich hochwertige Komponenten von namenhaften Herstellern. Vor der Auslieferung durchl\u00e4uft jedes System einen aufwendigen Test, um die Lauff\u00e4higkeit des PC sicherzustellen.<\/p>\n<p>Bei uns erhalten Sie keinen Computer von der Stange &#8211; jedes System ist von Anfang bis Ende von unseren Mitarbeitern f\u00fcr Sie zusammengestellt und gefertigt.<\/p>\n","protected":false},"excerpt":{"rendered":"<p>Der will doch nur spielen! Denn der XDREAM Gaming PC von MEMORY:PC\u00ae ist genau daf\u00fcr gemacht. Das MSI Z390 Gaming Pro Carbon Mainboard arbeitet zusammen mit einem Intel Core i9 9900K mit 8x 3.60GHz und riesigem 32GB Arbeitsspeicher &#8211; das ist geballte Power! Mit der MSI Gaming X Trio Geforce RTX 2080 mit 8GB Grafikkspeicher [&hellip;]<\/p>\n","protected":false},"featured_media":1490,"comment_status":"open","ping_status":"closed","template":"","meta":{"_acf_changed":false},"product_cat":[135,140],"product_tag":[],"acf":[],"jetpack_sharing_enabled":true,"_links":{"self":[{"href":"http:\/\/pc-direkthandel.de\/wordpress\/wp-json\/wp\/v2\/product\/1489"}],"collection":[{"href":"http:\/\/pc-direkthandel.de\/wordpress\/wp-json\/wp\/v2\/product"}],"about":[{"href":"http:\/\/pc-direkthandel.de\/wordpress\/wp-json\/wp\/v2\/types\/product"}],"replies":[{"embeddable":true,"href":"http:\/\/pc-direkthandel.de\/wordpress\/wp-json\/wp\/v2\/comments?post=1489"}],"wp:featuredmedia":[{"embeddable":true,"href":"http:\/\/pc-direkthandel.de\/wordpress\/wp-json\/wp\/v2\/media\/1490"}],"wp:attachment":[{"href":"http:\/\/pc-direkthandel.de\/wordpress\/wp-json\/wp\/v2\/media?parent=1489"}],"wp:term":[{"taxonomy":"product_cat","embeddable":true,"href":"http:\/\/pc-direkthandel.de\/wordpress\/wp-json\/wp\/v2\/product_cat?post=1489"},{"taxonomy":"product_tag","embeddable":true,"href":"http:\/\/pc-direkthandel.de\/wordpress\/wp-json\/wp\/v2\/product_tag?post=1489"}],"curies":[{"name":"wp","href":"https:\/\/api.w.org\/{rel}","templated":true}]}}