{"id":1477,"date":"2019-09-15T21:12:00","date_gmt":"2019-09-15T19:12:00","guid":{"rendered":"http:\/\/pc-direkthandel.de\/wordpress\/?post_type=product&#038;p=1477"},"modified":"2019-09-15T21:14:44","modified_gmt":"2019-09-15T19:14:44","slug":"gaming-pc-pba-intel-i7-9700","status":"publish","type":"product","link":"http:\/\/pc-direkthandel.de\/wordpress\/product\/gaming-pc-pba-intel-i7-9700\/","title":{"rendered":"Gaming PC PBA Intel i7-9700"},"content":{"rendered":"<p>Dieser Gamer PC versorgt Sie mit aktueller Technick und einer NVIDIA Grafikkarte der neusten Generation und l\u00e4sst keine W\u00fcnsche offen. Einfach einschalten und loslegen.<\/p>\n<p>Mit dem Intel\u00ae Core\u2122 i7-9700, starken 16GB Arbeitsspeicher, Microsoft\u00ae Windows\u00ae 10 Pro und Nvidia\u00ae GeForce\u00ae ASUS Turbo RTX 2070 8GB bietet dieser Memory:PC herausragende Leistung und brillante Darstellung auf h\u00f6chstem Niveau auch f\u00fcr die anspruchsvollsten Aufgaben und ist ein Muss f\u00fcr jeden PC-Gamer.<\/p>\n<p>S\u00e4mtliche Systeme von Memory:PC werden von uns in Norddeutschland produziert. F\u00fcr unsere Systeme verwenden wir ausschlie\u00dflich hochwertige Komponenten von namenhaften Herstellern. Vor der Auslieferung durchl\u00e4uft jedes System einen aufwendigen Test, um die Lauff\u00e4higkeit des PC sicherzustellen.<\/p>\n<p>Bei uns erhalten Sie keinen Computer von der Stange &#8211; jedes System ist von Anfang bis Ende von unseren Mitarbeitern f\u00fcr Sie zusammengestellt und gefertigt. <\/p>\n","protected":false},"excerpt":{"rendered":"<p>Dieser Gamer PC versorgt Sie mit aktueller Technick und einer NVIDIA Grafikkarte der neusten Generation und l\u00e4sst keine W\u00fcnsche offen. Einfach einschalten und loslegen. Mit dem Intel\u00ae Core\u2122 i7-9700, starken 16GB Arbeitsspeicher, Microsoft\u00ae Windows\u00ae 10 Pro und Nvidia\u00ae GeForce\u00ae ASUS Turbo RTX 2070 8GB bietet dieser Memory:PC herausragende Leistung und brillante Darstellung auf h\u00f6chstem Niveau [&hellip;]<\/p>\n","protected":false},"featured_media":1478,"comment_status":"open","ping_status":"closed","template":"","meta":{"_acf_changed":false},"product_cat":[134],"product_tag":[],"acf":[],"jetpack_sharing_enabled":true,"_links":{"self":[{"href":"http:\/\/pc-direkthandel.de\/wordpress\/wp-json\/wp\/v2\/product\/1477"}],"collection":[{"href":"http:\/\/pc-direkthandel.de\/wordpress\/wp-json\/wp\/v2\/product"}],"about":[{"href":"http:\/\/pc-direkthandel.de\/wordpress\/wp-json\/wp\/v2\/types\/product"}],"replies":[{"embeddable":true,"href":"http:\/\/pc-direkthandel.de\/wordpress\/wp-json\/wp\/v2\/comments?post=1477"}],"wp:featuredmedia":[{"embeddable":true,"href":"http:\/\/pc-direkthandel.de\/wordpress\/wp-json\/wp\/v2\/media\/1478"}],"wp:attachment":[{"href":"http:\/\/pc-direkthandel.de\/wordpress\/wp-json\/wp\/v2\/media?parent=1477"}],"wp:term":[{"taxonomy":"product_cat","embeddable":true,"href":"http:\/\/pc-direkthandel.de\/wordpress\/wp-json\/wp\/v2\/product_cat?post=1477"},{"taxonomy":"product_tag","embeddable":true,"href":"http:\/\/pc-direkthandel.de\/wordpress\/wp-json\/wp\/v2\/product_tag?post=1477"}],"curies":[{"name":"wp","href":"https:\/\/api.w.org\/{rel}","templated":true}]}}