{"id":1475,"date":"2019-09-15T21:09:07","date_gmt":"2019-09-15T19:09:07","guid":{"rendered":"http:\/\/pc-direkthandel.de\/wordpress\/?post_type=product&#038;p=1475"},"modified":"2019-09-16T11:55:39","modified_gmt":"2019-09-16T09:55:39","slug":"gaming-pc-pba-amd-ryzen-7-2700x","status":"publish","type":"product","link":"http:\/\/pc-direkthandel.de\/wordpress\/product\/gaming-pc-pba-amd-ryzen-7-2700x\/","title":{"rendered":"Gaming PC PBA AMD Ryzen 7 2700X"},"content":{"rendered":"<p>Dieser High-End Gaming Computer von Memory PC\u00ae enth\u00e4lt einen AMD Ryzen 7 2700X Prozessor, dessen 8x 3.70GHz auf einem ASUS Prime B350M-A Mainboard arbeiten.<\/p>\n<p>Der Arbeitsspeicher des PC Systems betr\u00e4gt 16GB und ist damit ausreichend gro\u00df, um t\u00e4glich schnell und reibungslos mit dem PC arbeiten zu k\u00f6nnen.<\/p>\n<p>Dank der ASUS Turbo RTX 2070 SUPER mit 8GB Grafikspeicher ist man nicht nur f\u00fcr aufwendige Grafikprogramme, sondern auch f\u00fcr alle aktuellen Spieletitel bestens gewappnet.<\/p>\n<p>Eine 240GB SSD l\u00e4sst den PC nicht nur ultra-schnell starten, sondern sorgt auch f\u00fcr ein generell schnelleres Arbeiten mit dem Computer. Das Speichern der gro\u00dfen Daten \u00fcbernimmt die zus\u00e4tzliche 1000GB Festplatte.<\/p>\n<p>Dieser Memory PC\u00ae hat au\u00dferdem Windows 10 Professional komplett vorinstalliert. Das bedeutet f\u00fcr Sie: Einschalten und gleich loslegen. Dabei verzichten wir komplett auf zus\u00e4tzliche Testversionen oder andere Werbesoftware. Sie erhalten einen sauber installierten Computer zum &#8222;Sofort-Los-Legen&#8220;.<\/p>\n<p>S\u00e4mtliche Systeme von Memory PC\u00ae werden von uns in Norddeutschland produziert. F\u00fcr unsere Systeme verwenden wir ausschlie\u00dflich hochwertige Komponenten von namenhaften Herstellern. Vor der Auslieferung durchl\u00e4uft jedes System einen aufwendigen Test, um die Lauff\u00e4higkeit des PC sicherzustellen.<\/p>\n<p>Bei uns erhalten Sie keinen Computer von der Stange &#8211; jedes System ist von Anfang bis Ende von unseren Mitarbeitern f\u00fcr Sie zusammengestellt und gefertigt.<\/p>\n<p>Nutzen Sie den Button &#8222;Konfigurieren &amp; Bestellen&#8220;, um das System nach ihren W\u00fcnschen anzupassen und zu bestellen.<\/p>\n","protected":false},"excerpt":{"rendered":"<p>Dieser High-End Gaming Computer von Memory PC\u00ae enth\u00e4lt einen AMD Ryzen 7 2700X Prozessor, dessen 8x 3.70GHz auf einem ASUS Prime B350M-A Mainboard arbeiten. Der Arbeitsspeicher des PC Systems betr\u00e4gt 16GB und ist damit ausreichend gro\u00df, um t\u00e4glich schnell und reibungslos mit dem PC arbeiten zu k\u00f6nnen. Dank der ASUS Turbo RTX 2070 SUPER mit [&hellip;]<\/p>\n","protected":false},"featured_media":1476,"comment_status":"open","ping_status":"closed","template":"","meta":{"_acf_changed":false},"product_cat":[139,134],"product_tag":[],"acf":[],"jetpack_sharing_enabled":true,"_links":{"self":[{"href":"http:\/\/pc-direkthandel.de\/wordpress\/wp-json\/wp\/v2\/product\/1475"}],"collection":[{"href":"http:\/\/pc-direkthandel.de\/wordpress\/wp-json\/wp\/v2\/product"}],"about":[{"href":"http:\/\/pc-direkthandel.de\/wordpress\/wp-json\/wp\/v2\/types\/product"}],"replies":[{"embeddable":true,"href":"http:\/\/pc-direkthandel.de\/wordpress\/wp-json\/wp\/v2\/comments?post=1475"}],"wp:featuredmedia":[{"embeddable":true,"href":"http:\/\/pc-direkthandel.de\/wordpress\/wp-json\/wp\/v2\/media\/1476"}],"wp:attachment":[{"href":"http:\/\/pc-direkthandel.de\/wordpress\/wp-json\/wp\/v2\/media?parent=1475"}],"wp:term":[{"taxonomy":"product_cat","embeddable":true,"href":"http:\/\/pc-direkthandel.de\/wordpress\/wp-json\/wp\/v2\/product_cat?post=1475"},{"taxonomy":"product_tag","embeddable":true,"href":"http:\/\/pc-direkthandel.de\/wordpress\/wp-json\/wp\/v2\/product_tag?post=1475"}],"curies":[{"name":"wp","href":"https:\/\/api.w.org\/{rel}","templated":true}]}}