{"id":1456,"date":"2019-09-15T20:44:22","date_gmt":"2019-09-15T18:44:22","guid":{"rendered":"http:\/\/pc-direkthandel.de\/wordpress\/?post_type=product&#038;p=1456"},"modified":"2019-09-15T20:46:36","modified_gmt":"2019-09-15T18:46:36","slug":"office-pc-intel-i7-8700k-4","status":"publish","type":"product","link":"http:\/\/pc-direkthandel.de\/wordpress\/product\/office-pc-intel-i7-8700k-4\/","title":{"rendered":"Office PC Intel i7-8700K"},"content":{"rendered":"<p>Der Memory PC mit voller SixCore Power versorgt Sie mit allen n\u00f6tigen Geschwindigkeiten, die Sie im B\u00fcro oder Zuhause ben\u00f6tigen.<\/p>\n<p>Die neue Intel Core i7-8700K CPU wird begleitet von 32GB DDR4 RAM, einer 500 GB SSD zum schnellen Speichern und Laden, einer 2000 GB Festplatte f\u00fcr ausreichend Speicherplatz, einem 24fach DVD Brenner sowie Windows 10 Pro &#8211; nat\u00fcrlich vorinstalliert, damit Sie sofort starten k\u00f6nnen.<\/p>\n<p>Die allerneuesten Anschl\u00fcsse wie SATA3 und USB3.0 aber auch Gigabit LAN lassen keine W\u00fcnsche offen. Dieser ist ein kompletter Allrounder mit allen F\u00e4higkeiten die Sie brauchen. Fordern Sie ihn ruhig!<\/p>\n<p>S\u00e4mtliche Systeme von Memory:PC werden von uns in Norddeutschland produziert. F\u00fcr unsere Systeme verwenden wir ausschlie\u00dflich hochwertige Komponenten von namenhaften Herstellern.<\/p>\n<p>Vor der Auslieferung durchl\u00e4uft jedes System einen aufwendigen Test, um die Lauff\u00e4higkeit des Systems sicherzustellen. Bei uns erhalten Sie keinen PC von der Stange &#8211; jedes System ist von Anfang bis Ende von unseren Mitarbeitern f\u00fcr Sie zusammengestellt und gefertigt.<\/p>\n","protected":false},"excerpt":{"rendered":"<p>Der Memory PC mit voller SixCore Power versorgt Sie mit allen n\u00f6tigen Geschwindigkeiten, die Sie im B\u00fcro oder Zuhause ben\u00f6tigen. Die neue Intel Core i7-8700K CPU wird begleitet von 32GB DDR4 RAM, einer 500 GB SSD zum schnellen Speichern und Laden, einer 2000 GB Festplatte f\u00fcr ausreichend Speicherplatz, einem 24fach DVD Brenner sowie Windows 10 [&hellip;]<\/p>\n","protected":false},"featured_media":1457,"comment_status":"open","ping_status":"closed","template":"","meta":{"_acf_changed":false},"product_cat":[131],"product_tag":[],"acf":[],"jetpack_sharing_enabled":true,"_links":{"self":[{"href":"http:\/\/pc-direkthandel.de\/wordpress\/wp-json\/wp\/v2\/product\/1456"}],"collection":[{"href":"http:\/\/pc-direkthandel.de\/wordpress\/wp-json\/wp\/v2\/product"}],"about":[{"href":"http:\/\/pc-direkthandel.de\/wordpress\/wp-json\/wp\/v2\/types\/product"}],"replies":[{"embeddable":true,"href":"http:\/\/pc-direkthandel.de\/wordpress\/wp-json\/wp\/v2\/comments?post=1456"}],"wp:featuredmedia":[{"embeddable":true,"href":"http:\/\/pc-direkthandel.de\/wordpress\/wp-json\/wp\/v2\/media\/1457"}],"wp:attachment":[{"href":"http:\/\/pc-direkthandel.de\/wordpress\/wp-json\/wp\/v2\/media?parent=1456"}],"wp:term":[{"taxonomy":"product_cat","embeddable":true,"href":"http:\/\/pc-direkthandel.de\/wordpress\/wp-json\/wp\/v2\/product_cat?post=1456"},{"taxonomy":"product_tag","embeddable":true,"href":"http:\/\/pc-direkthandel.de\/wordpress\/wp-json\/wp\/v2\/product_tag?post=1456"}],"curies":[{"name":"wp","href":"https:\/\/api.w.org\/{rel}","templated":true}]}}