{"id":1454,"date":"2019-09-15T20:40:51","date_gmt":"2019-09-15T18:40:51","guid":{"rendered":"http:\/\/pc-direkthandel.de\/wordpress\/?post_type=product&#038;p=1454"},"modified":"2019-09-15T20:44:03","modified_gmt":"2019-09-15T18:44:03","slug":"office-pc-intel-i9-9900k","status":"publish","type":"product","link":"http:\/\/pc-direkthandel.de\/wordpress\/product\/office-pc-intel-i9-9900k\/","title":{"rendered":"Office PC Intel i9-9900K"},"content":{"rendered":"<p>Dieser Memory:PC mit EightCore Power von Intel versorgt Sie mit allen n\u00f6tigen Geschwindigkeiten, die Sie im B\u00fcro oder Zuhause ben\u00f6tigen. Neben dem schnellen Prozessor, den 16 GB DDR4-RAM verf\u00fcgt dieses System noch \u00fcber zwei Festplatten (480 GB SSD plus 2000 GB S-ATA3), einem 24fach DVD Brenner, der internen Intel HD630 Grafikeinheit sowie das MSI Markenmainboard.<\/p>\n<p>Die allerneuesten Anschl\u00fcsse wie SATA3 und USB3.0 &#8211; aber auch Gigabit LAN &#8211; lassen keine W\u00fcnsche offen. Dieser ist ein kompletter Allrounder mit allen F\u00e4higkeiten die Sie brauchen. Fordern Sie ihn ruhig!<\/p>\n<p>S\u00e4mtliche Systeme von Memory:PC werden von uns in Norddeutschland produziert. F\u00fcr unsere Systeme verwenden wir ausschlie\u00dflich hochwertige Komponenten von namenhaften Herstellern.<\/p>\n<p>Vor der Auslieferung durchl\u00e4uft jedes System einen aufwendigen Test, um die Lauff\u00e4higkeit des Systems sicherzustellen. Bei uns erhalten Sie keinen PC von der Stange &#8211; jedes System ist von Anfang bis Ende von unseren Mitarbeitern f\u00fcr Sie zusammengestellt und gefertigt.<\/p>\n","protected":false},"excerpt":{"rendered":"<p>Dieser Memory:PC mit EightCore Power von Intel versorgt Sie mit allen n\u00f6tigen Geschwindigkeiten, die Sie im B\u00fcro oder Zuhause ben\u00f6tigen. Neben dem schnellen Prozessor, den 16 GB DDR4-RAM verf\u00fcgt dieses System noch \u00fcber zwei Festplatten (480 GB SSD plus 2000 GB S-ATA3), einem 24fach DVD Brenner, der internen Intel HD630 Grafikeinheit sowie das MSI Markenmainboard. [&hellip;]<\/p>\n","protected":false},"featured_media":1455,"comment_status":"open","ping_status":"closed","template":"","meta":{"_acf_changed":false},"product_cat":[131],"product_tag":[],"acf":[],"jetpack_sharing_enabled":true,"_links":{"self":[{"href":"http:\/\/pc-direkthandel.de\/wordpress\/wp-json\/wp\/v2\/product\/1454"}],"collection":[{"href":"http:\/\/pc-direkthandel.de\/wordpress\/wp-json\/wp\/v2\/product"}],"about":[{"href":"http:\/\/pc-direkthandel.de\/wordpress\/wp-json\/wp\/v2\/types\/product"}],"replies":[{"embeddable":true,"href":"http:\/\/pc-direkthandel.de\/wordpress\/wp-json\/wp\/v2\/comments?post=1454"}],"wp:featuredmedia":[{"embeddable":true,"href":"http:\/\/pc-direkthandel.de\/wordpress\/wp-json\/wp\/v2\/media\/1455"}],"wp:attachment":[{"href":"http:\/\/pc-direkthandel.de\/wordpress\/wp-json\/wp\/v2\/media?parent=1454"}],"wp:term":[{"taxonomy":"product_cat","embeddable":true,"href":"http:\/\/pc-direkthandel.de\/wordpress\/wp-json\/wp\/v2\/product_cat?post=1454"},{"taxonomy":"product_tag","embeddable":true,"href":"http:\/\/pc-direkthandel.de\/wordpress\/wp-json\/wp\/v2\/product_tag?post=1454"}],"curies":[{"name":"wp","href":"https:\/\/api.w.org\/{rel}","templated":true}]}}