{"id":1452,"date":"2019-09-15T20:37:58","date_gmt":"2019-09-15T18:37:58","guid":{"rendered":"http:\/\/pc-direkthandel.de\/wordpress\/?post_type=product&#038;p=1452"},"modified":"2019-09-15T20:40:29","modified_gmt":"2019-09-15T18:40:29","slug":"office-pc-intel-i7-7700k-2","status":"publish","type":"product","link":"http:\/\/pc-direkthandel.de\/wordpress\/product\/office-pc-intel-i7-7700k-2\/","title":{"rendered":"Office PC Intel i7-7700K"},"content":{"rendered":"<p>Dieser Memory:PC ist ein leistungsstarkes Multimedia Talent mit einem Intel Core i7-7700k Prozessor (4x 4, GHz), ultrastarken 32 GB DDR4 Arbeitsspeicher, einer 480GB SSD f\u00fcr extrem schnelles Laden und Speichern, einer 2000 GB S-ATA3 f\u00fcr ausreichend Speicherplatz und nat\u00fcrlich Windows 10 Pro &#8211; vorinstalliert zum &#8222;Sofort-Loslegen&#8220;.<\/p>\n<p>Abgerundet wird das System durch einen 24fach DVD Brenner und dem Gigabyte Markenmainboard.<\/p>\n<p>Mit diesem System k\u00f6nnen Sie nicht nur alle g\u00e4ngigen Home &amp; Office Anwendungen nutzen, sondern auch ohne Probleme Musik h\u00f6ren oder Videos streamen. Auch beim Spielen beliebter Games werden der onboard Grafik nicht zu schnell die Grenzen aufgezeigt.<\/p>\n<p>Die allerneuesten Anschl\u00fcsse wie SATA3 und USB3.0 aber auch Gigabit LAN lassen keine W\u00fcnsche offen. Dieser ist ein kompletter Allrounder mit allen F\u00e4higkeiten die Sie brauchen. Fordern Sie ihn ruhig! Dieses &#8222;K&#8220; Modell l\u00e4sst spielend einfach \u00fcbertakten, um noch h\u00f6here Taktraten zu erm\u00f6glichen.<\/p>\n<p>S\u00e4mtliche Systeme von Memory:PC werden von uns in Norddeutschland produziert. F\u00fcr unsere Systeme verwenden wir ausschlie\u00dflich hochwertige Komponenten von namenhaften Herstellern.<\/p>\n<p>Vor der Auslieferung durchl\u00e4uft jedes System einen aufwendigen Test, um die Lauff\u00e4higkeit des Systems sicherzustellen. Bei uns erhalten Sie keinen PC von der Stange &#8211; jedes System ist von Anfang bis Ende von unseren Mitarbeitern f\u00fcr Sie zusammengestellt und gefertigt.<\/p>\n","protected":false},"excerpt":{"rendered":"<p>Dieser Memory:PC ist ein leistungsstarkes Multimedia Talent mit einem Intel Core i7-7700k Prozessor (4x 4, GHz), ultrastarken 32 GB DDR4 Arbeitsspeicher, einer 480GB SSD f\u00fcr extrem schnelles Laden und Speichern, einer 2000 GB S-ATA3 f\u00fcr ausreichend Speicherplatz und nat\u00fcrlich Windows 10 Pro &#8211; vorinstalliert zum &#8222;Sofort-Loslegen&#8220;. Abgerundet wird das System durch einen 24fach DVD Brenner [&hellip;]<\/p>\n","protected":false},"featured_media":1453,"comment_status":"open","ping_status":"closed","template":"","meta":{"_acf_changed":false},"product_cat":[131],"product_tag":[],"acf":[],"jetpack_sharing_enabled":true,"_links":{"self":[{"href":"http:\/\/pc-direkthandel.de\/wordpress\/wp-json\/wp\/v2\/product\/1452"}],"collection":[{"href":"http:\/\/pc-direkthandel.de\/wordpress\/wp-json\/wp\/v2\/product"}],"about":[{"href":"http:\/\/pc-direkthandel.de\/wordpress\/wp-json\/wp\/v2\/types\/product"}],"replies":[{"embeddable":true,"href":"http:\/\/pc-direkthandel.de\/wordpress\/wp-json\/wp\/v2\/comments?post=1452"}],"wp:featuredmedia":[{"embeddable":true,"href":"http:\/\/pc-direkthandel.de\/wordpress\/wp-json\/wp\/v2\/media\/1453"}],"wp:attachment":[{"href":"http:\/\/pc-direkthandel.de\/wordpress\/wp-json\/wp\/v2\/media?parent=1452"}],"wp:term":[{"taxonomy":"product_cat","embeddable":true,"href":"http:\/\/pc-direkthandel.de\/wordpress\/wp-json\/wp\/v2\/product_cat?post=1452"},{"taxonomy":"product_tag","embeddable":true,"href":"http:\/\/pc-direkthandel.de\/wordpress\/wp-json\/wp\/v2\/product_tag?post=1452"}],"curies":[{"name":"wp","href":"https:\/\/api.w.org\/{rel}","templated":true}]}}