{"id":1440,"date":"2019-09-15T20:20:15","date_gmt":"2019-09-15T18:20:15","guid":{"rendered":"http:\/\/pc-direkthandel.de\/wordpress\/?post_type=product&#038;p=1440"},"modified":"2019-09-15T20:22:30","modified_gmt":"2019-09-15T18:22:30","slug":"office-pc-intel-i7-7700k","status":"publish","type":"product","link":"http:\/\/pc-direkthandel.de\/wordpress\/product\/office-pc-intel-i7-7700k\/","title":{"rendered":"Office PC Intel i7-7700K"},"content":{"rendered":"<p>Der Memory:PC mit voller Intel Core i7-7700K QuadCore Power (4x 4,2 GHz) l\u00e4sst sowohl im B\u00fcro als auch Zuhause keine W\u00fcnsche offen. Die CPU in dieses System wird zudem noch unterst\u00fctzt durch 16 GB DDR4 RAM, einem 24fach DVD Brenner, zwei Festplatten (240GB SSD plus 2000GB S-ATA3) sowie der Intel HD630 internen Grafikeinheit.<\/p>\n<p>Die allerneuesten Anschl\u00fcsse wie SATA3 und USB3.0 aber auch Gigabit LAN lassen keine W\u00fcnsche offen. Dieser ist ein kompletter Allrounder mit allen F\u00e4higkeiten die Sie brauchen. Fordern Sie ihn ruhig! Dieses &#8222;K&#8220; Modell l\u00e4sst ebenfalls spielend einfach \u00fcbertakten um noch h\u00f6here Taktraten zu erm\u00f6glichen.<\/p>\n<p>S\u00e4mtliche Systeme von Memory:PC werden von uns in Norddeutschland produziert. F\u00fcr unsere Systeme verwenden wir ausschlie\u00dflich hochwertige Komponenten von namenhaften Herstellern.<\/p>\n<p>Vor der Auslieferung durchl\u00e4uft jedes System einen aufwendigen Test, um die Lauff\u00e4higkeit des Systems sicherzustellen. Bei uns erhalten Sie keinen PC von der Stange &#8211; jedes System ist von Anfang bis Ende von unseren Mitarbeitern f\u00fcr Sie zusammengestellt und gefertigt.<\/p>\n","protected":false},"excerpt":{"rendered":"<p>Der Memory:PC mit voller Intel Core i7-7700K QuadCore Power (4x 4,2 GHz) l\u00e4sst sowohl im B\u00fcro als auch Zuhause keine W\u00fcnsche offen. Die CPU in dieses System wird zudem noch unterst\u00fctzt durch 16 GB DDR4 RAM, einem 24fach DVD Brenner, zwei Festplatten (240GB SSD plus 2000GB S-ATA3) sowie der Intel HD630 internen Grafikeinheit. Die allerneuesten [&hellip;]<\/p>\n","protected":false},"featured_media":1441,"comment_status":"open","ping_status":"closed","template":"","meta":{"_acf_changed":false},"product_cat":[131],"product_tag":[],"acf":[],"jetpack_sharing_enabled":true,"_links":{"self":[{"href":"http:\/\/pc-direkthandel.de\/wordpress\/wp-json\/wp\/v2\/product\/1440"}],"collection":[{"href":"http:\/\/pc-direkthandel.de\/wordpress\/wp-json\/wp\/v2\/product"}],"about":[{"href":"http:\/\/pc-direkthandel.de\/wordpress\/wp-json\/wp\/v2\/types\/product"}],"replies":[{"embeddable":true,"href":"http:\/\/pc-direkthandel.de\/wordpress\/wp-json\/wp\/v2\/comments?post=1440"}],"wp:featuredmedia":[{"embeddable":true,"href":"http:\/\/pc-direkthandel.de\/wordpress\/wp-json\/wp\/v2\/media\/1441"}],"wp:attachment":[{"href":"http:\/\/pc-direkthandel.de\/wordpress\/wp-json\/wp\/v2\/media?parent=1440"}],"wp:term":[{"taxonomy":"product_cat","embeddable":true,"href":"http:\/\/pc-direkthandel.de\/wordpress\/wp-json\/wp\/v2\/product_cat?post=1440"},{"taxonomy":"product_tag","embeddable":true,"href":"http:\/\/pc-direkthandel.de\/wordpress\/wp-json\/wp\/v2\/product_tag?post=1440"}],"curies":[{"name":"wp","href":"https:\/\/api.w.org\/{rel}","templated":true}]}}