{"id":1438,"date":"2019-09-15T20:17:02","date_gmt":"2019-09-15T18:17:02","guid":{"rendered":"http:\/\/pc-direkthandel.de\/wordpress\/?post_type=product&#038;p=1438"},"modified":"2019-09-15T20:20:00","modified_gmt":"2019-09-15T18:20:00","slug":"office-pc-intel-i7-7700","status":"publish","type":"product","link":"http:\/\/pc-direkthandel.de\/wordpress\/product\/office-pc-intel-i7-7700\/","title":{"rendered":"Office PC Intel i7-7700"},"content":{"rendered":"<p>Dieser Memory:PC ist ein leistungsstarkes Multimedia Talent mit einem Intel Core i7-7700 Prozessor (4x 3,6 GHz), 16 GB DDR4 RAM, Intel HD630 Grafikchip, 24fach DVD-Brenner sowie zwei Festplatten (240GB SSD + 2000 GB S-ATA3). Mit diesem System k\u00f6nnen Sie nicht nur alle g\u00e4ngigen Home &amp; office Anwendungen nutzen, sondern auch ohne Probeleme Musik h\u00f6ren oder Videos streamen. Auch beim Spielen beliebter Games werden der onboard Grafik nicht zu schnell die Grenzen aufgezeigt.<\/p>\n<p>Au\u00dferdem ist Windows 10 Pro bereits installiert, sodass Sie zu Hause sofort loslegen k\u00f6nnen.<\/p>\n<p>Der Memory PC mit voller QuadCore Power versorgt Sie mit allen n\u00f6tigen Geschwindigkeiten die Sie im B\u00fcro oder Zuhause ben\u00f6tigen. Die allerneuesten Anschl\u00fcsse wie SATA3 und USB3.0 aber auch Gigabit LAN lassen keine W\u00fcnsche offen. Dieser ist ein kompletter Allrounder mit allen F\u00e4higkeiten die Sie brauchen. Fordern Sie ihn ruhig!<\/p>\n<p>S\u00e4mtliche Systeme von Memory:PC werden von uns in Norddeutschland produziert. F\u00fcr unsere Systeme verwenden wir ausschlie\u00dflich hochwertige Komponenten von namenhaften Herstellern.<\/p>\n<p>Vor der Auslieferung durchl\u00e4uft jedes System einen aufwendigen Test, um die Lauff\u00e4higkeit des Systems sicherzustellen.<\/p>\n<p>Bei uns erhalten Sie keinen PC von der Stange &#8211; jedes System ist von Anfang bis Ende von unseren Mitarbeitern f\u00fcr Sie zusammengestellt und gefertigt.<\/p>\n","protected":false},"excerpt":{"rendered":"<p>Dieser Memory:PC ist ein leistungsstarkes Multimedia Talent mit einem Intel Core i7-7700 Prozessor (4x 3,6 GHz), 16 GB DDR4 RAM, Intel HD630 Grafikchip, 24fach DVD-Brenner sowie zwei Festplatten (240GB SSD + 2000 GB S-ATA3). Mit diesem System k\u00f6nnen Sie nicht nur alle g\u00e4ngigen Home &amp; office Anwendungen nutzen, sondern auch ohne Probeleme Musik h\u00f6ren oder [&hellip;]<\/p>\n","protected":false},"featured_media":1439,"comment_status":"open","ping_status":"closed","template":"","meta":{"_acf_changed":false},"product_cat":[131],"product_tag":[],"acf":[],"jetpack_sharing_enabled":true,"_links":{"self":[{"href":"http:\/\/pc-direkthandel.de\/wordpress\/wp-json\/wp\/v2\/product\/1438"}],"collection":[{"href":"http:\/\/pc-direkthandel.de\/wordpress\/wp-json\/wp\/v2\/product"}],"about":[{"href":"http:\/\/pc-direkthandel.de\/wordpress\/wp-json\/wp\/v2\/types\/product"}],"replies":[{"embeddable":true,"href":"http:\/\/pc-direkthandel.de\/wordpress\/wp-json\/wp\/v2\/comments?post=1438"}],"wp:featuredmedia":[{"embeddable":true,"href":"http:\/\/pc-direkthandel.de\/wordpress\/wp-json\/wp\/v2\/media\/1439"}],"wp:attachment":[{"href":"http:\/\/pc-direkthandel.de\/wordpress\/wp-json\/wp\/v2\/media?parent=1438"}],"wp:term":[{"taxonomy":"product_cat","embeddable":true,"href":"http:\/\/pc-direkthandel.de\/wordpress\/wp-json\/wp\/v2\/product_cat?post=1438"},{"taxonomy":"product_tag","embeddable":true,"href":"http:\/\/pc-direkthandel.de\/wordpress\/wp-json\/wp\/v2\/product_tag?post=1438"}],"curies":[{"name":"wp","href":"https:\/\/api.w.org\/{rel}","templated":true}]}}