{"id":1420,"date":"2019-09-14T18:59:08","date_gmt":"2019-09-14T16:59:08","guid":{"rendered":"http:\/\/pc-direkthandel.de\/wordpress\/?post_type=product&#038;p=1420"},"modified":"2019-09-14T19:05:12","modified_gmt":"2019-09-14T17:05:12","slug":"office-pc-intel-i7-9700","status":"publish","type":"product","link":"http:\/\/pc-direkthandel.de\/wordpress\/product\/office-pc-intel-i7-9700\/","title":{"rendered":"Office PC Intel i7-9700"},"content":{"rendered":"<p>Qualit\u00e4t von Memory PC besticht durch seine geniale Produktauswahl die immer wieder \u00fcberzeugt und diverse Qualit\u00e4tstests gewinnt. Das Zusammenspiel der Komponenten wird immer laufend in unserer Fachwerkstatt gepr\u00fcft und dokumentiert. Die Zufriedenheit unserer Kunden ist unsere Maxime und unser Anspruch dem wir uns immer wieder stellen. Wir lassen unsere Kunden vor allem nach dem Kauf nicht im Regen stehen und sind immer f\u00fcr Sie da. Testen Sie uns! Einschalten und sofort mit allem loslegen!!!<\/p>\n<p>Der Memory PC mit voller SixCore Power versorgt Sie mit allen n\u00f6tigen Geschwindigkeiten die Sie im B\u00fcro oder Zuhause ben\u00f6tigen. Die allerneuesten Anschl\u00fcsse wie SATA3 und USB3.0 aber auch Gigabit LAN lassen keine W\u00fcnsche offen. Dieser ist ein kompletter Allrounder mit allen F\u00e4higkeiten die Sie brauchen. Fordern Sie ihn ruhig!<\/p>\n","protected":false},"excerpt":{"rendered":"<p>Qualit\u00e4t von Memory PC besticht durch seine geniale Produktauswahl die immer wieder \u00fcberzeugt und diverse Qualit\u00e4tstests gewinnt. Das Zusammenspiel der Komponenten wird immer laufend in unserer Fachwerkstatt gepr\u00fcft und dokumentiert. Die Zufriedenheit unserer Kunden ist unsere Maxime und unser Anspruch dem wir uns immer wieder stellen. Wir lassen unsere Kunden vor allem nach dem Kauf [&hellip;]<\/p>\n","protected":false},"featured_media":1421,"comment_status":"open","ping_status":"closed","template":"","meta":{"_acf_changed":false},"product_cat":[129],"product_tag":[],"acf":[],"jetpack_sharing_enabled":true,"_links":{"self":[{"href":"http:\/\/pc-direkthandel.de\/wordpress\/wp-json\/wp\/v2\/product\/1420"}],"collection":[{"href":"http:\/\/pc-direkthandel.de\/wordpress\/wp-json\/wp\/v2\/product"}],"about":[{"href":"http:\/\/pc-direkthandel.de\/wordpress\/wp-json\/wp\/v2\/types\/product"}],"replies":[{"embeddable":true,"href":"http:\/\/pc-direkthandel.de\/wordpress\/wp-json\/wp\/v2\/comments?post=1420"}],"wp:featuredmedia":[{"embeddable":true,"href":"http:\/\/pc-direkthandel.de\/wordpress\/wp-json\/wp\/v2\/media\/1421"}],"wp:attachment":[{"href":"http:\/\/pc-direkthandel.de\/wordpress\/wp-json\/wp\/v2\/media?parent=1420"}],"wp:term":[{"taxonomy":"product_cat","embeddable":true,"href":"http:\/\/pc-direkthandel.de\/wordpress\/wp-json\/wp\/v2\/product_cat?post=1420"},{"taxonomy":"product_tag","embeddable":true,"href":"http:\/\/pc-direkthandel.de\/wordpress\/wp-json\/wp\/v2\/product_tag?post=1420"}],"curies":[{"name":"wp","href":"https:\/\/api.w.org\/{rel}","templated":true}]}}