{"id":1414,"date":"2019-09-14T18:51:24","date_gmt":"2019-09-14T16:51:24","guid":{"rendered":"http:\/\/pc-direkthandel.de\/wordpress\/?post_type=product&#038;p=1414"},"modified":"2019-09-14T18:53:46","modified_gmt":"2019-09-14T16:53:46","slug":"office-pc-intel-i5-8400-3","status":"publish","type":"product","link":"http:\/\/pc-direkthandel.de\/wordpress\/product\/office-pc-intel-i5-8400-3\/","title":{"rendered":"Office PC Intel i5-8400"},"content":{"rendered":"<p>Unser Memory PC i5-8400 \u00fcberzeugt durch perfekt abgestimmte Markenkomponenten. Der ultraschnelle 6-Kern Prozessor von Intel &#8211; der Core i5-8400 kann m\u00fchelos selbst die anspruchsvollsten Programme und sogar Bild- und Videobearbeitung ohne Kompromisse ausgef\u00fchren.<\/p>\n<p>Unterst\u00fctzt wird der Prozessor dabei von 8 GB DDR4 RAM, sowie den beiden Festplatten (128 GB SSD plus 1000 GB S-ATA3).<\/p>\n<p>Die Intel HD630 freut sich zudem auf das eine oder andere Spielchen.<\/p>\n<p>Selbstverst\u00e4ndlich ist bei diesem System Windows 10 Pro bereits installiert, sodass Sie zu Hause gleich starten k\u00f6nnen.<\/p>\n<p>S\u00e4mtliche Systeme von Memory:PC werden von uns in Norddeutschland produziert. F\u00fcr unsere Systeme verwenden wir ausschlie\u00dflich hochwertige Komponenten von namenhaften Herstellern.<\/p>\n<p>Vor der Auslieferung durchl\u00e4uft jedes System einen aufwendigen Test, um die Lauff\u00e4higkeit des Systems sicherzustellen.<\/p>\n<p>Bei uns erhalten Sie keinen PC von der Stange &#8211; jedes System ist von Anfang bis Ende von unseren Mitarbeitern f\u00fcr Sie zusammengestellt und gefertigt.<\/p>\n","protected":false},"excerpt":{"rendered":"<p>Unser Memory PC i5-8400 \u00fcberzeugt durch perfekt abgestimmte Markenkomponenten. Der ultraschnelle 6-Kern Prozessor von Intel &#8211; der Core i5-8400 kann m\u00fchelos selbst die anspruchsvollsten Programme und sogar Bild- und Videobearbeitung ohne Kompromisse ausgef\u00fchren. Unterst\u00fctzt wird der Prozessor dabei von 8 GB DDR4 RAM, sowie den beiden Festplatten (128 GB SSD plus 1000 GB S-ATA3). Die [&hellip;]<\/p>\n","protected":false},"featured_media":1415,"comment_status":"open","ping_status":"closed","template":"","meta":{"_acf_changed":false},"product_cat":[129],"product_tag":[],"acf":[],"jetpack_sharing_enabled":true,"_links":{"self":[{"href":"http:\/\/pc-direkthandel.de\/wordpress\/wp-json\/wp\/v2\/product\/1414"}],"collection":[{"href":"http:\/\/pc-direkthandel.de\/wordpress\/wp-json\/wp\/v2\/product"}],"about":[{"href":"http:\/\/pc-direkthandel.de\/wordpress\/wp-json\/wp\/v2\/types\/product"}],"replies":[{"embeddable":true,"href":"http:\/\/pc-direkthandel.de\/wordpress\/wp-json\/wp\/v2\/comments?post=1414"}],"wp:featuredmedia":[{"embeddable":true,"href":"http:\/\/pc-direkthandel.de\/wordpress\/wp-json\/wp\/v2\/media\/1415"}],"wp:attachment":[{"href":"http:\/\/pc-direkthandel.de\/wordpress\/wp-json\/wp\/v2\/media?parent=1414"}],"wp:term":[{"taxonomy":"product_cat","embeddable":true,"href":"http:\/\/pc-direkthandel.de\/wordpress\/wp-json\/wp\/v2\/product_cat?post=1414"},{"taxonomy":"product_tag","embeddable":true,"href":"http:\/\/pc-direkthandel.de\/wordpress\/wp-json\/wp\/v2\/product_tag?post=1414"}],"curies":[{"name":"wp","href":"https:\/\/api.w.org\/{rel}","templated":true}]}}