{"id":1408,"date":"2019-09-14T18:34:35","date_gmt":"2019-09-14T16:34:35","guid":{"rendered":"http:\/\/pc-direkthandel.de\/wordpress\/?post_type=product&#038;p=1408"},"modified":"2019-09-14T18:37:10","modified_gmt":"2019-09-14T16:37:10","slug":"office-pc-intel-i5-8500-2","status":"publish","type":"product","link":"http:\/\/pc-direkthandel.de\/wordpress\/product\/office-pc-intel-i5-8500-2\/","title":{"rendered":"Office PC Intel i5-8500"},"content":{"rendered":"<p>Dieser Memory:PC ist ein leistungsstarkes Multimedia-Talent mit einem Intel Core i5-8500 Prozessor (6x 3.0 GHz), 8 GB DDR4 RAM und einer Intel HD 630 Grafikeinheit. Mit diesem System k\u00f6nnen Sie nicht nur alle g\u00e4ngigen Home &amp; office Anwendungen nutzen, sondern auch ohne Probeleme Musik h\u00f6ren oder Videos streamen. Auch beim Spielen beliebter Games werden der onboard Grafik nicht zu schnell die Grenzen aufgezeigt.<\/p>\n<p>S\u00e4mtliche Systeme von Memory:PC werden von uns in Norddeutschland produziert. F\u00fcr unsere Systeme verwenden wir ausschlie\u00dflich hochwertige Komponenten von namenhaften Herstellern.<\/p>\n<p>Vor der Auslieferung durchl\u00e4uft jedes System einen aufwendigen Test, um die Lauff\u00e4higkeit des PC sicherzustellen.<\/p>\n<p>Bei uns erhalten Sie keinen Computer von der Stange &#8211; jedes System ist von Anfang bis Ende von unseren Mitarbeitern f\u00fcr Sie zusammengestellt und gefertigt.<\/p>\n<p>Zusammenfassung:<br \/>\nMiditower Black-Art Designcase mit FrontUSB 3.0 &amp; &#8211; Audio und Cardreader, 500 Watt Super Silent Netzteil mit 120mm L\u00fcfter sehr leise und 82% Effizienz, ASUS H310M-A, Intel Core i5 8500 (6x 3.0 GHz), Intel zertifizierter Silent L\u00fcfter, 8 GB DDR4-RAM, Intel UHD 630, 120 GB SSD Solid State Disk, 1000GB Festplatte, DVD\/CD RW Brenner Laufwerk, Windows 10 Pro 64bit vorinstalliert.<\/p>\n","protected":false},"excerpt":{"rendered":"<p>Dieser Memory:PC ist ein leistungsstarkes Multimedia-Talent mit einem Intel Core i5-8500 Prozessor (6x 3.0 GHz), 8 GB DDR4 RAM und einer Intel HD 630 Grafikeinheit. Mit diesem System k\u00f6nnen Sie nicht nur alle g\u00e4ngigen Home &amp; office Anwendungen nutzen, sondern auch ohne Probeleme Musik h\u00f6ren oder Videos streamen. Auch beim Spielen beliebter Games werden der [&hellip;]<\/p>\n","protected":false},"featured_media":1409,"comment_status":"open","ping_status":"closed","template":"","meta":{"_acf_changed":false},"product_cat":[129],"product_tag":[],"acf":[],"jetpack_sharing_enabled":true,"_links":{"self":[{"href":"http:\/\/pc-direkthandel.de\/wordpress\/wp-json\/wp\/v2\/product\/1408"}],"collection":[{"href":"http:\/\/pc-direkthandel.de\/wordpress\/wp-json\/wp\/v2\/product"}],"about":[{"href":"http:\/\/pc-direkthandel.de\/wordpress\/wp-json\/wp\/v2\/types\/product"}],"replies":[{"embeddable":true,"href":"http:\/\/pc-direkthandel.de\/wordpress\/wp-json\/wp\/v2\/comments?post=1408"}],"wp:featuredmedia":[{"embeddable":true,"href":"http:\/\/pc-direkthandel.de\/wordpress\/wp-json\/wp\/v2\/media\/1409"}],"wp:attachment":[{"href":"http:\/\/pc-direkthandel.de\/wordpress\/wp-json\/wp\/v2\/media?parent=1408"}],"wp:term":[{"taxonomy":"product_cat","embeddable":true,"href":"http:\/\/pc-direkthandel.de\/wordpress\/wp-json\/wp\/v2\/product_cat?post=1408"},{"taxonomy":"product_tag","embeddable":true,"href":"http:\/\/pc-direkthandel.de\/wordpress\/wp-json\/wp\/v2\/product_tag?post=1408"}],"curies":[{"name":"wp","href":"https:\/\/api.w.org\/{rel}","templated":true}]}}