{"id":1393,"date":"2019-09-14T16:54:35","date_gmt":"2019-09-14T14:54:35","guid":{"rendered":"http:\/\/pc-direkthandel.de\/wordpress\/?post_type=product&#038;p=1393"},"modified":"2019-09-14T17:01:39","modified_gmt":"2019-09-14T15:01:39","slug":"office-pc-intel-i5-8400","status":"publish","type":"product","link":"http:\/\/pc-direkthandel.de\/wordpress\/product\/office-pc-intel-i5-8400\/","title":{"rendered":"Office PC Intel i5-8400"},"content":{"rendered":"<p>Unser Memory PC i5-8400 \u00fcberzeugt durch perfekt abgestimmte Markenkomponenten. Der ultraschnelle 6-Kern Prozessor von Intel &#8211; der Core i5-8400 kann m\u00fchelos selbst die anspruchsvollsten Programme und sogar Bild- und Videobearbeitung ohne Kompromisse ausgef\u00fchren.<\/p>\n<p>Unterst\u00fctzt wird der Prozessor dabei von 8 GB DDR4 RAM, sowie den beiden Festplatten (128 GB SSD plus 1000 GB S-ATA3).<\/p>\n<p>Die Intel HD630 freut sich zudem auf das eine oder andere Spielchen.<\/p>\n<p>S\u00e4mtliche Systeme von Memory:PC werden von uns in Norddeutschland produziert. F\u00fcr unsere Systeme verwenden wir ausschlie\u00dflich hochwertige Komponenten von namenhaften Herstellern.<\/p>\n<p>Vor der Auslieferung durchl\u00e4uft jedes System einen aufwendigen Test, um die Lauff\u00e4higkeit des Systems sicherzustellen.<\/p>\n<p>Bei uns erhalten Sie keinen PC von der Stange &#8211; jedes System ist von Anfang bis Ende von unseren Mitarbeitern f\u00fcr Sie zusammengestellt und gefertigt.<\/p>\n","protected":false},"excerpt":{"rendered":"<p>Unser Memory PC i5-8400 \u00fcberzeugt durch perfekt abgestimmte Markenkomponenten. Der ultraschnelle 6-Kern Prozessor von Intel &#8211; der Core i5-8400 kann m\u00fchelos selbst die anspruchsvollsten Programme und sogar Bild- und Videobearbeitung ohne Kompromisse ausgef\u00fchren. Unterst\u00fctzt wird der Prozessor dabei von 8 GB DDR4 RAM, sowie den beiden Festplatten (128 GB SSD plus 1000 GB S-ATA3). Die [&hellip;]<\/p>\n","protected":false},"featured_media":1394,"comment_status":"open","ping_status":"closed","template":"","meta":{"_acf_changed":false},"product_cat":[129],"product_tag":[],"acf":[],"jetpack_sharing_enabled":true,"_links":{"self":[{"href":"http:\/\/pc-direkthandel.de\/wordpress\/wp-json\/wp\/v2\/product\/1393"}],"collection":[{"href":"http:\/\/pc-direkthandel.de\/wordpress\/wp-json\/wp\/v2\/product"}],"about":[{"href":"http:\/\/pc-direkthandel.de\/wordpress\/wp-json\/wp\/v2\/types\/product"}],"replies":[{"embeddable":true,"href":"http:\/\/pc-direkthandel.de\/wordpress\/wp-json\/wp\/v2\/comments?post=1393"}],"wp:featuredmedia":[{"embeddable":true,"href":"http:\/\/pc-direkthandel.de\/wordpress\/wp-json\/wp\/v2\/media\/1394"}],"wp:attachment":[{"href":"http:\/\/pc-direkthandel.de\/wordpress\/wp-json\/wp\/v2\/media?parent=1393"}],"wp:term":[{"taxonomy":"product_cat","embeddable":true,"href":"http:\/\/pc-direkthandel.de\/wordpress\/wp-json\/wp\/v2\/product_cat?post=1393"},{"taxonomy":"product_tag","embeddable":true,"href":"http:\/\/pc-direkthandel.de\/wordpress\/wp-json\/wp\/v2\/product_tag?post=1393"}],"curies":[{"name":"wp","href":"https:\/\/api.w.org\/{rel}","templated":true}]}}