{"id":1369,"date":"2019-09-14T15:43:06","date_gmt":"2019-09-14T13:43:06","guid":{"rendered":"http:\/\/pc-direkthandel.de\/wordpress\/?post_type=product&#038;p=1369"},"modified":"2019-09-14T15:48:37","modified_gmt":"2019-09-14T13:48:37","slug":"office-pc-ryzen-3-2200g-4","status":"publish","type":"product","link":"http:\/\/pc-direkthandel.de\/wordpress\/product\/office-pc-ryzen-3-2200g-4\/","title":{"rendered":"Office PC Ryzen 3 2200G"},"content":{"rendered":"<p>Unser be quiet! Budget Gaming-PC \u00fcberzeugt durch perfekt abgestimmte Markenkomponenten. Mit dem Ultra schnellen 4-Kern Prozessor AMD Ryzen 3 2200G k\u00f6nnen m\u00fchelos selbst die anspruchsvollsten Programme und Spiele ohne Kompromisse ausgef\u00fchrt werden.<\/p>\n<p>Die brandneue AMD Ryzen 3 2200G CPU verf\u00fcgt au\u00dferdem \u00fcber eine integrierte AMD Vega 8 Grafik die in aktuellen Benchmarks deutlich st\u00e4rkere Leistung zeigte als \u00fcbliche Einsteiger Grafikkarten. Dieser PC eignet sich daher selbst ohne Grafikkarte bestens f\u00fcr aktuelle Titel wie Overwatch, League of Legends oder Spiele mit \u00e4hnlichen Anforderungen.<\/p>\n<p>Fl\u00fcsterleises System, egal ob Gaming, Bild-sowie Videobearbeitung oder Live-Streaming. Programme wie Adobe Lightroom oder Photoshop laufen hier blitzschnell.<\/p>\n<p>S\u00e4mtliche Systeme von Memory:PC werden von uns in Norddeutschland produziert. F\u00fcr unsere Systeme verwenden wir ausschlie\u00dflich hochwertige Komponenten von namenhaften Herstellern. Vor der Auslieferung durchl\u00e4uft jedes System einen aufwendigen Test, um die Lauff\u00e4higkeit des PC sicherzustellen.<\/p>\n<p>Bei uns erhalten Sie keinen Computer von der Stange &#8211; jedes System ist von Anfang bis Ende von unseren Mitarbeitern f\u00fcr Sie zusammengestellt und gefertigt.<\/p>\n","protected":false},"excerpt":{"rendered":"<p>Unser be quiet! Budget Gaming-PC \u00fcberzeugt durch perfekt abgestimmte Markenkomponenten. Mit dem Ultra schnellen 4-Kern Prozessor AMD Ryzen 3 2200G k\u00f6nnen m\u00fchelos selbst die anspruchsvollsten Programme und Spiele ohne Kompromisse ausgef\u00fchrt werden. Die brandneue AMD Ryzen 3 2200G CPU verf\u00fcgt au\u00dferdem \u00fcber eine integrierte AMD Vega 8 Grafik die in aktuellen Benchmarks deutlich st\u00e4rkere Leistung [&hellip;]<\/p>\n","protected":false},"featured_media":1370,"comment_status":"open","ping_status":"closed","template":"","meta":{"_acf_changed":false},"product_cat":[129],"product_tag":[],"acf":[],"jetpack_sharing_enabled":true,"_links":{"self":[{"href":"http:\/\/pc-direkthandel.de\/wordpress\/wp-json\/wp\/v2\/product\/1369"}],"collection":[{"href":"http:\/\/pc-direkthandel.de\/wordpress\/wp-json\/wp\/v2\/product"}],"about":[{"href":"http:\/\/pc-direkthandel.de\/wordpress\/wp-json\/wp\/v2\/types\/product"}],"replies":[{"embeddable":true,"href":"http:\/\/pc-direkthandel.de\/wordpress\/wp-json\/wp\/v2\/comments?post=1369"}],"wp:featuredmedia":[{"embeddable":true,"href":"http:\/\/pc-direkthandel.de\/wordpress\/wp-json\/wp\/v2\/media\/1370"}],"wp:attachment":[{"href":"http:\/\/pc-direkthandel.de\/wordpress\/wp-json\/wp\/v2\/media?parent=1369"}],"wp:term":[{"taxonomy":"product_cat","embeddable":true,"href":"http:\/\/pc-direkthandel.de\/wordpress\/wp-json\/wp\/v2\/product_cat?post=1369"},{"taxonomy":"product_tag","embeddable":true,"href":"http:\/\/pc-direkthandel.de\/wordpress\/wp-json\/wp\/v2\/product_tag?post=1369"}],"curies":[{"name":"wp","href":"https:\/\/api.w.org\/{rel}","templated":true}]}}