{"id":1349,"date":"2019-09-14T13:42:56","date_gmt":"2019-09-14T11:42:56","guid":{"rendered":"http:\/\/pc-direkthandel.de\/wordpress\/?post_type=product&#038;p=1349"},"modified":"2019-09-14T16:25:23","modified_gmt":"2019-09-14T14:25:23","slug":"office-komplett-pc-a6-9500","status":"publish","type":"product","link":"http:\/\/pc-direkthandel.de\/wordpress\/product\/office-komplett-pc-a6-9500\/","title":{"rendered":"Office Komplett PC A6-9500"},"content":{"rendered":"<p>Dieses Memory:PC Komplett System ist ein leistungsstarkes Multimedia Talent mit einem AMD A6-9500 Prozessor mit einer 2x 3,5 GHz Taktung, schnellem 8 GB DDR4 Speicher, einem 24fach Mult-DVD Brenner, sowie einer einer 1000GB Festplatte. Abgerundet wird das Komplettsystem mit einem Monitor und einem Maus-\/Tastatur-Set.<\/p>\n<p>Mit diesem System k\u00f6nnen Sie nicht nur alle g\u00e4ngigen Home &amp; office Anwendungen nutzen, sondern auch ohne Probeleme Musik h\u00f6ren oder Videos streamen. Auch beim Spielen beliebter Games werden der onboard Grafik AMD RAdeon R7 nicht zu schnell die Grenzen aufgezeigt.<\/p>\n<p>Der Memory PC mit voller QuadCore Power versorgt Sie mit allen n\u00f6tigen Geschwindigkeiten die Sie im B\u00fcro oder Zuhause ben\u00f6tigen. Die allerneuesten Anschl\u00fcsse wie SATA3 und USB3.0 aber auch Gigabit LAN lassen keine W\u00fcnsche offen.<\/p>\n<p>Selbstverst\u00e4ndlich ist Windows 10 Pro installiert, sodass Sie sofort loslegen k\u00f6nnen.<\/p>\n<p>S\u00e4mtliche Systeme von Memory:PC werden von uns in Norddeutschland produziert. F\u00fcr unsere Systeme verwenden wir ausschlie\u00dflich hochwertige Komponenten von namenhaften Herstellern.<\/p>\n<p>Vor der Auslieferung durchl\u00e4uft jedes System einen aufwendigen Test, um die Lauff\u00e4higkeit des Systems sicherzustellen.<\/p>\n<p>Bei uns erhalten Sie keinen PC von der Stange &#8211; jedes System ist von Anfang bis Ende von unseren Mitarbeitern f\u00fcr Sie zusammengestellt und gefertigt.<\/p>\n","protected":false},"excerpt":{"rendered":"<p>Dieses Memory:PC Komplett System ist ein leistungsstarkes Multimedia Talent mit einem AMD A6-9500 Prozessor mit einer 2x 3,5 GHz Taktung, schnellem 8 GB DDR4 Speicher, einem 24fach Mult-DVD Brenner, sowie einer einer 1000GB Festplatte. Abgerundet wird das Komplettsystem mit einem Monitor und einem Maus-\/Tastatur-Set. Mit diesem System k\u00f6nnen Sie nicht nur alle g\u00e4ngigen Home &amp; [&hellip;]<\/p>\n","protected":false},"featured_media":1350,"comment_status":"open","ping_status":"closed","template":"","meta":{"_acf_changed":false},"product_cat":[130,129],"product_tag":[],"acf":[],"jetpack_sharing_enabled":true,"_links":{"self":[{"href":"http:\/\/pc-direkthandel.de\/wordpress\/wp-json\/wp\/v2\/product\/1349"}],"collection":[{"href":"http:\/\/pc-direkthandel.de\/wordpress\/wp-json\/wp\/v2\/product"}],"about":[{"href":"http:\/\/pc-direkthandel.de\/wordpress\/wp-json\/wp\/v2\/types\/product"}],"replies":[{"embeddable":true,"href":"http:\/\/pc-direkthandel.de\/wordpress\/wp-json\/wp\/v2\/comments?post=1349"}],"wp:featuredmedia":[{"embeddable":true,"href":"http:\/\/pc-direkthandel.de\/wordpress\/wp-json\/wp\/v2\/media\/1350"}],"wp:attachment":[{"href":"http:\/\/pc-direkthandel.de\/wordpress\/wp-json\/wp\/v2\/media?parent=1349"}],"wp:term":[{"taxonomy":"product_cat","embeddable":true,"href":"http:\/\/pc-direkthandel.de\/wordpress\/wp-json\/wp\/v2\/product_cat?post=1349"},{"taxonomy":"product_tag","embeddable":true,"href":"http:\/\/pc-direkthandel.de\/wordpress\/wp-json\/wp\/v2\/product_tag?post=1349"}],"curies":[{"name":"wp","href":"https:\/\/api.w.org\/{rel}","templated":true}]}}