{"id":1347,"date":"2019-09-14T13:39:09","date_gmt":"2019-09-14T11:39:09","guid":{"rendered":"http:\/\/pc-direkthandel.de\/wordpress\/?post_type=product&#038;p=1347"},"modified":"2019-09-14T15:50:28","modified_gmt":"2019-09-14T13:50:28","slug":"office-pc-ryzen-3-2200g-3","status":"publish","type":"product","link":"http:\/\/pc-direkthandel.de\/wordpress\/product\/office-pc-ryzen-3-2200g-3\/","title":{"rendered":"Office PC Ryzen 3 2200G"},"content":{"rendered":"<p>Unser g\u00fcnstiger Budget Multimedia &#038; Gaming-PC \u00fcberzeugt durch perfekt abgestimmte Markenkomponenten. Mit dem ultrschnellen 4-Kern AMD Ryzen Prozessor k\u00f6nnen m\u00fchelos selbst die anspruchsvollsten Programme und Spiele ohne Kompromisse ausgef\u00fchrt werden. Die Taktrate der Ryzen CPU betr\u00e4gt 3600 MHz und kann m\u00fchelos auf bis zu 3700 MHz angehoben werden.<\/p>\n<p>Die brandneue AMD Ryzen 3 CPU verf\u00fcgt au\u00dferdem \u00fcber eine integrierte AMD Vega 8 Grafik, die in aktuellen Benchmarks deutlich st\u00e4rkere Leistung zeigte als \u00fcbliche Einsteiger-Grafikkarten. Dieser PC eignet sich daher selbst ohne Grafikkarte bestens f\u00fcr aktuelle Titel wie Overwatch, League of Legends oder Spiele mit \u00e4hnlichen Anforderungen.<\/p>\n<p>Fl\u00fcsterleises System, egal ob Gaming, Bild-sowie Videobearbeitung oder Live-Streaming. Programme wie Adobe Lightroom oder Photoshop laufen hier blitzschnell.<\/p>\n<p>S\u00e4mtliche Systeme von Memory:PC werden von uns in Norddeutschland produziert. F\u00fcr unsere Systeme verwenden wir ausschlie\u00dflich hochwertige Komponenten von namenhaften Herstellern. Vor der Auslieferung durchl\u00e4uft jedes System einen aufwendigen Test, um die Lauff\u00e4higkeit des PC sicherzustellen.<\/p>\n<p>Bei uns erhalten Sie keinen Computer von der Stange &#8211; jedes System ist von Anfang bis Ende von unseren Mitarbeitern f\u00fcr Sie zusammengestellt und gefertigt. <\/p>\n","protected":false},"excerpt":{"rendered":"<p>Unser g\u00fcnstiger Budget Multimedia &#038; Gaming-PC \u00fcberzeugt durch perfekt abgestimmte Markenkomponenten. Mit dem ultrschnellen 4-Kern AMD Ryzen Prozessor k\u00f6nnen m\u00fchelos selbst die anspruchsvollsten Programme und Spiele ohne Kompromisse ausgef\u00fchrt werden. Die Taktrate der Ryzen CPU betr\u00e4gt 3600 MHz und kann m\u00fchelos auf bis zu 3700 MHz angehoben werden. Die brandneue AMD Ryzen 3 CPU verf\u00fcgt [&hellip;]<\/p>\n","protected":false},"featured_media":1348,"comment_status":"open","ping_status":"closed","template":"","meta":{"_acf_changed":false},"product_cat":[129],"product_tag":[],"acf":[],"jetpack_sharing_enabled":true,"_links":{"self":[{"href":"http:\/\/pc-direkthandel.de\/wordpress\/wp-json\/wp\/v2\/product\/1347"}],"collection":[{"href":"http:\/\/pc-direkthandel.de\/wordpress\/wp-json\/wp\/v2\/product"}],"about":[{"href":"http:\/\/pc-direkthandel.de\/wordpress\/wp-json\/wp\/v2\/types\/product"}],"replies":[{"embeddable":true,"href":"http:\/\/pc-direkthandel.de\/wordpress\/wp-json\/wp\/v2\/comments?post=1347"}],"wp:featuredmedia":[{"embeddable":true,"href":"http:\/\/pc-direkthandel.de\/wordpress\/wp-json\/wp\/v2\/media\/1348"}],"wp:attachment":[{"href":"http:\/\/pc-direkthandel.de\/wordpress\/wp-json\/wp\/v2\/media?parent=1347"}],"wp:term":[{"taxonomy":"product_cat","embeddable":true,"href":"http:\/\/pc-direkthandel.de\/wordpress\/wp-json\/wp\/v2\/product_cat?post=1347"},{"taxonomy":"product_tag","embeddable":true,"href":"http:\/\/pc-direkthandel.de\/wordpress\/wp-json\/wp\/v2\/product_tag?post=1347"}],"curies":[{"name":"wp","href":"https:\/\/api.w.org\/{rel}","templated":true}]}}