{"id":1325,"date":"2019-09-14T12:50:24","date_gmt":"2019-09-14T10:50:24","guid":{"rendered":"http:\/\/pc-direkthandel.de\/wordpress\/?post_type=product&#038;p=1325"},"modified":"2019-09-14T15:51:47","modified_gmt":"2019-09-14T13:51:47","slug":"mini-pc-intel-i3-8100","status":"publish","type":"product","link":"http:\/\/pc-direkthandel.de\/wordpress\/product\/mini-pc-intel-i3-8100\/","title":{"rendered":"Mini PC Intel i3-8100"},"content":{"rendered":"<p>Schmal und klein, aber OHO. Dieser Memory PC Mini Desktop PC ist ein echter Hingucker. deutlich schmaler und etwas weniger hoch als die \u00fcblichen PC-Geh\u00e4use, k\u00f6nnen Sie sich entscheiden ob Sie den PC hoch hinstellen wollen oder flach hinlegen.<\/p>\n<p>Dieses Memory:PC Mini-System ist ein leistungsstarkes Multimedia Talent mit einem Intel Core i3 Prozessor, schnellem 8GB DDR4 Speicher, einem 24fach Mult-DVD Brenner, sowie einer 120 GB SSD Festplatte.<\/p>\n<p>Mit diesem System k\u00f6nnen Sie nicht nur alle g\u00e4ngigen Home &#038; office Anwendungen nutzen, sondern auch ohne Probeleme Musik h\u00f6ren oder Videos streamen. Auch beim Spielen beliebter Games werden der onboard Grafik AMD RAdeon R7 nicht zu schnell die Grenzen aufgezeigt.<\/p>\n<p>Der Memory PC mit voller QuadCore Power versorgt Sie mit allen n\u00f6tigen Geschwindigkeiten die Sie im B\u00fcro oder Zuhause ben\u00f6tigen. Die allerneuesten Anschl\u00fcsse wie SATA3 und USB3.0 aber auch Gigabit LAN lassen keine W\u00fcnsche offen.<\/p>\n<p>Selbstverst\u00e4ndlich ist Windows 10 Pro installiert, sodass Sie sofort loslegen k\u00f6nnen.<\/p>\n<p>S\u00e4mtliche Systeme von Memory:PC werden von uns in Norddeutschland produziert. F\u00fcr unsere Systeme verwenden wir ausschlie\u00dflich hochwertige Komponenten von namenhaften Herstellern.<\/p>\n<p>Vor der Auslieferung durchl\u00e4uft jedes System einen aufwendigen Test, um die Lauff\u00e4higkeit des Systems sicherzustellen.<\/p>\n<p>Bei uns erhalten Sie keinen PC von der Stange &#8211; jedes System ist von Anfang bis Ende von unseren Mitarbeitern f\u00fcr Sie zusammengestellt und gefertigt. <\/p>\n","protected":false},"excerpt":{"rendered":"<p>Schmal und klein, aber OHO. Dieser Memory PC Mini Desktop PC ist ein echter Hingucker. deutlich schmaler und etwas weniger hoch als die \u00fcblichen PC-Geh\u00e4use, k\u00f6nnen Sie sich entscheiden ob Sie den PC hoch hinstellen wollen oder flach hinlegen. Dieses Memory:PC Mini-System ist ein leistungsstarkes Multimedia Talent mit einem Intel Core i3 Prozessor, schnellem 8GB [&hellip;]<\/p>\n","protected":false},"featured_media":1326,"comment_status":"open","ping_status":"closed","template":"","meta":{"_acf_changed":false},"product_cat":[128],"product_tag":[],"acf":[],"jetpack_sharing_enabled":true,"_links":{"self":[{"href":"http:\/\/pc-direkthandel.de\/wordpress\/wp-json\/wp\/v2\/product\/1325"}],"collection":[{"href":"http:\/\/pc-direkthandel.de\/wordpress\/wp-json\/wp\/v2\/product"}],"about":[{"href":"http:\/\/pc-direkthandel.de\/wordpress\/wp-json\/wp\/v2\/types\/product"}],"replies":[{"embeddable":true,"href":"http:\/\/pc-direkthandel.de\/wordpress\/wp-json\/wp\/v2\/comments?post=1325"}],"wp:featuredmedia":[{"embeddable":true,"href":"http:\/\/pc-direkthandel.de\/wordpress\/wp-json\/wp\/v2\/media\/1326"}],"wp:attachment":[{"href":"http:\/\/pc-direkthandel.de\/wordpress\/wp-json\/wp\/v2\/media?parent=1325"}],"wp:term":[{"taxonomy":"product_cat","embeddable":true,"href":"http:\/\/pc-direkthandel.de\/wordpress\/wp-json\/wp\/v2\/product_cat?post=1325"},{"taxonomy":"product_tag","embeddable":true,"href":"http:\/\/pc-direkthandel.de\/wordpress\/wp-json\/wp\/v2\/product_tag?post=1325"}],"curies":[{"name":"wp","href":"https:\/\/api.w.org\/{rel}","templated":true}]}}