{"id":1315,"date":"2019-09-14T12:14:12","date_gmt":"2019-09-14T10:14:12","guid":{"rendered":"http:\/\/pc-direkthandel.de\/wordpress\/?post_type=product&#038;p=1315"},"modified":"2019-09-14T15:52:51","modified_gmt":"2019-09-14T13:52:51","slug":"office-pc-a12-9800e","status":"publish","type":"product","link":"http:\/\/pc-direkthandel.de\/wordpress\/product\/office-pc-a12-9800e\/","title":{"rendered":"Office PC A12-9800E"},"content":{"rendered":"<p>Unser Office PC \u00fcberzeugt durch perfekt abgestimmte Markenkomponenten. Mit dem schnellen 4-Kern Prozessor AMD A12 k\u00f6nnen m\u00fchelos selbst die anspruchsvollsten Programme und Spiele ohne Kompromisse ausgef\u00fchrt werden.<\/p>\n<p>Die AMD CPU verf\u00fcgt au\u00dferdem \u00fcber eine integrierte AMD Radeon R7 Grafik und eignet sich daher selbst ohne Grafikkarte bestens f\u00fcr Games.<\/p>\n<p>Fl\u00fcsterleister betrieb, egal ob Gaming, Bild-sowie Videobearbeitung oder Live-Streaming. Programme wie Adobe Lightroom oder Photoshop laufen hier blitzschnell.<\/p>\n<p>S\u00e4mtliche Systeme von Memory:PC werden von uns in Norddeutschland produziert. F\u00fcr unsere Systeme verwenden wir ausschlie\u00dflich hochwertige Komponenten von namenhaften Herstellern. Vor der Auslieferung durchl\u00e4uft jedes System einen aufwendigen Test, um die Lauff\u00e4higkeit des PC sicherzustellen.<\/p>\n<p>Bei uns erhalten Sie keinen Computer von der Stange &#8211; jedes System ist von Anfang bis Ende von unseren Mitarbeitern f\u00fcr Sie zusammengestellt und gefertigt. <\/p>\n","protected":false},"excerpt":{"rendered":"<p>Unser Office PC \u00fcberzeugt durch perfekt abgestimmte Markenkomponenten. Mit dem schnellen 4-Kern Prozessor AMD A12 k\u00f6nnen m\u00fchelos selbst die anspruchsvollsten Programme und Spiele ohne Kompromisse ausgef\u00fchrt werden. Die AMD CPU verf\u00fcgt au\u00dferdem \u00fcber eine integrierte AMD Radeon R7 Grafik und eignet sich daher selbst ohne Grafikkarte bestens f\u00fcr Games. Fl\u00fcsterleister betrieb, egal ob Gaming, Bild-sowie [&hellip;]<\/p>\n","protected":false},"featured_media":1316,"comment_status":"open","ping_status":"closed","template":"","meta":{"_acf_changed":false},"product_cat":[128],"product_tag":[],"acf":[],"jetpack_sharing_enabled":true,"_links":{"self":[{"href":"http:\/\/pc-direkthandel.de\/wordpress\/wp-json\/wp\/v2\/product\/1315"}],"collection":[{"href":"http:\/\/pc-direkthandel.de\/wordpress\/wp-json\/wp\/v2\/product"}],"about":[{"href":"http:\/\/pc-direkthandel.de\/wordpress\/wp-json\/wp\/v2\/types\/product"}],"replies":[{"embeddable":true,"href":"http:\/\/pc-direkthandel.de\/wordpress\/wp-json\/wp\/v2\/comments?post=1315"}],"wp:featuredmedia":[{"embeddable":true,"href":"http:\/\/pc-direkthandel.de\/wordpress\/wp-json\/wp\/v2\/media\/1316"}],"wp:attachment":[{"href":"http:\/\/pc-direkthandel.de\/wordpress\/wp-json\/wp\/v2\/media?parent=1315"}],"wp:term":[{"taxonomy":"product_cat","embeddable":true,"href":"http:\/\/pc-direkthandel.de\/wordpress\/wp-json\/wp\/v2\/product_cat?post=1315"},{"taxonomy":"product_tag","embeddable":true,"href":"http:\/\/pc-direkthandel.de\/wordpress\/wp-json\/wp\/v2\/product_tag?post=1315"}],"curies":[{"name":"wp","href":"https:\/\/api.w.org\/{rel}","templated":true}]}}