{"id":1311,"date":"2019-09-14T12:04:27","date_gmt":"2019-09-14T10:04:27","guid":{"rendered":"http:\/\/pc-direkthandel.de\/wordpress\/?post_type=product&#038;p=1311"},"modified":"2019-09-14T15:53:01","modified_gmt":"2019-09-14T13:53:01","slug":"mini-pc-intel-g5400","status":"publish","type":"product","link":"http:\/\/pc-direkthandel.de\/wordpress\/product\/mini-pc-intel-g5400\/","title":{"rendered":"Mini PC Intel G5400"},"content":{"rendered":"<p>Schmal und klein, aber OHO. Dieser Memory PC Mini Desktop PC ist ein echter Hingucker. deutlich schmaler und etwas weniger hoch als die \u00fcblichen PC-Geh\u00e4use, k\u00f6nnen Sie sich entscheiden ob Sie den PC hoch hinstellen wollen oder flach hinlegen.<\/p>\n<p>Unser Mini-PC \u00fcberzeugt durch perfekt abgestimmte Markenkomponenten. Mit dem schnellen Pentium Prozessor k\u00f6nnen m\u00fchelos selbst die anspruchsvollsten Programme und Spiele ohne Kompromisse ausgef\u00fchrt werden. Die Taktrate der CPU betr\u00e4gt 2 mal 3700 MHz.<\/p>\n<p>Die Intel Pentium CPU verf\u00fcgt au\u00dferdem \u00fcber eine integrierte Intel HD 610 Grafik die in aktuellen Benchmarks deutlich st\u00e4rkere Leistung zeigte als \u00fcbliche Einsteiger Grafikkarten. Dieser PC eignet sich daher selbst ohne Grafikkarte bestens f\u00fcr aktuelle Titel wie Overwatch, League of Legends oder Spiele mit \u00e4hnlichen Anforderungen.<\/p>\n<p>Fl\u00fcsterleises System, egal ob Gaming, Bild-sowie Videobearbeitung oder Live-Streaming. Programme wie Adobe Lightroom oder Photoshop laufen hier blitzschnell.<\/p>\n<p>S\u00e4mtliche Systeme von Memory:PC werden von uns in Norddeutschland produziert. F\u00fcr unsere Systeme verwenden wir ausschlie\u00dflich hochwertige Komponenten von namenhaften Herstellern. Vor der Auslieferung durchl\u00e4uft jedes System einen aufwendigen Test, um die Lauff\u00e4higkeit des PC sicherzustellen.<\/p>\n<p>Bei uns erhalten Sie keinen Computer von der Stange &#8211; jedes System ist von Anfang bis Ende von unseren Mitarbeitern f\u00fcr Sie zusammengestellt und gefertigt. <\/p>\n","protected":false},"excerpt":{"rendered":"<p>Schmal und klein, aber OHO. Dieser Memory PC Mini Desktop PC ist ein echter Hingucker. deutlich schmaler und etwas weniger hoch als die \u00fcblichen PC-Geh\u00e4use, k\u00f6nnen Sie sich entscheiden ob Sie den PC hoch hinstellen wollen oder flach hinlegen. Unser Mini-PC \u00fcberzeugt durch perfekt abgestimmte Markenkomponenten. Mit dem schnellen Pentium Prozessor k\u00f6nnen m\u00fchelos selbst die [&hellip;]<\/p>\n","protected":false},"featured_media":1312,"comment_status":"open","ping_status":"closed","template":"","meta":{"_acf_changed":false},"product_cat":[128],"product_tag":[],"acf":[],"jetpack_sharing_enabled":true,"_links":{"self":[{"href":"http:\/\/pc-direkthandel.de\/wordpress\/wp-json\/wp\/v2\/product\/1311"}],"collection":[{"href":"http:\/\/pc-direkthandel.de\/wordpress\/wp-json\/wp\/v2\/product"}],"about":[{"href":"http:\/\/pc-direkthandel.de\/wordpress\/wp-json\/wp\/v2\/types\/product"}],"replies":[{"embeddable":true,"href":"http:\/\/pc-direkthandel.de\/wordpress\/wp-json\/wp\/v2\/comments?post=1311"}],"wp:featuredmedia":[{"embeddable":true,"href":"http:\/\/pc-direkthandel.de\/wordpress\/wp-json\/wp\/v2\/media\/1312"}],"wp:attachment":[{"href":"http:\/\/pc-direkthandel.de\/wordpress\/wp-json\/wp\/v2\/media?parent=1311"}],"wp:term":[{"taxonomy":"product_cat","embeddable":true,"href":"http:\/\/pc-direkthandel.de\/wordpress\/wp-json\/wp\/v2\/product_cat?post=1311"},{"taxonomy":"product_tag","embeddable":true,"href":"http:\/\/pc-direkthandel.de\/wordpress\/wp-json\/wp\/v2\/product_tag?post=1311"}],"curies":[{"name":"wp","href":"https:\/\/api.w.org\/{rel}","templated":true}]}}