{"id":1307,"date":"2019-09-14T11:57:16","date_gmt":"2019-09-14T09:57:16","guid":{"rendered":"http:\/\/pc-direkthandel.de\/wordpress\/?post_type=product&#038;p=1307"},"modified":"2019-09-14T15:53:10","modified_gmt":"2019-09-14T13:53:10","slug":"office-pc-ryzen-3-3200g","status":"publish","type":"product","link":"http:\/\/pc-direkthandel.de\/wordpress\/product\/office-pc-ryzen-3-3200g\/","title":{"rendered":"Office PC Ryzen 3 3200G"},"content":{"rendered":"<p>Die brandneue AMD Ryzen 3 3200G CPU verf\u00fcgt \u00fcber eine integrierte AMD Vega 8 Grafik, die in aktuellen Benchmarks deutlich st\u00e4rkere Leistung zeigt als \u00fcbliche Einsteiger Grafikkarten.<\/p>\n<p>Unser Budget Multimedia-PC \u00fcberzeugt durch perfekt abgestimmte Markenkomponenten, die Sie selbstverst\u00e4ndlich im Konfigurator Ihren Bed\u00fcrfnissen entsprechend angepassen k\u00f6nnen.<\/p>\n<p>Ein fl\u00fcsterleises System, ganz gleich was Sie damit vorhaben.<\/p>\n<p>S\u00e4mtliche Systeme von Memory:PC werden von uns in Norddeutschland produziert. F\u00fcr unsere Systeme verwenden wir ausschlie\u00dflich hochwertige Komponenten von namenhaften Herstellern. Vor der Auslieferung durchl\u00e4uft jedes System einen aufwendigen Test, um die Lauff\u00e4higkeit des PC sicherzustellen.<\/p>\n<p>Bei uns erhalten Sie keinen Computer von der Stange &#8211; jedes System ist von Anfang bis Ende von unseren Mitarbeitern f\u00fcr Sie zusammengestellt und gefertigt.  <\/p>\n","protected":false},"excerpt":{"rendered":"<p>Die brandneue AMD Ryzen 3 3200G CPU verf\u00fcgt \u00fcber eine integrierte AMD Vega 8 Grafik, die in aktuellen Benchmarks deutlich st\u00e4rkere Leistung zeigt als \u00fcbliche Einsteiger Grafikkarten. Unser Budget Multimedia-PC \u00fcberzeugt durch perfekt abgestimmte Markenkomponenten, die Sie selbstverst\u00e4ndlich im Konfigurator Ihren Bed\u00fcrfnissen entsprechend angepassen k\u00f6nnen. Ein fl\u00fcsterleises System, ganz gleich was Sie damit vorhaben. S\u00e4mtliche [&hellip;]<\/p>\n","protected":false},"featured_media":1308,"comment_status":"open","ping_status":"closed","template":"","meta":{"_acf_changed":false},"product_cat":[128],"product_tag":[],"acf":[],"jetpack_sharing_enabled":true,"_links":{"self":[{"href":"http:\/\/pc-direkthandel.de\/wordpress\/wp-json\/wp\/v2\/product\/1307"}],"collection":[{"href":"http:\/\/pc-direkthandel.de\/wordpress\/wp-json\/wp\/v2\/product"}],"about":[{"href":"http:\/\/pc-direkthandel.de\/wordpress\/wp-json\/wp\/v2\/types\/product"}],"replies":[{"embeddable":true,"href":"http:\/\/pc-direkthandel.de\/wordpress\/wp-json\/wp\/v2\/comments?post=1307"}],"wp:featuredmedia":[{"embeddable":true,"href":"http:\/\/pc-direkthandel.de\/wordpress\/wp-json\/wp\/v2\/media\/1308"}],"wp:attachment":[{"href":"http:\/\/pc-direkthandel.de\/wordpress\/wp-json\/wp\/v2\/media?parent=1307"}],"wp:term":[{"taxonomy":"product_cat","embeddable":true,"href":"http:\/\/pc-direkthandel.de\/wordpress\/wp-json\/wp\/v2\/product_cat?post=1307"},{"taxonomy":"product_tag","embeddable":true,"href":"http:\/\/pc-direkthandel.de\/wordpress\/wp-json\/wp\/v2\/product_tag?post=1307"}],"curies":[{"name":"wp","href":"https:\/\/api.w.org\/{rel}","templated":true}]}}