{"id":1297,"date":"2019-09-13T18:24:22","date_gmt":"2019-09-13T16:24:22","guid":{"rendered":"http:\/\/pc-direkthandel.de\/wordpress\/?post_type=product&#038;p=1297"},"modified":"2019-09-14T15:53:26","modified_gmt":"2019-09-14T13:53:26","slug":"office-pc-ryzen-3-2200g","status":"publish","type":"product","link":"http:\/\/pc-direkthandel.de\/wordpress\/product\/office-pc-ryzen-3-2200g\/","title":{"rendered":"Office PC Ryzen 3 2200G"},"content":{"rendered":"<p>Unser Budget Multimedia-PC \u00fcberzeugt durch perfekt abgestimmte Markenkomponenten. Selbstverst\u00e4ndlich kann dieses System im Konfigurator Ihren Bed\u00fcrfnissen entsprechend angepasst werden.<\/p>\n<p>Die brandneue AMD Ryzen 3 2200G CPU verf\u00fcgt au\u00dferdem \u00fcber eine integrierte AMD Vega 8 Grafik die in aktuellen Benchmarks deutlich st\u00e4rkere Leistung zeigte als \u00fcbliche Einsteiger Grafikkarten.<\/p>\n<p>Ein fl\u00fcsterleises System, ganz gleich was sSie damit vorhaben.<\/p>\n<p>S\u00e4mtliche Systeme von Memory:PC werden von uns in Norddeutschland produziert. F\u00fcr unsere Systeme verwenden wir ausschlie\u00dflich hochwertige Komponenten von namenhaften Herstellern. Vor der Auslieferung durchl\u00e4uft jedes System einen aufwendigen Test, um die Lauff\u00e4higkeit des PC sicherzustellen.<\/p>\n<p>Bei uns erhalten Sie keinen Computer von der Stange &#8211; jedes System ist von Anfang bis Ende von unseren Mitarbeitern f\u00fcr Sie zusammengestellt und gefertigt.  <\/p>\n","protected":false},"excerpt":{"rendered":"<p>Unser Budget Multimedia-PC \u00fcberzeugt durch perfekt abgestimmte Markenkomponenten. Selbstverst\u00e4ndlich kann dieses System im Konfigurator Ihren Bed\u00fcrfnissen entsprechend angepasst werden. Die brandneue AMD Ryzen 3 2200G CPU verf\u00fcgt au\u00dferdem \u00fcber eine integrierte AMD Vega 8 Grafik die in aktuellen Benchmarks deutlich st\u00e4rkere Leistung zeigte als \u00fcbliche Einsteiger Grafikkarten. Ein fl\u00fcsterleises System, ganz gleich was sSie damit [&hellip;]<\/p>\n","protected":false},"featured_media":1298,"comment_status":"open","ping_status":"closed","template":"","meta":{"_acf_changed":false},"product_cat":[128],"product_tag":[],"acf":[],"jetpack_sharing_enabled":true,"_links":{"self":[{"href":"http:\/\/pc-direkthandel.de\/wordpress\/wp-json\/wp\/v2\/product\/1297"}],"collection":[{"href":"http:\/\/pc-direkthandel.de\/wordpress\/wp-json\/wp\/v2\/product"}],"about":[{"href":"http:\/\/pc-direkthandel.de\/wordpress\/wp-json\/wp\/v2\/types\/product"}],"replies":[{"embeddable":true,"href":"http:\/\/pc-direkthandel.de\/wordpress\/wp-json\/wp\/v2\/comments?post=1297"}],"wp:featuredmedia":[{"embeddable":true,"href":"http:\/\/pc-direkthandel.de\/wordpress\/wp-json\/wp\/v2\/media\/1298"}],"wp:attachment":[{"href":"http:\/\/pc-direkthandel.de\/wordpress\/wp-json\/wp\/v2\/media?parent=1297"}],"wp:term":[{"taxonomy":"product_cat","embeddable":true,"href":"http:\/\/pc-direkthandel.de\/wordpress\/wp-json\/wp\/v2\/product_cat?post=1297"},{"taxonomy":"product_tag","embeddable":true,"href":"http:\/\/pc-direkthandel.de\/wordpress\/wp-json\/wp\/v2\/product_tag?post=1297"}],"curies":[{"name":"wp","href":"https:\/\/api.w.org\/{rel}","templated":true}]}}