{"id":1185,"date":"2019-09-13T11:40:01","date_gmt":"2019-09-13T09:40:01","guid":{"rendered":"http:\/\/pc-direkthandel.de\/wordpress\/?post_type=product&#038;p=1185"},"modified":"2019-09-13T12:06:42","modified_gmt":"2019-09-13T10:06:42","slug":"apple-homepod","status":"publish","type":"product","link":"http:\/\/pc-direkthandel.de\/wordpress\/product\/apple-homepod\/","title":{"rendered":"Apple HomePod"},"content":{"rendered":"<p><strong>Zuhause h\u00f6rt sich neu an.<\/strong><br \/>\nDer HomePod ist ein revolution\u00e4rer Laut\u00adsprecher, der sich an seine Umgebung anpasst und Hi\u2011Fi Sound liefert, egal wo er steht. Zusammen mit <a href=\"https:\/\/itunes.apple.com\/subscribe?app=music&amp;at=1l3v7ve\" target=\"_blank\" rel=\"noopener noreferrer\">Apple Music<\/a> und Siri kannst du mit ihm auf ganz neue Art zu Hause Musik entdecken und damit interagieren. Und er kann dir bei allt\u00e4glichen Aufgaben helfen und dein Smart Home steuern \u2013 alles nur mit deiner Stimme.<\/p>\n<p><strong>Kleiner K\u00f6rper. Gro\u00dfer Klang.<\/strong><br \/>\nDen satten, detailreichen Sound dieses Laut\u00adsprechers w\u00fcrdest du bei seiner Gr\u00f6\u00dfe eigentlich nicht erwarten. Der HomePod kombiniert von Apple entwickelte Audio\u00adtechnologien und fortschrittliche Software f\u00fcr einen pr\u00e4zisen Klang, der den ganzen Raum ausf\u00fcllt. Und weil er weniger als 18 cm hoch ist, passt er \u00fcberall in dein Zuhause.<\/p>\n<p><strong>Tiefe B\u00e4sse, die den Raum ausf\u00fcllen.<\/strong><br \/>\nDer von Apple entwickelte High\u2011Excursion Tieft\u00f6ner sitzt oben im Laut\u00adsprecher und zeigt zur Decke, wodurch er eine gro\u00dfe Bandbreite an tiefem, sattem Bass erzeugt, der jeden herk\u00f6mmlichen Laut\u00adsprecher \u00fcbertrifft. Ein Ring aus sechs Mikrofonen und ein internes Bass\u2011EQ Mikrofon analysieren und korrigieren den Effekt des Raumes auf den Bass und sorgen f\u00fcr einen satten, gleichm\u00e4\u00dfigen Klang. Und ein kraftvoller Antrieb bewegt die Membran beein\u00addruckende 20 mm, damit der Bass auch bei geringer Lautst\u00e4rke pr\u00e4sent ist.<\/p>\n<p><strong>Versteht dich auch aus der Entfernung.<\/strong><br \/>\nSechs Mikrofone, die ringf\u00f6rmig im HomePod angeordnet sind, sorgen daf\u00fcr, dass er jedes Ger\u00e4usch im Raum erfassen kann. Wenn du \u201eHey Siri\u201c sagst, kann dich der HomePod durch eine fortschrittliche Signal\u00adbearbeitung zusammen mit einer Echo- und Ger\u00e4usch\u00adkompensation h\u00f6ren, ohne dass du lauter sprechen musst \u2013 selbst wenn du am anderen Ende des Raums bist und laute Musik spielt. Nachdem der HomePod die W\u00f6rter \u201eHey Siri\u201c erkannt hat, ist das, was du danach sagst, verschl\u00fcsselt und wird anonym und ohne Bezug zu deiner Apple ID an die Apple Server gesendet.<\/p>\n<p><strong>Hohe Klangtreue, \u00fcberall um dich herum.<\/strong><br \/>\nEin einzigartiger Ring aus sieben Hocht\u00f6nern mit Beamforming, jeder davon mit seinem eigenen Verst\u00e4rker, erm\u00f6glicht eine hervorragende Richtungs\u00adsteuerung. Sie sind in einem gefalteten Trichterdesign um den Sockel angeordnet und senden den Musikfluss ins Zentrum und dann unten in einem 360\u00b0 Muster nach au\u00dfen, was zu einem allumfassenden Raumgef\u00fchl f\u00fchrt. Dadurch werden fr\u00fche Reflexionen durch Tische praktisch eliminiert, was einen gleichm\u00e4\u00dfigen High Definition Sound m\u00f6glich macht.<\/p>\n<p><strong>Kein Laut\u00adsprecher war je intelligenter.<\/strong><br \/>\nEin von Apple entwickelter A8 Chip orchestriert die vielen beeindru\u00adckenden Audio-Innovationen im HomePod. Wie zum Beispiel die fortschrittliche Signal\u00adbearbeitung, damit Siri dich trotz Musik h\u00f6ren kann. Verarbeitung in Echtzeit auf Studioniveau, die f\u00fcr maximalen Bass und minimale Verzerrungen sorgt. Buffering, das sogar schneller als in Echtzeit abl\u00e4uft. Und Upmixing von direktem und Umgebungs\u00adaudio. So bekommst du immer einen fantastischen Sound.<\/p>\n<p><strong>Design zum Sehen und H\u00f6ren.<\/strong><br \/>\nDer HomePod ist von einem nahtlosen Netzgewebe umschlossen, das f\u00fcr \u00e4sthetische ebenso wie akustische Wirkung entwickelt wurde. Es ist in Wei\u00df und Space Grau erh\u00e4ltlich, sieht aus jedem Winkel gut aus und ist fast vollkommen durchl\u00e4ssig f\u00fcr die Schallwellen, die hindurchgehen.<\/p>\n<p><strong>Nutzt den ganzen Raum. Automatisch.<\/strong><br \/>\nDen HomePod einrichten geht schnell und wie von selbst. Schlie\u00df ihn einfach an den Strom an und dein iOS Ger\u00e4t wird ihn finden. Mit seiner Raum\u00ad\u00aderkennung stellt sich der HomePod automatisch f\u00fcr optimalen Sound ein, egal wo du ihn platzierst. Kopple ihn mit einem zweiten HomePod f\u00fcr ein unvergleich\u00adliches Stereo\u00aderlebnis. Und hol Audio f\u00fcr mehrere R\u00e4ume mit AirPlay 2 in dein ganzes Zuhause.<\/p>\n<p><strong>Raumf\u00fcllender Sound. Von Wand zu Wand. Von der Decke bis zum Boden.<\/strong><br \/>\nStell deinen HomePod irgendwo im Zimmer auf. Mit seiner Raum\u00aderkennung analysiert er automatisch die Akustik, passt den Sound basierend auf seinem Standort an und trennt die Musik in direkten und Umgebungs\u00adsound. Direkter Sound, einschlie\u00dflich Gesang und Instrumente, wird in die Mitte des Raums gerichtet, w\u00e4hrend Umgebungs\u00adsound \u00fcber die linken und rechten Kan\u00e4le verteilt und von den W\u00e4nden reflektiert wird. So wird der gesamte Raum mit sattem und klar definiertem Klang gef\u00fcllt.<\/p>\n<p><strong>Ein Stereopaar. Und eine neue Klangdimension.<\/strong><br \/>\nEin HomePod Stereolautsprecher-Paar arbeitet zusammen, um vom ersten Moment an eine breitere, raumf\u00fcllendere Klang\u00adatmosph\u00e4re zu schaffen \u2013 mit einem deutlich gr\u00f6\u00dferen Optimalbereich als ein Paar herk\u00f6mmlicher Stereolautsprecher. Jeder HomePod erkennt automatisch seine Platzierung im Raum und passt die Musik pr\u00e4zise und in Balance mit dem anderen an. Und zwar direkt vom ersten Song, den er spielt. Ein HomePod Stereolautsprecher-Paar erzeugt nicht nur einen raumf\u00fcllen\u00adderen Klang, sondern bringt auch eine gro\u00dfartige Basserweiterung mit einer satteren, pr\u00e4ziseren Wiedergabe von niedrigen Frequenzen.<\/p>\n<p><strong>Musik \u00fcberall zuhause steuern, von einem Zimmer aus. Mit AirPlay 2.<\/strong><br \/>\nWenn du in mehrere Zimmer einen HomePod platzierst, kommunizieren die Lautsprecher \u00fcber AirPlay miteinander. So kannst du Siri sagen, dass es Jazz im Wohnzimmer und den Vaiana Soundtrack im Kinderzimmer spielen soll. Oder den gleichen Song \u00fcberall im Haus. Alles von dort, wo du bist. Wenn du dich durch das Haus bewegst, kann deine Musik dir folgen. Bitte Siri einfach, den Song von einem HomePod auf einen anderen zu legen. So verpasst du keine Sekunde. Du kannst \u00fcber den HomePod sogar auch alle deine anderen AirPlay 2 kompatiblen Laut\u00adsprecher nur mit deiner Stimme steuern.<\/p>\n<p><strong>Kennt sich gut aus mit Musik.<\/strong><br \/>\nDer HomePod holt das Beste aus <a href=\"https:\/\/itunes.apple.com\/subscribe?app=music&amp;at=1l3v7ve\" target=\"_blank\" rel=\"noopener noreferrer\">Apple Music<\/a> heraus. Mit der Intelligenz von Siri und Zugang zu \u00fcber 45 Millionen Songs lernt er, was du magst. Und hilft dir dabei, neue Musik zu entdecken, die du lieben wirst. Das bringt dein H\u00f6rerlebnis auf ein neues Level.<\/p>\n<p><strong>45 Millionen Songs klangen nie so gut.<\/strong><br \/>\n<a href=\"https:\/\/itunes.apple.com\/subscribe?app=music&amp;at=1l3v7ve\" target=\"_blank\" rel=\"noopener noreferrer\">Apple Music<\/a> gibt dir Zugriff auf fast jeden Song, den du dir vorstellen kannst. Streame alles aus unserer Sammlung und die Musik aus deiner iTunes Mediathek. Freunde, die mit deinem WLAN verbunden sind, k\u00f6nnen ihre Musik direkt auf deinem HomePod abspielen. Du hast noch kein <a href=\"https:\/\/itunes.apple.com\/subscribe?app=music&amp;at=1l3v7ve\" target=\"_blank\" rel=\"noopener noreferrer\">Apple Music<\/a>? Teste es kostenlos f\u00fcr drei Monate und k\u00fcndige jederzeit.<\/p>\n<p><strong>Lernt, was du magst. Und spielt, was du lieben wirst.<\/strong><br \/>\nWenn du einen Song richtig gut findest, dann sag \u201eHey Siri, das mag ich\u201c. Basierend auf dem, was du sagst und h\u00f6rst, lernt <a href=\"https:\/\/itunes.apple.com\/subscribe?app=music&amp;at=1l3v7ve\" target=\"_blank\" rel=\"noopener noreferrer\">Apple Music<\/a> deinen ganz eigenen Musik\u00adgeschmack kennen. Das hei\u00dft, du kannst auch einfach nur sagen, \u201eHey Siri, spiel was, das ich mag\u201c, um deine Lieblingssongs zu h\u00f6ren und neue Musik zu entdecken.<\/p>\n<p><strong>Audio aus weiteren Quellen streamen, mit AirPlay.<\/strong><br \/>\nMit AirPlay kannst du Musik von verschiedenen Streaming\u00addiensten abspielen und Audio von Filmen, Videos, News, Sport und H\u00f6rb\u00fcchern wiedergeben.<\/p>\n<p><strong>Und als N\u00e4chstes, deine Lieblings-Podcasts.<\/strong><br \/>\nDu kannst mehr als 500.000 Sendungen streamen, die es in <a href=\"https:\/\/www.apple.com\/de\/itunes\/podcasts\/\" target=\"_blank\" rel=\"noopener noreferrer\">Apple Podcasts<\/a> gibt. Neue Folgen deiner Favoriten zu h\u00f6ren und gro\u00dfartige neue Storys zu entdecken ist so einfach, wie Siri zu fragen.<\/p>\n<p><strong>Wenn du was brauchst, sag einfach \u201eHey Siri\u201c.<\/strong><br \/>\nDer HomePod ist Experte f\u00fcr die Dinge, die du zuhause wissen und tun willst. Von der aktuellen Wetter\u00advorhersage bis zum Versenden von Nach\u00adrichten und Steuern deines Smart Home Zubeh\u00f6rs macht Siri es dir leicht, mehrere Aufgaben gleichzeitig nur mit deiner Stimme zu erledigen.<\/p>\n<p><strong>Sch\u00f6nes Zuhause f\u00fcr einen intelligenten Assistenten.<\/strong><br \/>\nEgal, ob du aktuelle Verkehrsinfos, News oder Sportnachrichten brauchst oder nur einen Timer oder eine Erinnerung festlegen m\u00f6chtest, Siri ist da, um dir zu helfen. W\u00e4hrend du zuhause Dinge erledigst, kannst du mit SMS Nach\u00adrichten in Verbindung bleiben.<\/p>\n<p><strong>Dein Zuhause macht, was du willst.<\/strong><br \/>\nSag einfach \u201eHey Siri, mach das Licht an\u201c oder \u201eHey Siri, mach den Raum k\u00fchler\u201c. Du kannst mit Siri sogar Szenen wie \u201eGuten Morgen\u201c erstellen, die mehrere Smart Home Ger\u00e4te auf einmal steuern. F\u00fcg der Home App einfach Zubeh\u00f6r hinzu und steuere es dann mit deiner Stimme \u00fcber den HomePod.<\/p>\n","protected":false},"excerpt":{"rendered":"<p>Zuhause h\u00f6rt sich neu an. Der HomePod ist ein revolution\u00e4rer Laut\u00adsprecher, der sich an seine Umgebung anpasst und Hi\u2011Fi Sound liefert, egal wo er steht. Zusammen mit Apple Music und Siri kannst du mit ihm auf ganz neue Art zu Hause Musik entdecken und damit interagieren. Und er kann dir bei allt\u00e4glichen Aufgaben helfen und [&hellip;]<\/p>\n","protected":false},"featured_media":1186,"comment_status":"open","ping_status":"closed","template":"","meta":{"_acf_changed":false},"product_cat":[111],"product_tag":[],"acf":[],"jetpack_sharing_enabled":true,"_links":{"self":[{"href":"http:\/\/pc-direkthandel.de\/wordpress\/wp-json\/wp\/v2\/product\/1185"}],"collection":[{"href":"http:\/\/pc-direkthandel.de\/wordpress\/wp-json\/wp\/v2\/product"}],"about":[{"href":"http:\/\/pc-direkthandel.de\/wordpress\/wp-json\/wp\/v2\/types\/product"}],"replies":[{"embeddable":true,"href":"http:\/\/pc-direkthandel.de\/wordpress\/wp-json\/wp\/v2\/comments?post=1185"}],"wp:featuredmedia":[{"embeddable":true,"href":"http:\/\/pc-direkthandel.de\/wordpress\/wp-json\/wp\/v2\/media\/1186"}],"wp:attachment":[{"href":"http:\/\/pc-direkthandel.de\/wordpress\/wp-json\/wp\/v2\/media?parent=1185"}],"wp:term":[{"taxonomy":"product_cat","embeddable":true,"href":"http:\/\/pc-direkthandel.de\/wordpress\/wp-json\/wp\/v2\/product_cat?post=1185"},{"taxonomy":"product_tag","embeddable":true,"href":"http:\/\/pc-direkthandel.de\/wordpress\/wp-json\/wp\/v2\/product_tag?post=1185"}],"curies":[{"name":"wp","href":"https:\/\/api.w.org\/{rel}","templated":true}]}}