{"id":1180,"date":"2019-09-13T11:35:10","date_gmt":"2019-09-13T09:35:10","guid":{"rendered":"http:\/\/pc-direkthandel.de\/wordpress\/?post_type=product&#038;p=1180"},"modified":"2019-09-13T11:35:42","modified_gmt":"2019-09-13T09:35:42","slug":"apple-tv-4k-64-gb","status":"publish","type":"product","link":"http:\/\/pc-direkthandel.de\/wordpress\/product\/apple-tv-4k-64-gb\/","title":{"rendered":"Apple TV 4K (64 GB)"},"content":{"rendered":"<p><strong>4K HDR. Eine neue \u00c4ra, ab sofort zu sehen.<\/strong><br \/>\nMit Apple TV 4K siehst du Filme und Sendungen in 4K HDR Qualit\u00e4t. Es liefert dir fantastische Inhalte aus Apps wie ZDF, DAZN und Netflix. Es streamt Live-Sport und Nach\u00adrichten. Und ver\u00e4ndert, wie du fernsiehst.<\/p>\n<p><strong>4K HDR setzt einen neuen Standard.<\/strong><br \/>\n4K erzeugt im Vergleich zu normalem HD ein sch\u00e4rferes Bild mit viermal so vielen Pixeln. High Dynamic Range (HDR) bringt hellere, realistischere Farben und zeigt mehr Details. Vom aktuellen Filmhit bis zu deiner Lieblings\u00adserie wird alles lebensechter als je zuvor.<\/p>\n<p><strong>Nach\u00adrichten und Sport. Live gestreamt.<\/strong><br \/>\nApple TV 4K bietet die Live-Inhalte, die dir am wichtigsten sind \u2013 Nach\u00adrichten und Sport. Du findest deinen Lieblingssport in Apps wie DAZN und die aktuellsten Nach\u00adrichten in Apps wie ZDF. Das macht es noch einfacher, deine liebsten Live-Programme zu sehen.<\/p>\n<p><strong>Du fragst. Siri liefert.<\/strong><br \/>\nKein Tippen mehr, um genau das zu finden, was du suchst. Frag einfach Siri nach Filmen, Sendungen, Genres, Schauspielern oder Songs, die du magst. Siri kann dir auch helfen, wenn du nicht sicher bist, was du willst. Sag einfach Dinge wie \u201cZeige mir Filme in 4K Qualit\u00e4t\u201d und Siri liefert sie dir.<\/p>\n<p><strong>\u00dcberlegene Leistung. \u00dcberragende Grafik.<\/strong><br \/>\nDer A10X Fusion Chip bietet eine leistungs\u00adstarke Plattform f\u00fcr komplexere, interaktivere Spiele und Apps. Du findest sie alle im App Store f\u00fcr Apple TV. Mit Zubeh\u00f6r wie Controllern und Kopfh\u00f6rern bringst du dein Erlebnis aufs n\u00e4chste Level.<\/p>\n<p><strong>Deine Fotos, Videos und Musik. Gibt\u2019s jetzt alles im Fernsehen.<\/strong><br \/>\nErlebe Fotos und Videos aus deiner iCloud Foto\u00admediathek oder deinen geteilten Alben auf dem gro\u00dfen Bildschirm.3 Verbinde Apple Music mit deinem Heimkino. Und erlaube Freunden und deiner Familie, ihre Fotos und Videos mit AirPlay zu teilen.<\/p>\n<p><strong>Teile Fotos, Pr\u00e4sentationen, Websites und mehr.<\/strong><br \/>\nAirPlay macht es dir oder deinen G\u00e4sten ganz einfach, alle Inhalte drahtlos von einem iPhone, iPad oder Mac zu teilen und damit auf dem gro\u00dfen Bildschirm richtig Eindruck zu machen.<\/p>\n<p><strong>Steuere dein smartes Zuhause mit Apple TV.<\/strong><br \/>\nSchlie\u00df deine Garage. Steuere deine Heizung oder Klimaanlage. Pr\u00fcfe, ob du abgeschlossen hast. Mit Apple TV kannst du auf deinem iOS Ger\u00e4t mit der Home App HomeKit f\u00e4higes Zubeh\u00f6r fernsteuern.<\/p>\n","protected":false},"excerpt":{"rendered":"<p>4K HDR. Eine neue \u00c4ra, ab sofort zu sehen. Mit Apple TV 4K siehst du Filme und Sendungen in 4K HDR Qualit\u00e4t. Es liefert dir fantastische Inhalte aus Apps wie ZDF, DAZN und Netflix. Es streamt Live-Sport und Nach\u00adrichten. Und ver\u00e4ndert, wie du fernsiehst. 4K HDR setzt einen neuen Standard. 4K erzeugt im Vergleich zu [&hellip;]<\/p>\n","protected":false},"featured_media":1178,"comment_status":"open","ping_status":"closed","template":"","meta":{"_acf_changed":false},"product_cat":[109],"product_tag":[],"acf":[],"jetpack_sharing_enabled":true,"_links":{"self":[{"href":"http:\/\/pc-direkthandel.de\/wordpress\/wp-json\/wp\/v2\/product\/1180"}],"collection":[{"href":"http:\/\/pc-direkthandel.de\/wordpress\/wp-json\/wp\/v2\/product"}],"about":[{"href":"http:\/\/pc-direkthandel.de\/wordpress\/wp-json\/wp\/v2\/types\/product"}],"replies":[{"embeddable":true,"href":"http:\/\/pc-direkthandel.de\/wordpress\/wp-json\/wp\/v2\/comments?post=1180"}],"wp:featuredmedia":[{"embeddable":true,"href":"http:\/\/pc-direkthandel.de\/wordpress\/wp-json\/wp\/v2\/media\/1178"}],"wp:attachment":[{"href":"http:\/\/pc-direkthandel.de\/wordpress\/wp-json\/wp\/v2\/media?parent=1180"}],"wp:term":[{"taxonomy":"product_cat","embeddable":true,"href":"http:\/\/pc-direkthandel.de\/wordpress\/wp-json\/wp\/v2\/product_cat?post=1180"},{"taxonomy":"product_tag","embeddable":true,"href":"http:\/\/pc-direkthandel.de\/wordpress\/wp-json\/wp\/v2\/product_tag?post=1180"}],"curies":[{"name":"wp","href":"https:\/\/api.w.org\/{rel}","templated":true}]}}