{"id":6333,"date":"2019-11-16T16:15:10","date_gmt":"2019-11-16T14:15:10","guid":{"rendered":"http:\/\/pc-direkthandel.de\/wordpress\/?page_id=6333"},"modified":"2019-11-16T16:21:44","modified_gmt":"2019-11-16T14:21:44","slug":"hosted-exchange","status":"publish","type":"page","link":"http:\/\/pc-direkthandel.de\/wordpress\/hosting\/hosted-exchange\/","title":{"rendered":"Hosted Exchange"},"content":{"rendered":"<p><strong>Von \u00fcberall auf Ihre Daten zugreifen \u2013 weltweit<\/strong><\/p>\n<p>E-Mails, Kontakte und Termine sind immer auf dem gleichen Stand \u2013 f\u00fcr die Synchronisierung sorgt das ActiveSync-Protokoll. Durch DirectPush werden eingehende E-Mails sofort an Ihr mobiles Endger\u00e4t weitergereicht. Und mit Outlook Web App nutzen Sie s\u00e4mtliche Funktionen \u00fcber eine intuitive Bedienoberfl\u00e4che.<\/p>\n<p><strong>Etablierte Microsoft\u00ae-Technologie<\/strong><\/p>\n<p>Hosted Exchange basiert auf der etablierten Kommunikations-Software Microsoft\u00ae Exchange Server 2013. Sie nutzen eine professionelle L\u00f6sung f\u00fcr die Kommunikation in Unternehmen, w\u00e4hrend wir uns zuverl\u00e4ssig um das Hosting k\u00fcmmern.<\/p>\n<p><strong>Volle Outlook-Kompatibilit\u00e4t<\/strong><\/p>\n<p>Seine volle St\u00e4rke entfaltet Hosted Exchange im Zusammenspiel mit Microsoft\u00ae Outlook 2013, f\u00fcr das im Premium-Tarif eine Lizenz inbegriffen ist. Sie profitieren von der nahtlosen Interaktion mit Ihrer Kommunikationsl\u00f6sung.<\/p>\n<h3><strong>Alle Vorteile auf einen Blick<\/strong><\/h3>\n<p><strong>Regelm\u00e4\u00dfiges Backup<\/strong><\/p>\n<p>Wir sichern Ihre Daten regelm\u00e4\u00dfig, damit Sie auch einzelne Postf\u00e4cher komplett wiederherstellen k\u00f6nnen. Die Vorhaltezeit f\u00fcr Exchange-Postf\u00e4cher betr\u00e4gt 7 Tage und f\u00fcr in Outlook Web App wiederherzustellende Elemente sogar 14 Tage.<\/p>\n<p><strong>Synchronisierung \u00fcber ActiveSync<\/strong><\/p>\n<p>\u00dcber das ActiveSync-Protokoll sind Ihre E-Mails, Kontakte und Termine auf allen verbundenen Endger\u00e4ten immer auf dem gleichen Stand.<\/p>\n<p><strong>Spam- und Virenschutz<\/strong><\/p>\n<p>Halten Sie Ihr Postfach zuverl\u00e4ssig frei von Spam, Viren und Phishing-Mails. Daf\u00fcr sorgt unser professioneller vorkonfigurierter Spam- und Virenfilter.<\/p>\n<p><strong>100% deutsche Datensicherheit<\/strong><\/p>\n<p>Damit Ihre gesch\u00e4ftskritischen Informationen absolut sicher sind, hosten wir Ihre Daten nach h\u00f6chsten Sicherheits-Standards und deutschen Datenschutzbestimmungen.<\/p>\n<p><strong>24\/7-Experten-Support<\/strong><\/p>\n<p>Damit die Kommunikation in Ihrem Business jederzeit reibungslos l\u00e4uft, stehen Ihnen unsere geschulten Experten rund um die Uhr bei Fragen und eventuellen Problemen zur Seite.<\/p>\n<p><strong>Nutzung globaler Adresslisten (GAL)<\/strong><\/p>\n<p>Zur Vereinfachung der Kommunikation tragen globale Adresslisten bei, die in der Regel alle Mitarbeiter eines Unternehmens oder einer Institution enthalten und Informationen wie E-Mail-Adresse, Telefonnummer oder B\u00fcrostandort bereitstellen.<\/p>\n","protected":false},"excerpt":{"rendered":"<p>Von \u00fcberall auf Ihre Daten zugreifen \u2013 weltweit E-Mails, Kontakte und Termine sind immer auf dem gleichen Stand \u2013 f\u00fcr die Synchronisierung sorgt das ActiveSync-Protokoll. Durch DirectPush werden eingehende E-Mails sofort an Ihr mobiles Endger\u00e4t weitergereicht. Und mit Outlook Web App nutzen Sie s\u00e4mtliche Funktionen \u00fcber eine intuitive Bedienoberfl\u00e4che. Etablierte Microsoft\u00ae-Technologie Hosted Exchange basiert auf [&hellip;]<\/p>\n","protected":false},"author":1,"featured_media":0,"parent":4552,"menu_order":0,"comment_status":"closed","ping_status":"closed","template":"","meta":{"_acf_changed":false,"footnotes":""},"acf":[],"jetpack_sharing_enabled":true,"_links":{"self":[{"href":"http:\/\/pc-direkthandel.de\/wordpress\/wp-json\/wp\/v2\/pages\/6333"}],"collection":[{"href":"http:\/\/pc-direkthandel.de\/wordpress\/wp-json\/wp\/v2\/pages"}],"about":[{"href":"http:\/\/pc-direkthandel.de\/wordpress\/wp-json\/wp\/v2\/types\/page"}],"author":[{"embeddable":true,"href":"http:\/\/pc-direkthandel.de\/wordpress\/wp-json\/wp\/v2\/users\/1"}],"replies":[{"embeddable":true,"href":"http:\/\/pc-direkthandel.de\/wordpress\/wp-json\/wp\/v2\/comments?post=6333"}],"version-history":[{"count":3,"href":"http:\/\/pc-direkthandel.de\/wordpress\/wp-json\/wp\/v2\/pages\/6333\/revisions"}],"predecessor-version":[{"id":6340,"href":"http:\/\/pc-direkthandel.de\/wordpress\/wp-json\/wp\/v2\/pages\/6333\/revisions\/6340"}],"up":[{"embeddable":true,"href":"http:\/\/pc-direkthandel.de\/wordpress\/wp-json\/wp\/v2\/pages\/4552"}],"wp:attachment":[{"href":"http:\/\/pc-direkthandel.de\/wordpress\/wp-json\/wp\/v2\/media?parent=6333"}],"curies":[{"name":"wp","href":"https:\/\/api.w.org\/{rel}","templated":true}]}}