{"id":5335,"date":"2019-10-22T14:49:36","date_gmt":"2019-10-22T12:49:36","guid":{"rendered":"http:\/\/pc-direkthandel.de\/wordpress\/?page_id=5335"},"modified":"2019-10-22T14:49:36","modified_gmt":"2019-10-22T12:49:36","slug":"startseite","status":"publish","type":"page","link":"http:\/\/pc-direkthandel.de\/wordpress\/","title":{"rendered":"Startseite"},"content":{"rendered":"<p>Herzlich Willkommen auf unserer Website.<\/p>\n<p>PC-Direkthandel.de ist ein Teil der <a href=\"http:\/\/www.koelnmedia-edv.de\/\" target=\"_blank\" rel=\"noopener noreferrer\">K\u00f6lnMedia EDV-Beratung<\/a>. W\u00e4hrend die K\u00f6lnMedia EDV-Beratung ausschlie\u00dflich beratend im IT-Bereich f\u00fcr Medienunternehmen aus den Bereichen Film\/TV\/Video, Print, Fotografie und Online t\u00e4tig ist, k\u00fcmmert sich die Abteilung \u201ePC-Direkthandel.de\u201c um die Vermarktung von Hard- und Software unserer zahlreichen Partnerunternehmen.<\/p>\n<p>PC-Direkthandel.de ist Vermarktungspartner von namhaften Hardwareherstellern wie z. B. Apple, Hewlett Packard (HP), Microsoft oder Canon. Im Softwarebereich arbeiten wir sowohl mit den Top-Playern der Branche wie Adobe, Microsoft, Nero, Corel, VMWare oder ashampoo, aber auch mit kleineren Softwareproduzenten mit speziellen Tools wie Xilisoft, Wondershare, Bluefox oder Acebit, zusammen.<\/p>\n<p>Auch im Mobilfunkbereich ist PC-Direkthandel.de ein starker Partner der Netzbetreiber und Mobilfunkanbieter wie Deutsche Telekom, Vodafone, Telefonica o2, 1&amp;1 sowie den Marken der Drillisch Telecom. Mobiltelefone und Tablets gibt es bei uns von allen gro\u00dfen Herstellern wie Motorola, Huawei, LG und SAMSUNG sowie von zahlreichen Spezialanbietern wie CAT und RugGear (Outdoor-Handys) oder doro und Emporia (Seniorenhandys), jeweils sowohl mit als auch ohne Mobilfunkvertrag.<\/p>\n<p><strong>Wichtig dabei:<\/strong> Die K\u00f6lnMedia EDV-Beratung stellt mit pc-direkthandel.de nur eine Vermarktungsplattform bereit! Alle get\u00e4tigten Bestellungen werden direkt \u00fcber die jeweiligen Partner abgewickelt. Zurzeit keimt eine Diskussion um sogenannte \u201eFake Shops\u201c auf. Hierbei bestellen die Kunden beim Shop-Betreiber, bezahlen \u2013 erhalten aber keine Ware! Dieses kann Ihnen bei uns nicht passieren, da sie in keinem Fall (!) auch nur einen Cent an uns bezahlen. Den Kauf- und Liefervertrag erf\u00fcllt der jeweilige Partner direkt mit Ihnen! Und wir nehmen ausschlie\u00dflich Hersteller und autorisierte H\u00e4ndler\u00a0 als Partner auf, die bereits lange Jahre am Markt sind!<\/p>\n<h3><strong>Wir erweitern unser Angebot zurzeit fast t\u00e4glich und erg\u00e4nzen unsere Produktpalette um weitere Produkte.<\/strong><\/h3>\n","protected":false},"excerpt":{"rendered":"<p>Herzlich Willkommen auf unserer Website. PC-Direkthandel.de ist ein Teil der K\u00f6lnMedia EDV-Beratung. W\u00e4hrend die K\u00f6lnMedia EDV-Beratung ausschlie\u00dflich beratend im IT-Bereich f\u00fcr Medienunternehmen aus den Bereichen Film\/TV\/Video, Print, Fotografie und Online t\u00e4tig ist, k\u00fcmmert sich die Abteilung \u201ePC-Direkthandel.de\u201c um die Vermarktung von Hard- und Software unserer zahlreichen Partnerunternehmen. PC-Direkthandel.de ist Vermarktungspartner von namhaften Hardwareherstellern wie z. [&hellip;]<\/p>\n","protected":false},"author":1,"featured_media":0,"parent":0,"menu_order":0,"comment_status":"closed","ping_status":"closed","template":"","meta":{"_acf_changed":false,"footnotes":""},"acf":[],"jetpack_sharing_enabled":true,"_links":{"self":[{"href":"http:\/\/pc-direkthandel.de\/wordpress\/wp-json\/wp\/v2\/pages\/5335"}],"collection":[{"href":"http:\/\/pc-direkthandel.de\/wordpress\/wp-json\/wp\/v2\/pages"}],"about":[{"href":"http:\/\/pc-direkthandel.de\/wordpress\/wp-json\/wp\/v2\/types\/page"}],"author":[{"embeddable":true,"href":"http:\/\/pc-direkthandel.de\/wordpress\/wp-json\/wp\/v2\/users\/1"}],"replies":[{"embeddable":true,"href":"http:\/\/pc-direkthandel.de\/wordpress\/wp-json\/wp\/v2\/comments?post=5335"}],"version-history":[{"count":1,"href":"http:\/\/pc-direkthandel.de\/wordpress\/wp-json\/wp\/v2\/pages\/5335\/revisions"}],"predecessor-version":[{"id":5336,"href":"http:\/\/pc-direkthandel.de\/wordpress\/wp-json\/wp\/v2\/pages\/5335\/revisions\/5336"}],"wp:attachment":[{"href":"http:\/\/pc-direkthandel.de\/wordpress\/wp-json\/wp\/v2\/media?parent=5335"}],"curies":[{"name":"wp","href":"https:\/\/api.w.org\/{rel}","templated":true}]}}