{"id":5170,"date":"2019-10-21T21:30:02","date_gmt":"2019-10-21T19:30:02","guid":{"rendered":"http:\/\/pc-direkthandel.de\/wordpress\/?page_id=5170"},"modified":"2019-10-21T21:36:21","modified_gmt":"2019-10-21T19:36:21","slug":"zj-media-digital-technology","status":"publish","type":"page","link":"http:\/\/pc-direkthandel.de\/wordpress\/software\/videobearbeitung\/zj-media-digital-technology\/","title":{"rendered":"ZJ Media Digital Technology"},"content":{"rendered":"<div class=\"wpb-content-wrapper\"><p>[vc_row][vc_column][vc_column_text]<strong>Die K\u00f6lnMedia EDV-Beratung ist &#8222;Digital Distributor&#8220; von ZJ Media Digital Technology. Wir bieten Fachh\u00e4ndlern gegen Nachweis entsprechende Rabatte. F\u00fcr weitere Informationen kontaktieren Sie uns gerne.<\/strong>[\/vc_column_text][\/vc_column][\/vc_row][vc_row][vc_column]<div class=\"woocommerce columns-4 \"><ul class=\"products columns-4\">\n<li class=\"product type-product post-5195 status-publish first instock product_cat-zj-media-digital shipping-taxable product-type-external\">\n\t<a href=\"http:\/\/pc-direkthandel.de\/wordpress\/product\/iphone-data-recovery\/\" class=\"woocommerce-LoopProduct-link woocommerce-loop-product__link\">\t\t<div class=\"shopkit-loop-image\">\n\t\t\t<div class=\"shopkit-loop-image-inner\">\n<img loading=\"lazy\" decoding=\"async\" width=\"450\" height=\"450\" src=\"https:\/\/i0.wp.com\/pc-direkthandel.de\/wordpress\/wp-content\/uploads\/woocommerce-placeholder.png?resize=450%2C450\" class=\"woocommerce-placeholder wp-post-image\" alt=\"Platzhalter\" srcset=\"https:\/\/i0.wp.com\/pc-direkthandel.de\/wordpress\/wp-content\/uploads\/woocommerce-placeholder.png?w=1200 1200w, https:\/\/i0.wp.com\/pc-direkthandel.de\/wordpress\/wp-content\/uploads\/woocommerce-placeholder.png?resize=450%2C450 450w, https:\/\/i0.wp.com\/pc-direkthandel.de\/wordpress\/wp-content\/uploads\/woocommerce-placeholder.png?resize=850%2C850 850w, https:\/\/i0.wp.com\/pc-direkthandel.de\/wordpress\/wp-content\/uploads\/woocommerce-placeholder.png?resize=100%2C100 100w, https:\/\/i0.wp.com\/pc-direkthandel.de\/wordpress\/wp-content\/uploads\/woocommerce-placeholder.png?resize=150%2C150 150w, https:\/\/i0.wp.com\/pc-direkthandel.de\/wordpress\/wp-content\/uploads\/woocommerce-placeholder.png?resize=300%2C300 300w, https:\/\/i0.wp.com\/pc-direkthandel.de\/wordpress\/wp-content\/uploads\/woocommerce-placeholder.png?resize=768%2C768 768w, https:\/\/i0.wp.com\/pc-direkthandel.de\/wordpress\/wp-content\/uploads\/woocommerce-placeholder.png?resize=1024%2C1024 1024w\" sizes=\"(max-width: 450px) 100vw, 450px\" \/>\t\t\t<\/div>\n<span data-quickview-id=\"5195\" class=\"shopkit-quickview-button\"><\/span>\t\t<\/div>\n<h2 class=\"woocommerce-loop-product__title\">iPhone Data Recovery<\/h2>\n\t<span class=\"price\"><span class=\"woocommerce-Price-amount amount\"><bdi><span class=\"woocommerce-Price-currencySymbol\">&euro;<\/span>62,77<\/bdi><\/span><\/span>\n<\/a><a href=\"https:\/\/secure.2checkout.com\/order\/product.php?PRODS=4576791&#038;QTY=1&#038;AFFILIATE=12716\" data-quantity=\"1\" class=\"button product_type_external\" data-product_id=\"5195\" data-product_sku=\"\" aria-label=\"&#8222;iPhone Data Recovery&#8220; kaufen\" aria-describedby=\"\" rel=\"nofollow\">Produkt kaufen<\/a><\/li>\n<li class=\"product type-product post-5183 status-publish instock product_cat-zj-media-digital has-post-thumbnail shipping-taxable product-type-external\">\n\t<a href=\"http:\/\/pc-direkthandel.de\/wordpress\/product\/wbr-for-personal\/\" class=\"woocommerce-LoopProduct-link woocommerce-loop-product__link\">\t\t<div class=\"shopkit-loop-image\">\n\t\t\t<div class=\"shopkit-loop-image-inner\">\n<img loading=\"lazy\" decoding=\"async\" width=\"200\" height=\"134\" src=\"https:\/\/i0.wp.com\/pc-direkthandel.de\/wordpress\/wp-content\/uploads\/2019\/10\/blu-ray-ripper.jpg?resize=200%2C134\" class=\"attachment-woocommerce_thumbnail size-woocommerce_thumbnail\" alt=\"\" \/>\t\t\t<\/div>\n<span data-quickview-id=\"5183\" class=\"shopkit-quickview-button\"><\/span>\t\t<\/div>\n<h2 class=\"woocommerce-loop-product__title\">WBR for Personal<\/h2>\n\t<span class=\"price\"><span class=\"woocommerce-Price-amount amount\"><bdi><span class=\"woocommerce-Price-currencySymbol\">&euro;<\/span>54,99<\/bdi><\/span><\/span>\n<\/a><a href=\"https:\/\/secure.2checkout.com\/order\/product.php?PRODS=4541423&#038;QTY=1&#038;AFFILIATE=12716\" data-quantity=\"1\" class=\"button product_type_external\" data-product_id=\"5183\" data-product_sku=\"\" aria-label=\"&#8222;WBR for Personal&#8220; kaufen\" aria-describedby=\"\" rel=\"nofollow\">Produkt kaufen<\/a><\/li>\n<li class=\"product type-product post-5185 status-publish instock product_cat-zj-media-digital has-post-thumbnail shipping-taxable product-type-external\">\n\t<a href=\"http:\/\/pc-direkthandel.de\/wordpress\/product\/wdr-singe-user-personal-license\/\" class=\"woocommerce-LoopProduct-link woocommerce-loop-product__link\">\t\t<div class=\"shopkit-loop-image\">\n\t\t\t<div class=\"shopkit-loop-image-inner\">\n<img loading=\"lazy\" decoding=\"async\" width=\"200\" height=\"134\" src=\"https:\/\/i0.wp.com\/pc-direkthandel.de\/wordpress\/wp-content\/uploads\/2019\/10\/dvd-ripper.png?resize=200%2C134\" class=\"attachment-woocommerce_thumbnail size-woocommerce_thumbnail\" alt=\"\" \/>\t\t\t<\/div>\n<span data-quickview-id=\"5185\" class=\"shopkit-quickview-button\"><\/span>\t\t<\/div>\n<h2 class=\"woocommerce-loop-product__title\">WDR (Singe User \/ Personal License)<\/h2>\n\t<span class=\"price\"><span class=\"woocommerce-Price-amount amount\"><bdi><span class=\"woocommerce-Price-currencySymbol\">&euro;<\/span>39,95<\/bdi><\/span><\/span>\n<\/a><a href=\"https:\/\/secure.2checkout.com\/order\/product.php?PRODS=4541424&#038;QTY=1&#038;AFFILIATE=12716\" data-quantity=\"1\" class=\"button product_type_external\" data-product_id=\"5185\" data-product_sku=\"\" aria-label=\"&#8222;WDR (Singe User \/ Personal License)&#8220; kaufen\" aria-describedby=\"\" rel=\"nofollow\">Produkt kaufen<\/a><\/li>\n<li class=\"product type-product post-5179 status-publish last instock product_cat-zj-media-digital has-post-thumbnail shipping-taxable product-type-external\">\n\t<a href=\"http:\/\/pc-direkthandel.de\/wordpress\/product\/winavi-all-in-one-converter\/\" class=\"woocommerce-LoopProduct-link woocommerce-loop-product__link\">\t\t<div class=\"shopkit-loop-image\">\n\t\t\t<div class=\"shopkit-loop-image-inner\">\n<img loading=\"lazy\" decoding=\"async\" width=\"200\" height=\"131\" src=\"https:\/\/i0.wp.com\/pc-direkthandel.de\/wordpress\/wp-content\/uploads\/2019\/10\/all-in-one-convert1.jpg?resize=200%2C131\" class=\"attachment-woocommerce_thumbnail size-woocommerce_thumbnail\" alt=\"\" \/>\t\t\t<\/div>\n<span data-quickview-id=\"5179\" class=\"shopkit-quickview-button\"><\/span>\t\t<\/div>\n<h2 class=\"woocommerce-loop-product__title\">WinAVI All-In-One Converter<\/h2>\n\t<span class=\"price\"><span class=\"woocommerce-Price-amount amount\"><bdi><span class=\"woocommerce-Price-currencySymbol\">&euro;<\/span>49,95<\/bdi><\/span><\/span>\n<\/a><a href=\"https:\/\/secure.2checkout.com\/order\/product.php?PRODS=4528872&#038;QTY=1&#038;AFFILIATE=12716\" data-quantity=\"1\" class=\"button product_type_external\" data-product_id=\"5179\" data-product_sku=\"\" aria-label=\"&#8222;WinAVI All-In-One Converter&#8220; kaufen\" aria-describedby=\"\" rel=\"nofollow\">Produkt kaufen<\/a><\/li>\n<li class=\"product type-product post-5187 status-publish first instock product_cat-zj-media-digital has-post-thumbnail shipping-taxable product-type-external\">\n\t<a href=\"http:\/\/pc-direkthandel.de\/wordpress\/product\/winavi-all-in-one-konverter\/\" class=\"woocommerce-LoopProduct-link woocommerce-loop-product__link\">\t\t<div class=\"shopkit-loop-image\">\n\t\t\t<div class=\"shopkit-loop-image-inner\">\n<img loading=\"lazy\" decoding=\"async\" width=\"200\" height=\"131\" src=\"https:\/\/i0.wp.com\/pc-direkthandel.de\/wordpress\/wp-content\/uploads\/2019\/10\/all-in-one-convert1.jpg?resize=200%2C131\" class=\"attachment-woocommerce_thumbnail size-woocommerce_thumbnail\" alt=\"\" \/>\t\t\t<\/div>\n<span data-quickview-id=\"5187\" class=\"shopkit-quickview-button\"><\/span>\t\t<\/div>\n<h2 class=\"woocommerce-loop-product__title\">WinAVI All-In-One Konverter<\/h2>\n\t<span class=\"price\"><span class=\"woocommerce-Price-amount amount\"><bdi><span class=\"woocommerce-Price-currencySymbol\">&euro;<\/span>49,95<\/bdi><\/span><\/span>\n<\/a><a href=\"https:\/\/secure.2checkout.com\/order\/product.php?PRODS=4540660&#038;QTY=1&#038;AFFILIATE=12716\" data-quantity=\"1\" class=\"button product_type_external\" data-product_id=\"5187\" data-product_sku=\"\" aria-label=\"&#8222;WinAVI All-In-One Konverter&#8220; kaufen\" aria-describedby=\"\" rel=\"nofollow\">Produkt kaufen<\/a><\/li>\n<li class=\"product type-product post-5174 status-publish instock product_cat-zj-media-digital shipping-taxable product-type-external\">\n\t<a href=\"http:\/\/pc-direkthandel.de\/wordpress\/product\/winavi-flv-converter\/\" class=\"woocommerce-LoopProduct-link woocommerce-loop-product__link\">\t\t<div class=\"shopkit-loop-image\">\n\t\t\t<div class=\"shopkit-loop-image-inner\">\n<img loading=\"lazy\" decoding=\"async\" width=\"450\" height=\"450\" src=\"https:\/\/i0.wp.com\/pc-direkthandel.de\/wordpress\/wp-content\/uploads\/woocommerce-placeholder.png?resize=450%2C450\" class=\"woocommerce-placeholder wp-post-image\" alt=\"Platzhalter\" srcset=\"https:\/\/i0.wp.com\/pc-direkthandel.de\/wordpress\/wp-content\/uploads\/woocommerce-placeholder.png?w=1200 1200w, https:\/\/i0.wp.com\/pc-direkthandel.de\/wordpress\/wp-content\/uploads\/woocommerce-placeholder.png?resize=450%2C450 450w, https:\/\/i0.wp.com\/pc-direkthandel.de\/wordpress\/wp-content\/uploads\/woocommerce-placeholder.png?resize=850%2C850 850w, https:\/\/i0.wp.com\/pc-direkthandel.de\/wordpress\/wp-content\/uploads\/woocommerce-placeholder.png?resize=100%2C100 100w, https:\/\/i0.wp.com\/pc-direkthandel.de\/wordpress\/wp-content\/uploads\/woocommerce-placeholder.png?resize=150%2C150 150w, https:\/\/i0.wp.com\/pc-direkthandel.de\/wordpress\/wp-content\/uploads\/woocommerce-placeholder.png?resize=300%2C300 300w, https:\/\/i0.wp.com\/pc-direkthandel.de\/wordpress\/wp-content\/uploads\/woocommerce-placeholder.png?resize=768%2C768 768w, https:\/\/i0.wp.com\/pc-direkthandel.de\/wordpress\/wp-content\/uploads\/woocommerce-placeholder.png?resize=1024%2C1024 1024w\" sizes=\"(max-width: 450px) 100vw, 450px\" \/>\t\t\t<\/div>\n<span data-quickview-id=\"5174\" class=\"shopkit-quickview-button\"><\/span>\t\t<\/div>\n<h2 class=\"woocommerce-loop-product__title\">WinAVI FLV Converter<\/h2>\n\t<span class=\"price\"><span class=\"woocommerce-Price-amount amount\"><bdi><span class=\"woocommerce-Price-currencySymbol\">&euro;<\/span>39,95<\/bdi><\/span><\/span>\n<\/a><a href=\"https:\/\/secure.2checkout.com\/order\/product.php?PRODS=914479&#038;QTY=1&#038;AFFILIATE=12716\" data-quantity=\"1\" class=\"button product_type_external\" data-product_id=\"5174\" data-product_sku=\"\" aria-label=\"&#8222;WinAVI FLV Converter&#8220; kaufen\" aria-describedby=\"\" rel=\"nofollow\">Produkt kaufen<\/a><\/li>\n<li class=\"product type-product post-5190 status-publish instock product_cat-zj-media-digital has-post-thumbnail shipping-taxable product-type-external\">\n\t<a href=\"http:\/\/pc-direkthandel.de\/wordpress\/product\/winavi-iphone-converter\/\" class=\"woocommerce-LoopProduct-link woocommerce-loop-product__link\">\t\t<div class=\"shopkit-loop-image\">\n\t\t\t<div class=\"shopkit-loop-image-inner\">\n<img loading=\"lazy\" decoding=\"async\" width=\"200\" height=\"134\" src=\"https:\/\/i0.wp.com\/pc-direkthandel.de\/wordpress\/wp-content\/uploads\/2019\/10\/iphone-converter-screenshot.png?resize=200%2C134\" class=\"attachment-woocommerce_thumbnail size-woocommerce_thumbnail\" alt=\"\" \/>\t\t\t<\/div>\n<span data-quickview-id=\"5190\" class=\"shopkit-quickview-button\"><\/span>\t\t<\/div>\n<h2 class=\"woocommerce-loop-product__title\">WinAVI iPhone Converter<\/h2>\n\t<span class=\"price\"><span class=\"woocommerce-Price-amount amount\"><bdi><span class=\"woocommerce-Price-currencySymbol\">&euro;<\/span>29,95<\/bdi><\/span><\/span>\n<\/a><a href=\"https:\/\/secure.2checkout.com\/order\/product.php?PRODS=4540929&#038;QTY=1&#038;AFFILIATE=12716\" data-quantity=\"1\" class=\"button product_type_external\" data-product_id=\"5190\" data-product_sku=\"\" aria-label=\"&#8222;WinAVI iPhone Converter&#8220; kaufen\" aria-describedby=\"\" rel=\"nofollow\">Produkt kaufen<\/a><\/li>\n<li class=\"product type-product post-5192 status-publish last instock product_cat-zj-media-digital has-post-thumbnail shipping-taxable product-type-external\">\n\t<a href=\"http:\/\/pc-direkthandel.de\/wordpress\/product\/winavi-iphone-converter-site-license\/\" class=\"woocommerce-LoopProduct-link woocommerce-loop-product__link\">\t\t<div class=\"shopkit-loop-image\">\n\t\t\t<div class=\"shopkit-loop-image-inner\">\n<img loading=\"lazy\" decoding=\"async\" width=\"200\" height=\"134\" src=\"https:\/\/i0.wp.com\/pc-direkthandel.de\/wordpress\/wp-content\/uploads\/2019\/10\/iphone-converter-screenshot.png?resize=200%2C134\" class=\"attachment-woocommerce_thumbnail size-woocommerce_thumbnail\" alt=\"\" \/>\t\t\t<\/div>\n<span data-quickview-id=\"5192\" class=\"shopkit-quickview-button\"><\/span>\t\t<\/div>\n<h2 class=\"woocommerce-loop-product__title\">WinAVI iPhone Converter (Site License)<\/h2>\n\t<span class=\"price\"><span class=\"woocommerce-Price-amount amount\"><bdi><span class=\"woocommerce-Price-currencySymbol\">&euro;<\/span>268,31<\/bdi><\/span><\/span>\n<\/a><a href=\"https:\/\/secure.2checkout.com\/order\/product.php?PRODS=4540986&#038;QTY=1&#038;AFFILIATE=12716\" data-quantity=\"1\" class=\"button product_type_external\" data-product_id=\"5192\" data-product_sku=\"\" aria-label=\"&#8222;WinAVI iPhone Converter (Site License)&#8220; kaufen\" aria-describedby=\"\" rel=\"nofollow\">Produkt kaufen<\/a><\/li>\n<li class=\"product type-product post-5188 status-publish first instock product_cat-zj-media-digital has-post-thumbnail shipping-taxable product-type-external\">\n\t<a href=\"http:\/\/pc-direkthandel.de\/wordpress\/product\/winavi-ipod-converter\/\" class=\"woocommerce-LoopProduct-link woocommerce-loop-product__link\">\t\t<div class=\"shopkit-loop-image\">\n\t\t\t<div class=\"shopkit-loop-image-inner\">\n<img loading=\"lazy\" decoding=\"async\" width=\"200\" height=\"134\" src=\"https:\/\/i0.wp.com\/pc-direkthandel.de\/wordpress\/wp-content\/uploads\/2019\/10\/ipod-converter-screenshot.png?resize=200%2C134\" class=\"attachment-woocommerce_thumbnail size-woocommerce_thumbnail\" alt=\"\" \/>\t\t\t<\/div>\n<span data-quickview-id=\"5188\" class=\"shopkit-quickview-button\"><\/span>\t\t<\/div>\n<h2 class=\"woocommerce-loop-product__title\">WinAVI iPod Converter<\/h2>\n\t<span class=\"price\"><span class=\"woocommerce-Price-amount amount\"><bdi><span class=\"woocommerce-Price-currencySymbol\">&euro;<\/span>29,95<\/bdi><\/span><\/span>\n<\/a><a href=\"https:\/\/secure.2checkout.com\/order\/product.php?PRODS=4540928&#038;QTY=1&#038;AFFILIATE=12716\" data-quantity=\"1\" class=\"button product_type_external\" data-product_id=\"5188\" data-product_sku=\"\" aria-label=\"&#8222;WinAVI iPod Converter&#8220; kaufen\" aria-describedby=\"\" rel=\"nofollow\">Produkt kaufen<\/a><\/li>\n<li class=\"product type-product post-5181 status-publish instock product_cat-zj-media-digital shipping-taxable product-type-external\">\n\t<a href=\"http:\/\/pc-direkthandel.de\/wordpress\/product\/winavi-ipod-3gp-mp4-psp-converter\/\" class=\"woocommerce-LoopProduct-link woocommerce-loop-product__link\">\t\t<div class=\"shopkit-loop-image\">\n\t\t\t<div class=\"shopkit-loop-image-inner\">\n<img loading=\"lazy\" decoding=\"async\" width=\"450\" height=\"450\" src=\"https:\/\/i0.wp.com\/pc-direkthandel.de\/wordpress\/wp-content\/uploads\/woocommerce-placeholder.png?resize=450%2C450\" class=\"woocommerce-placeholder wp-post-image\" alt=\"Platzhalter\" srcset=\"https:\/\/i0.wp.com\/pc-direkthandel.de\/wordpress\/wp-content\/uploads\/woocommerce-placeholder.png?w=1200 1200w, https:\/\/i0.wp.com\/pc-direkthandel.de\/wordpress\/wp-content\/uploads\/woocommerce-placeholder.png?resize=450%2C450 450w, https:\/\/i0.wp.com\/pc-direkthandel.de\/wordpress\/wp-content\/uploads\/woocommerce-placeholder.png?resize=850%2C850 850w, https:\/\/i0.wp.com\/pc-direkthandel.de\/wordpress\/wp-content\/uploads\/woocommerce-placeholder.png?resize=100%2C100 100w, https:\/\/i0.wp.com\/pc-direkthandel.de\/wordpress\/wp-content\/uploads\/woocommerce-placeholder.png?resize=150%2C150 150w, https:\/\/i0.wp.com\/pc-direkthandel.de\/wordpress\/wp-content\/uploads\/woocommerce-placeholder.png?resize=300%2C300 300w, https:\/\/i0.wp.com\/pc-direkthandel.de\/wordpress\/wp-content\/uploads\/woocommerce-placeholder.png?resize=768%2C768 768w, https:\/\/i0.wp.com\/pc-direkthandel.de\/wordpress\/wp-content\/uploads\/woocommerce-placeholder.png?resize=1024%2C1024 1024w\" sizes=\"(max-width: 450px) 100vw, 450px\" \/>\t\t\t<\/div>\n<span data-quickview-id=\"5181\" class=\"shopkit-quickview-button\"><\/span>\t\t<\/div>\n<h2 class=\"woocommerce-loop-product__title\">WinAVI iPod\/3GP\/MP4\/PSP Converter<\/h2>\n\t<span class=\"price\"><span class=\"woocommerce-Price-amount amount\"><bdi><span class=\"woocommerce-Price-currencySymbol\">&euro;<\/span>44,82<\/bdi><\/span><\/span>\n<\/a><a href=\"https:\/\/secure.2checkout.com\/order\/product.php?PRODS=4531572&#038;QTY=1&#038;AFFILIATE=12716\" data-quantity=\"1\" class=\"button product_type_external\" data-product_id=\"5181\" data-product_sku=\"\" aria-label=\"&#8222;WinAVI iPod\/3GP\/MP4\/PSP Converter&#8220; kaufen\" aria-describedby=\"\" rel=\"nofollow\">Produkt kaufen<\/a><\/li>\n<li class=\"product type-product post-5177 status-publish instock product_cat-zj-media-digital has-post-thumbnail shipping-taxable product-type-external\">\n\t<a href=\"http:\/\/pc-direkthandel.de\/wordpress\/product\/winavi-video-converter\/\" class=\"woocommerce-LoopProduct-link woocommerce-loop-product__link\">\t\t<div class=\"shopkit-loop-image\">\n\t\t\t<div class=\"shopkit-loop-image-inner\">\n<img loading=\"lazy\" decoding=\"async\" width=\"200\" height=\"134\" src=\"https:\/\/i0.wp.com\/pc-direkthandel.de\/wordpress\/wp-content\/uploads\/2019\/10\/wvc.png?resize=200%2C134\" class=\"attachment-woocommerce_thumbnail size-woocommerce_thumbnail\" alt=\"\" \/>\t\t\t<\/div>\n<span data-quickview-id=\"5177\" class=\"shopkit-quickview-button\"><\/span>\t\t<\/div>\n<h2 class=\"woocommerce-loop-product__title\">WinAVI Video Converter<\/h2>\n\t<span class=\"price\"><span class=\"woocommerce-Price-amount amount\"><bdi><span class=\"woocommerce-Price-currencySymbol\">&euro;<\/span>44,82<\/bdi><\/span><\/span>\n<\/a><a href=\"https:\/\/secure.2checkout.com\/order\/product.php?PRODS=1112182&#038;QTY=1&#038;AFFILIATE=12716\" data-quantity=\"1\" class=\"button product_type_external\" data-product_id=\"5177\" data-product_sku=\"\" aria-label=\"&#8222;WinAVI Video Converter&#8220; kaufen\" aria-describedby=\"\" rel=\"nofollow\">Produkt kaufen<\/a><\/li>\n<li class=\"product type-product post-5193 status-publish last instock product_cat-zj-media-digital has-post-thumbnail shipping-taxable product-type-external\">\n\t<a href=\"http:\/\/pc-direkthandel.de\/wordpress\/product\/winavi-video-konverter\/\" class=\"woocommerce-LoopProduct-link woocommerce-loop-product__link\">\t\t<div class=\"shopkit-loop-image\">\n\t\t\t<div class=\"shopkit-loop-image-inner\">\n<img loading=\"lazy\" decoding=\"async\" width=\"200\" height=\"134\" src=\"https:\/\/i0.wp.com\/pc-direkthandel.de\/wordpress\/wp-content\/uploads\/2019\/10\/Video-Konverter.jpg?resize=200%2C134\" class=\"attachment-woocommerce_thumbnail size-woocommerce_thumbnail\" alt=\"\" \/>\t\t\t<\/div>\n<span data-quickview-id=\"5193\" class=\"shopkit-quickview-button\"><\/span>\t\t<\/div>\n<h2 class=\"woocommerce-loop-product__title\">WinAVI Video Konverter<\/h2>\n\t<span class=\"price\"><span class=\"woocommerce-Price-amount amount\"><bdi><span class=\"woocommerce-Price-currencySymbol\">&euro;<\/span>39,95<\/bdi><\/span><\/span>\n<\/a><a href=\"https:\/\/secure.2checkout.com\/order\/product.php?PRODS=4541422&#038;QTY=1&#038;AFFILIATE=12716\" data-quantity=\"1\" class=\"button product_type_external\" data-product_id=\"5193\" data-product_sku=\"\" aria-label=\"&#8222;WinAVI Video Konverter&#8220; kaufen\" aria-describedby=\"\" rel=\"nofollow\">Produkt kaufen<\/a><\/li>\n<\/ul>\n<\/div>[\/vc_column][\/vc_row]<\/p>\n<\/div>","protected":false},"excerpt":{"rendered":"<p>[vc_row][vc_column][vc_column_text]Die K\u00f6lnMedia EDV-Beratung ist &#8222;Digital Distributor&#8220; von ZJ Media Digital Technology. Wir bieten Fachh\u00e4ndlern gegen Nachweis entsprechende Rabatte. F\u00fcr weitere Informationen kontaktieren Sie uns gerne.[\/vc_column_text][\/vc_column][\/vc_row][vc_row][vc_column][\/vc_column][\/vc_row]<\/p>\n","protected":false},"author":1,"featured_media":0,"parent":3721,"menu_order":0,"comment_status":"closed","ping_status":"closed","template":"","meta":{"_acf_changed":false,"footnotes":""},"acf":[],"jetpack_sharing_enabled":true,"_links":{"self":[{"href":"http:\/\/pc-direkthandel.de\/wordpress\/wp-json\/wp\/v2\/pages\/5170"}],"collection":[{"href":"http:\/\/pc-direkthandel.de\/wordpress\/wp-json\/wp\/v2\/pages"}],"about":[{"href":"http:\/\/pc-direkthandel.de\/wordpress\/wp-json\/wp\/v2\/types\/page"}],"author":[{"embeddable":true,"href":"http:\/\/pc-direkthandel.de\/wordpress\/wp-json\/wp\/v2\/users\/1"}],"replies":[{"embeddable":true,"href":"http:\/\/pc-direkthandel.de\/wordpress\/wp-json\/wp\/v2\/comments?post=5170"}],"version-history":[{"count":3,"href":"http:\/\/pc-direkthandel.de\/wordpress\/wp-json\/wp\/v2\/pages\/5170\/revisions"}],"predecessor-version":[{"id":5176,"href":"http:\/\/pc-direkthandel.de\/wordpress\/wp-json\/wp\/v2\/pages\/5170\/revisions\/5176"}],"up":[{"embeddable":true,"href":"http:\/\/pc-direkthandel.de\/wordpress\/wp-json\/wp\/v2\/pages\/3721"}],"wp:attachment":[{"href":"http:\/\/pc-direkthandel.de\/wordpress\/wp-json\/wp\/v2\/media?parent=5170"}],"curies":[{"name":"wp","href":"https:\/\/api.w.org\/{rel}","templated":true}]}}