{"id":3644,"date":"2019-10-04T17:59:25","date_gmt":"2019-10-04T15:59:25","guid":{"rendered":"http:\/\/pc-direkthandel.de\/wordpress\/?page_id=3644"},"modified":"2019-10-04T18:31:50","modified_gmt":"2019-10-04T16:31:50","slug":"microsoft-office","status":"publish","type":"page","link":"http:\/\/pc-direkthandel.de\/wordpress\/software\/office\/microsoft-office\/","title":{"rendered":"Microsoft Office"},"content":{"rendered":"<p>Office 365 ist ein cloudbasierter Abonnementdienst, der die besten L\u00f6sungen f\u00fcr die moderne Arbeitswelt vereint. Mit erstklassigen Anwendungen wie Excel und Outlook und leistungsf\u00e4higen Clouddiensten wie OneDrive und Microsoft Teams sorgt Office 365 daf\u00fcr, dass jeder kreativ im Team arbeiten kann \u2013 von praktisch jedem Ort und Endger\u00e4t.<\/p>\n<p>Als autorisierter Partner von Microsoft bieten wir Ihnen die gesamte Palette an Office-Produkten an &#8211; von <a href=\"http:\/\/clkde.tradedoubler.com\/click?p(81561)a(935402)g(21774496)url(https:\/\/products.office.com\/de-de\/compare-all-microsoft-office-products?&amp;market=de&amp;activetab=tab:primaryr1)\" target=\"_blank\" rel=\"noopener noreferrer\">Office 365<\/a> f\u00fcr den privaten Gebrauch, <a href=\"http:\/\/clkde.tradedoubler.com\/click?p(81561)a(935402)g(21774496)url(https:\/\/products.office.com\/de-de\/compare-all-microsoft-office-products?&amp;market=de&amp;activetab=tab%3aprimaryr2)\" target=\"_blank\" rel=\"noopener noreferrer\">Office 365 Business<\/a> f\u00fcr den kleinen und mittelst\u00e4ndischen Unternehmer sowie den Freiberufler sowie <a href=\"http:\/\/clkde.tradedoubler.com\/click?p(81561)a(935402)g(21774496)url(https:\/\/www.microsoft.com\/de-de\/microsoft-365\/business\/compare-more-office-365-for-business-plans?rtc=1&amp;market=de)\" target=\"_blank\" rel=\"noopener noreferrer\">Office 365 Enterprise<\/a> f\u00fcr Gro\u00dfunternehmen. Im Education-Bereich bieten wir <a href=\"http:\/\/clkde.tradedoubler.com\/click?p(81561)a(935402)g(21774496)url(https:\/\/www.microsoft.com\/de-de\/microsoft-365\/academic\/compare-office-365-education-plans?market=de&amp;activetab=tab:primaryr1)\" target=\"_blank\" rel=\"noopener noreferrer\">Office 365 f\u00fcr Sch\u00fcler und Studenten<\/a> sowie <a href=\"http:\/\/clkde.tradedoubler.com\/click?p(81561)a(935402)g(21774496)url(https:\/\/www.microsoft.com\/de-de\/microsoft-365\/academic\/compare-office-365-education-plans?market=de&amp;activetab=tab:primaryr2)\" target=\"_blank\" rel=\"noopener noreferrer\">Office 365 f\u00fcr Lehrpersonal und Mitarbeiter<\/a> in Zusammenarbeit mit Microsoft in der Variante A1 sogar vollkommen kostenfrei an.<\/p>\n<p>Sie m\u00f6chten keine Cloud-L\u00f6sung wie Microsoft Office 365? Wir bieten Ihnen auch die aktuelle Retail-Version <a href=\"http:\/\/pc-direkthandel.de\/wordpress\/software\/office\/microsoft-office\/office-pakete\/\" target=\"_blank\" rel=\"noopener noreferrer\">Microsoft Office 2019<\/a> sowie die Einzelapplikationen wie Microsoft Word, Microsoft Excel usw. zum Download \u00fcber unsere Partner an.<\/p>\n<p><script type=\"text\/javascript\">\nvar uri = 'https:\/\/impde.tradedoubler.com\/imp?type(img)g(18273342)a(935404)' + new String (Math.random()).substring (2, 11);\ndocument.write('<a href=\"https:\/\/clkde.tradedoubler.com\/click?p=81561&#038;a=935404&#038;g=18273342\" target=\"_BLANK\" rel=\"noopener noreferrer\"><img decoding=\"async\" src=\"'+uri+'\" border=0><\/a>');\n<\/script><\/p>\n","protected":false},"excerpt":{"rendered":"<p>Office 365 ist ein cloudbasierter Abonnementdienst, der die besten L\u00f6sungen f\u00fcr die moderne Arbeitswelt vereint. Mit erstklassigen Anwendungen wie Excel und Outlook und leistungsf\u00e4higen Clouddiensten wie OneDrive und Microsoft Teams sorgt Office 365 daf\u00fcr, dass jeder kreativ im Team arbeiten kann \u2013 von praktisch jedem Ort und Endger\u00e4t. Als autorisierter Partner von Microsoft bieten wir [&hellip;]<\/p>\n","protected":false},"author":1,"featured_media":0,"parent":1767,"menu_order":0,"comment_status":"closed","ping_status":"closed","template":"","meta":{"_acf_changed":false,"footnotes":""},"acf":[],"jetpack_sharing_enabled":true,"_links":{"self":[{"href":"http:\/\/pc-direkthandel.de\/wordpress\/wp-json\/wp\/v2\/pages\/3644"}],"collection":[{"href":"http:\/\/pc-direkthandel.de\/wordpress\/wp-json\/wp\/v2\/pages"}],"about":[{"href":"http:\/\/pc-direkthandel.de\/wordpress\/wp-json\/wp\/v2\/types\/page"}],"author":[{"embeddable":true,"href":"http:\/\/pc-direkthandel.de\/wordpress\/wp-json\/wp\/v2\/users\/1"}],"replies":[{"embeddable":true,"href":"http:\/\/pc-direkthandel.de\/wordpress\/wp-json\/wp\/v2\/comments?post=3644"}],"version-history":[{"count":6,"href":"http:\/\/pc-direkthandel.de\/wordpress\/wp-json\/wp\/v2\/pages\/3644\/revisions"}],"predecessor-version":[{"id":3658,"href":"http:\/\/pc-direkthandel.de\/wordpress\/wp-json\/wp\/v2\/pages\/3644\/revisions\/3658"}],"up":[{"embeddable":true,"href":"http:\/\/pc-direkthandel.de\/wordpress\/wp-json\/wp\/v2\/pages\/1767"}],"wp:attachment":[{"href":"http:\/\/pc-direkthandel.de\/wordpress\/wp-json\/wp\/v2\/media?parent=3644"}],"curies":[{"name":"wp","href":"https:\/\/api.w.org\/{rel}","templated":true}]}}