{"id":3600,"date":"2019-10-03T17:25:22","date_gmt":"2019-10-03T15:25:22","guid":{"rendered":"http:\/\/pc-direkthandel.de\/wordpress\/?page_id=3600"},"modified":"2019-10-04T16:26:24","modified_gmt":"2019-10-04T14:26:24","slug":"microsoft","status":"publish","type":"page","link":"http:\/\/pc-direkthandel.de\/wordpress\/telekommunikation\/tablets\/microsoft\/","title":{"rendered":"Microsoft"},"content":{"rendered":"<div class=\"wpb-content-wrapper\"><p>[vc_row][vc_column][vc_column_text]Das Surface Go ist bestens ger\u00fcstet f\u00fcr alle m\u00f6glichen Aufgaben. Es bietet die Kraft und Ausdauer eines Laptops, die Mobilit\u00e4t eines Tablets und einen atemberaubenden Touchscreen in Verbindung mit der Leistung von Windows 10 Home im S Modus. Surface Pro Signature Type Cover und Surface Pen sind separat erh\u00e4ltlich. Mit WLAN oder LTE-Advanced verf\u00fcgbar.[\/vc_column_text]<div class=\"woocommerce columns-3 \"><ul class=\"products columns-3\">\n<li class=\"product type-product post-3623 status-publish first instock product_cat-surface-go has-post-thumbnail shipping-taxable product-type-external\">\n\t<a href=\"http:\/\/pc-direkthandel.de\/wordpress\/product\/microsoft-surface-go\/\" class=\"woocommerce-LoopProduct-link woocommerce-loop-product__link\">\t\t<div class=\"shopkit-loop-image\">\n\t\t\t<div class=\"shopkit-loop-image-inner\">\n<img decoding=\"async\" src=\"https:\/\/i0.wp.com\/pc-direkthandel.de\/wordpress\/wp-content\/uploads\/2019\/10\/RE2i7oG.webp?resize=450%2C450\" class=\"attachment-woocommerce_thumbnail size-woocommerce_thumbnail\" alt=\"\" \/>\t\t\t<\/div>\n<span data-quickview-id=\"3623\" class=\"shopkit-quickview-button\"><\/span>\t\t<\/div>\n<h2 class=\"woocommerce-loop-product__title\">Microsoft Surface Go<\/h2>\n\t<span class=\"price\"><span class=\"woocommerce-Price-amount amount\"><bdi><span class=\"woocommerce-Price-currencySymbol\">&euro;<\/span>449,00<\/bdi><\/span><\/span>\n<\/a><a href=\"http:\/\/clkde.tradedoubler.com\/click?p(81561)a(935402)g(21774496)url(https:\/\/www.microsoft.com\/de-de\/p\/surface-go\/8V9DP4LNKNSZ\/GPKF?activetab=pivot%3aoverviewtab)\" data-quantity=\"1\" class=\"button product_type_external\" data-product_id=\"3623\" data-product_sku=\"\" aria-label=\"Jetzt vorbestellen!\" aria-describedby=\"\" rel=\"nofollow\">Jetzt vorbestellen!<\/a><\/li>\n<li class=\"product type-product post-3625 status-publish instock product_cat-surface-go has-post-thumbnail sale shipping-taxable product-type-external\">\n\t<a href=\"http:\/\/pc-direkthandel.de\/wordpress\/product\/microsoft-surface-go-2\/\" class=\"woocommerce-LoopProduct-link woocommerce-loop-product__link\">\t\t<div class=\"shopkit-loop-image\">\n\t\t\t<div class=\"shopkit-loop-image-inner\">\n\n\t<span class=\"onsale\">Angebot!<\/span>\n\t<img decoding=\"async\" src=\"https:\/\/i0.wp.com\/pc-direkthandel.de\/wordpress\/wp-content\/uploads\/2019\/10\/RE2i7oG.webp?resize=450%2C450\" class=\"attachment-woocommerce_thumbnail size-woocommerce_thumbnail\" alt=\"\" \/>\t\t\t<\/div>\n<span data-quickview-id=\"3625\" class=\"shopkit-quickview-button\"><\/span>\t\t<\/div>\n<h2 class=\"woocommerce-loop-product__title\">Microsoft Surface Go<\/h2>\n\t<span class=\"price\"><del aria-hidden=\"true\"><span class=\"woocommerce-Price-amount amount\"><bdi><span class=\"woocommerce-Price-currencySymbol\">&euro;<\/span>599,00<\/bdi><\/span><\/del> <span class=\"screen-reader-text\">Urspr\u00fcnglicher Preis war: &euro;599,00<\/span><ins aria-hidden=\"true\"><span class=\"woocommerce-Price-amount amount\"><bdi><span class=\"woocommerce-Price-currencySymbol\">&euro;<\/span>549,00<\/bdi><\/span><\/ins><span class=\"screen-reader-text\">Aktueller Preis ist: &euro;549,00.<\/span><\/span>\n<\/a><a href=\"http:\/\/clkde.tradedoubler.com\/click?p(81561)a(935402)g(21774496)url(https:\/\/www.microsoft.com\/de-de\/p\/surface-go\/8V9DP4LNKNSZ\/7R11?activetab=pivot:techspecstab)\" data-quantity=\"1\" class=\"button product_type_external\" data-product_id=\"3625\" data-product_sku=\"\" aria-label=\"Jetzt vorbestellen!\" aria-describedby=\"\" rel=\"nofollow\">Jetzt vorbestellen!<\/a><\/li>\n<li class=\"product type-product post-3626 status-publish last instock product_cat-surface-go has-post-thumbnail shipping-taxable product-type-external\">\n\t<a href=\"http:\/\/pc-direkthandel.de\/wordpress\/product\/microsoft-surface-go-3\/\" class=\"woocommerce-LoopProduct-link woocommerce-loop-product__link\">\t\t<div class=\"shopkit-loop-image\">\n\t\t\t<div class=\"shopkit-loop-image-inner\">\n<img decoding=\"async\" src=\"https:\/\/i0.wp.com\/pc-direkthandel.de\/wordpress\/wp-content\/uploads\/2019\/10\/RE2i7oG.webp?resize=450%2C450\" class=\"attachment-woocommerce_thumbnail size-woocommerce_thumbnail\" alt=\"\" \/>\t\t\t<\/div>\n<span data-quickview-id=\"3626\" class=\"shopkit-quickview-button\"><\/span>\t\t<\/div>\n<h2 class=\"woocommerce-loop-product__title\">Microsoft Surface Go<\/h2>\n\t<span class=\"price\"><span class=\"woocommerce-Price-amount amount\"><bdi><span class=\"woocommerce-Price-currencySymbol\">&euro;<\/span>729,00<\/bdi><\/span><\/span>\n<\/a><a href=\"http:\/\/clkde.tradedoubler.com\/click?p(81561)a(935402)g(21774496)url(https:\/\/www.microsoft.com\/de-de\/p\/surface-go\/8V9DP4LNKNSZ\/0010?activetab=pivot:techspecstab)\" data-quantity=\"1\" class=\"button product_type_external\" data-product_id=\"3626\" data-product_sku=\"\" aria-label=\"Jetzt vorbestellen!\" aria-describedby=\"\" rel=\"nofollow\">Jetzt vorbestellen!<\/a><\/li>\n<\/ul>\n<\/div>[\/vc_column][\/vc_row][vc_row][vc_column][vc_column_text]Der ultraleichte und vielseitig einsetzbare 2-in-1 Laptop mit 12,3&#8243;-Touchscreen \u2013 Surface Pro 7 ist Ihr extrem anpassungsf\u00e4higer Partner und bietet jetzt eine schnellere Verarbeitung und mehr Verbindungen \u2013 und eine ganzt\u00e4gige Akkulaufzeit.[\/vc_column_text]<div class=\"woocommerce columns-4 \"><ul class=\"products columns-4\">\n<li class=\"product type-product post-3605 status-publish first instock product_cat-surface-pro-7 has-post-thumbnail shipping-taxable product-type-external\">\n\t<a href=\"http:\/\/pc-direkthandel.de\/wordpress\/product\/microsoft-surface-pro-7\/\" class=\"woocommerce-LoopProduct-link woocommerce-loop-product__link\">\t\t<div class=\"shopkit-loop-image\">\n\t\t\t<div class=\"shopkit-loop-image-inner\">\n<img decoding=\"async\" src=\"https:\/\/i0.wp.com\/pc-direkthandel.de\/wordpress\/wp-content\/uploads\/2019\/10\/RE3qTRx.webp?resize=450%2C450\" class=\"attachment-woocommerce_thumbnail size-woocommerce_thumbnail\" alt=\"\" \/>\t\t\t<\/div>\n<span data-quickview-id=\"3605\" class=\"shopkit-quickview-button\"><\/span>\t\t<\/div>\n<h2 class=\"woocommerce-loop-product__title\">Microsoft Surface Pro 7<\/h2>\n\t<span class=\"price\"><span class=\"woocommerce-Price-amount amount\"><bdi><span class=\"woocommerce-Price-currencySymbol\">&euro;<\/span>899,00<\/bdi><\/span><\/span>\n<\/a><a href=\"http:\/\/clkde.tradedoubler.com\/click?p(81561)a(935402)g(21774496)url(https:\/\/www.microsoft.com\/de-de\/store\/configure\/Surface-Pro-7\/8N17J0M5ZZQS?crosssellid=drawer1&#038;selectedColor=86888a&#038;preview=&#038;previewModes=)\" data-quantity=\"1\" class=\"button product_type_external\" data-product_id=\"3605\" data-product_sku=\"\" aria-label=\"Jetzt vorbestellen!\" aria-describedby=\"\" rel=\"nofollow\">Jetzt vorbestellen!<\/a><\/li>\n<li class=\"product type-product post-3612 status-publish instock product_cat-surface-pro-7 has-post-thumbnail shipping-taxable product-type-external\">\n\t<a href=\"http:\/\/pc-direkthandel.de\/wordpress\/product\/microsoft-surface-pro-7-2\/\" class=\"woocommerce-LoopProduct-link woocommerce-loop-product__link\">\t\t<div class=\"shopkit-loop-image\">\n\t\t\t<div class=\"shopkit-loop-image-inner\">\n<img decoding=\"async\" src=\"https:\/\/i0.wp.com\/pc-direkthandel.de\/wordpress\/wp-content\/uploads\/2019\/10\/RE3qTRx.webp?resize=450%2C450\" class=\"attachment-woocommerce_thumbnail size-woocommerce_thumbnail\" alt=\"\" \/>\t\t\t<\/div>\n<span data-quickview-id=\"3612\" class=\"shopkit-quickview-button\"><\/span>\t\t<\/div>\n<h2 class=\"woocommerce-loop-product__title\">Microsoft Surface Pro 7<\/h2>\n\t<span class=\"price\"><span class=\"woocommerce-Price-amount amount\"><bdi><span class=\"woocommerce-Price-currencySymbol\">&euro;<\/span>1.049,00<\/bdi><\/span><\/span>\n<\/a><a href=\"http:\/\/clkde.tradedoubler.com\/click?p(81561)a(935402)g(21774496)url(https:\/\/www.microsoft.com\/de-de\/store\/configure\/Surface-Pro-7\/8N17J0M5ZZQS?crosssellid=drawer1&#038;selectedColor=86888a&#038;preview=&#038;previewModes=)\" data-quantity=\"1\" class=\"button product_type_external\" data-product_id=\"3612\" data-product_sku=\"\" aria-label=\"Jetzt vorbestellen!\" aria-describedby=\"\" rel=\"nofollow\">Jetzt vorbestellen!<\/a><\/li>\n<li class=\"product type-product post-3613 status-publish instock product_cat-surface-pro-7 has-post-thumbnail shipping-taxable product-type-external\">\n\t<a href=\"http:\/\/pc-direkthandel.de\/wordpress\/product\/microsoft-surface-pro-7-3\/\" class=\"woocommerce-LoopProduct-link woocommerce-loop-product__link\">\t\t<div class=\"shopkit-loop-image\">\n\t\t\t<div class=\"shopkit-loop-image-inner\">\n<img decoding=\"async\" src=\"https:\/\/i0.wp.com\/pc-direkthandel.de\/wordpress\/wp-content\/uploads\/2019\/10\/RE3qTRx.webp?resize=450%2C450\" class=\"attachment-woocommerce_thumbnail size-woocommerce_thumbnail\" alt=\"\" \/>\t\t\t<\/div>\n<span data-quickview-id=\"3613\" class=\"shopkit-quickview-button\"><\/span>\t\t<\/div>\n<h2 class=\"woocommerce-loop-product__title\">Microsoft Surface Pro 7<\/h2>\n\t<span class=\"price\"><span class=\"woocommerce-Price-amount amount\"><bdi><span class=\"woocommerce-Price-currencySymbol\">&euro;<\/span>1.349,00<\/bdi><\/span><\/span>\n<\/a><a href=\"http:\/\/clkde.tradedoubler.com\/click?p(81561)a(935402)g(21774496)url(https:\/\/www.microsoft.com\/de-de\/store\/configure\/Surface-Pro-7\/8N17J0M5ZZQS?crosssellid=drawer1&#038;selectedColor=86888a&#038;preview=&#038;previewModes=)\" data-quantity=\"1\" class=\"button product_type_external\" data-product_id=\"3613\" data-product_sku=\"\" aria-label=\"Jetzt vorbestellen!\" aria-describedby=\"\" rel=\"nofollow\">Jetzt vorbestellen!<\/a><\/li>\n<li class=\"product type-product post-3614 status-publish last instock product_cat-surface-pro-7 has-post-thumbnail shipping-taxable product-type-external\">\n\t<a href=\"http:\/\/pc-direkthandel.de\/wordpress\/product\/microsoft-surface-pro-7-4\/\" class=\"woocommerce-LoopProduct-link woocommerce-loop-product__link\">\t\t<div class=\"shopkit-loop-image\">\n\t\t\t<div class=\"shopkit-loop-image-inner\">\n<img decoding=\"async\" src=\"https:\/\/i0.wp.com\/pc-direkthandel.de\/wordpress\/wp-content\/uploads\/2019\/10\/RE3qTRx.webp?resize=450%2C450\" class=\"attachment-woocommerce_thumbnail size-woocommerce_thumbnail\" alt=\"\" \/>\t\t\t<\/div>\n<span data-quickview-id=\"3614\" class=\"shopkit-quickview-button\"><\/span>\t\t<\/div>\n<h2 class=\"woocommerce-loop-product__title\">Microsoft Surface Pro 7<\/h2>\n\t<span class=\"price\"><span class=\"woocommerce-Price-amount amount\"><bdi><span class=\"woocommerce-Price-currencySymbol\">&euro;<\/span>1.549,00<\/bdi><\/span><\/span>\n<\/a><a href=\"http:\/\/clkde.tradedoubler.com\/click?p(81561)a(935402)g(21774496)url(https:\/\/www.microsoft.com\/de-de\/store\/configure\/Surface-Pro-7\/8N17J0M5ZZQS?crosssellid=drawer1&#038;selectedColor=86888a&#038;preview=&#038;previewModes=)\" data-quantity=\"1\" class=\"button product_type_external\" data-product_id=\"3614\" data-product_sku=\"\" aria-label=\"Jetzt vorbestellen!\" aria-describedby=\"\" rel=\"nofollow\">Jetzt vorbestellen!<\/a><\/li>\n<li class=\"product type-product post-3615 status-publish first instock product_cat-surface-pro-7 has-post-thumbnail shipping-taxable product-type-external\">\n\t<a href=\"http:\/\/pc-direkthandel.de\/wordpress\/product\/microsoft-surface-pro-7-5\/\" class=\"woocommerce-LoopProduct-link woocommerce-loop-product__link\">\t\t<div class=\"shopkit-loop-image\">\n\t\t\t<div class=\"shopkit-loop-image-inner\">\n<img decoding=\"async\" src=\"https:\/\/i0.wp.com\/pc-direkthandel.de\/wordpress\/wp-content\/uploads\/2019\/10\/RE3qTRx.webp?resize=450%2C450\" class=\"attachment-woocommerce_thumbnail size-woocommerce_thumbnail\" alt=\"\" \/>\t\t\t<\/div>\n<span data-quickview-id=\"3615\" class=\"shopkit-quickview-button\"><\/span>\t\t<\/div>\n<h2 class=\"woocommerce-loop-product__title\">Microsoft Surface Pro 7<\/h2>\n\t<span class=\"price\"><span class=\"woocommerce-Price-amount amount\"><bdi><span class=\"woocommerce-Price-currencySymbol\">&euro;<\/span>1.649,00<\/bdi><\/span><\/span>\n<\/a><a href=\"http:\/\/clkde.tradedoubler.com\/click?p(81561)a(935402)g(21774496)url(https:\/\/www.microsoft.com\/de-de\/store\/configure\/Surface-Pro-7\/8N17J0M5ZZQS?crosssellid=drawer1&#038;selectedColor=86888a&#038;preview=&#038;previewModes=)\" data-quantity=\"1\" class=\"button product_type_external\" data-product_id=\"3615\" data-product_sku=\"\" aria-label=\"Jetzt vorbestellen!\" aria-describedby=\"\" rel=\"nofollow\">Jetzt vorbestellen!<\/a><\/li>\n<li class=\"product type-product post-3616 status-publish instock product_cat-surface-pro-7 has-post-thumbnail shipping-taxable product-type-external\">\n\t<a href=\"http:\/\/pc-direkthandel.de\/wordpress\/product\/microsoft-surface-pro-7-6\/\" class=\"woocommerce-LoopProduct-link woocommerce-loop-product__link\">\t\t<div class=\"shopkit-loop-image\">\n\t\t\t<div class=\"shopkit-loop-image-inner\">\n<img decoding=\"async\" src=\"https:\/\/i0.wp.com\/pc-direkthandel.de\/wordpress\/wp-content\/uploads\/2019\/10\/RE3qTRx.webp?resize=450%2C450\" class=\"attachment-woocommerce_thumbnail size-woocommerce_thumbnail\" alt=\"\" \/>\t\t\t<\/div>\n<span data-quickview-id=\"3616\" class=\"shopkit-quickview-button\"><\/span>\t\t<\/div>\n<h2 class=\"woocommerce-loop-product__title\">Microsoft Surface Pro 7<\/h2>\n\t<span class=\"price\"><span class=\"woocommerce-Price-amount amount\"><bdi><span class=\"woocommerce-Price-currencySymbol\">&euro;<\/span>2.099,00<\/bdi><\/span><\/span>\n<\/a><a href=\"http:\/\/clkde.tradedoubler.com\/click?p(81561)a(935402)g(21774496)url(https:\/\/www.microsoft.com\/de-de\/store\/configure\/Surface-Pro-7\/8N17J0M5ZZQS?crosssellid=drawer1&#038;selectedColor=86888a&#038;preview=&#038;previewModes=)\" data-quantity=\"1\" class=\"button product_type_external\" data-product_id=\"3616\" data-product_sku=\"\" aria-label=\"Jetzt vorbestellen!\" aria-describedby=\"\" rel=\"nofollow\">Jetzt vorbestellen!<\/a><\/li>\n<li class=\"product type-product post-3617 status-publish instock product_cat-surface-pro-7 has-post-thumbnail shipping-taxable product-type-external\">\n\t<a href=\"http:\/\/pc-direkthandel.de\/wordpress\/product\/microsoft-surface-pro-7-7\/\" class=\"woocommerce-LoopProduct-link woocommerce-loop-product__link\">\t\t<div class=\"shopkit-loop-image\">\n\t\t\t<div class=\"shopkit-loop-image-inner\">\n<img decoding=\"async\" src=\"https:\/\/i0.wp.com\/pc-direkthandel.de\/wordpress\/wp-content\/uploads\/2019\/10\/RE3qTRx.webp?resize=450%2C450\" class=\"attachment-woocommerce_thumbnail size-woocommerce_thumbnail\" alt=\"\" \/>\t\t\t<\/div>\n<span data-quickview-id=\"3617\" class=\"shopkit-quickview-button\"><\/span>\t\t<\/div>\n<h2 class=\"woocommerce-loop-product__title\">Microsoft Surface Pro 7<\/h2>\n\t<span class=\"price\"><span class=\"woocommerce-Price-amount amount\"><bdi><span class=\"woocommerce-Price-currencySymbol\">&euro;<\/span>2.499,00<\/bdi><\/span><\/span>\n<\/a><a href=\"http:\/\/clkde.tradedoubler.com\/click?p(81561)a(935402)g(21774496)url(https:\/\/www.microsoft.com\/de-de\/store\/configure\/Surface-Pro-7\/8N17J0M5ZZQS?crosssellid=drawer1&#038;selectedColor=86888a&#038;preview=&#038;previewModes=)\" data-quantity=\"1\" class=\"button product_type_external\" data-product_id=\"3617\" data-product_sku=\"\" aria-label=\"Jetzt vorbestellen!\" aria-describedby=\"\" rel=\"nofollow\">Jetzt vorbestellen!<\/a><\/li>\n<\/ul>\n<\/div>[\/vc_column][\/vc_row][vc_row][vc_column][vc_column_text]<\/p>\n<div class=\"pi-product-metadata secondary\">\n<div id=\"descriptionText\" data-m=\"{&quot;cN&quot;:&quot;descriptionText&quot;,&quot;cT&quot;:&quot;Module_onestore-DescriptionBlock&quot;,&quot;id&quot;:&quot;m11r2a2&quot;,&quot;sN&quot;:11,&quot;aN&quot;:&quot;r2a2&quot;}\" data-module-id=\"PDP-RT-HCL-Template|productIdentityRoot|OneStore-ProductIdentityRoot|descriptionText|OneStore-DescriptionBlock\">\n<div id=\"react_J0ZdDQExkSKImPerp4AQw\">\n<div class=\"pi-description-block\" data-reactroot=\"\">\n<p class=\"c-paragraph pi-product-description-text\">2-in-1-Edge-to-Edge-Laptop mit LTE und 13&#8243;-Touchscreen. Grenzenlose Konnektivit\u00e4t: Der ultraschlanke Surface Pro X kombiniert ultimative Mobilit\u00e4t mit unglaublicher Grafikleistung.<\/p>\n<div class=\"c-content-toggle\" role=\"presentation\"><\/div>\n<\/div>\n<\/div>\n<\/div>\n<\/div>\n<div class=\"pi-product-metadata tertiary\"><\/div>\n<p>[\/vc_column_text]<div class=\"woocommerce columns-4 \"><ul class=\"products columns-4\">\n<li class=\"product type-product post-3595 status-publish first instock product_cat-surface-pro-x has-post-thumbnail shipping-taxable product-type-external\">\n\t<a href=\"http:\/\/pc-direkthandel.de\/wordpress\/product\/microsoft-surface-pro-x\/\" class=\"woocommerce-LoopProduct-link woocommerce-loop-product__link\">\t\t<div class=\"shopkit-loop-image\">\n\t\t\t<div class=\"shopkit-loop-image-inner\">\n<img loading=\"lazy\" decoding=\"async\" width=\"450\" height=\"423\" src=\"https:\/\/i0.wp.com\/pc-direkthandel.de\/wordpress\/wp-content\/uploads\/2019\/10\/RE3oYaL.png?resize=450%2C423\" class=\"attachment-woocommerce_thumbnail size-woocommerce_thumbnail\" alt=\"\" \/>\t\t\t<\/div>\n<span data-quickview-id=\"3595\" class=\"shopkit-quickview-button\"><\/span>\t\t<\/div>\n<h2 class=\"woocommerce-loop-product__title\">Microsoft Surface Pro X<\/h2>\n\t<span class=\"price\"><span class=\"woocommerce-Price-amount amount\"><bdi><span class=\"woocommerce-Price-currencySymbol\">&euro;<\/span>1.149,00<\/bdi><\/span><\/span>\n<\/a><a href=\"http:\/\/clkde.tradedoubler.com\/click?p(81561)a(935402)g(21774496)url(https:\/\/www.microsoft.com\/de-de\/store\/configure\/Surface-Pro-X\/8VDNRP2M6HHC?crosssellid=drawer3&#038;selectedColor=&#038;preview=&#038;previewModes=)\" data-quantity=\"1\" class=\"button product_type_external\" data-product_id=\"3595\" data-product_sku=\"\" aria-label=\"Jetzt vorbestellen!\" aria-describedby=\"\" rel=\"nofollow\">Jetzt vorbestellen!<\/a><\/li>\n<li class=\"product type-product post-3597 status-publish instock product_cat-surface-pro-x has-post-thumbnail shipping-taxable product-type-external\">\n\t<a href=\"http:\/\/pc-direkthandel.de\/wordpress\/product\/microsoft-surface-pro-x-2\/\" class=\"woocommerce-LoopProduct-link woocommerce-loop-product__link\">\t\t<div class=\"shopkit-loop-image\">\n\t\t\t<div class=\"shopkit-loop-image-inner\">\n<img loading=\"lazy\" decoding=\"async\" width=\"450\" height=\"423\" src=\"https:\/\/i0.wp.com\/pc-direkthandel.de\/wordpress\/wp-content\/uploads\/2019\/10\/RE3oYaL.png?resize=450%2C423\" class=\"attachment-woocommerce_thumbnail size-woocommerce_thumbnail\" alt=\"\" \/>\t\t\t<\/div>\n<span data-quickview-id=\"3597\" class=\"shopkit-quickview-button\"><\/span>\t\t<\/div>\n<h2 class=\"woocommerce-loop-product__title\">Microsoft Surface Pro X<\/h2>\n\t<span class=\"price\"><span class=\"woocommerce-Price-amount amount\"><bdi><span class=\"woocommerce-Price-currencySymbol\">&euro;<\/span>1.449,00<\/bdi><\/span><\/span>\n<\/a><a href=\"http:\/\/clkde.tradedoubler.com\/click?p(81561)a(935402)g(21774496)url(https:\/\/www.microsoft.com\/de-de\/store\/configure\/Surface-Pro-X\/8VDNRP2M6HHC?crosssellid=drawer3&#038;selectedColor=&#038;preview=&#038;previewModes=)\" data-quantity=\"1\" class=\"button product_type_external\" data-product_id=\"3597\" data-product_sku=\"\" aria-label=\"Jetzt vorbestellen!\" aria-describedby=\"\" rel=\"nofollow\">Jetzt vorbestellen!<\/a><\/li>\n<li class=\"product type-product post-3598 status-publish instock product_cat-surface-pro-x has-post-thumbnail shipping-taxable product-type-external\">\n\t<a href=\"http:\/\/pc-direkthandel.de\/wordpress\/product\/microsoft-surface-pro-x-3\/\" class=\"woocommerce-LoopProduct-link woocommerce-loop-product__link\">\t\t<div class=\"shopkit-loop-image\">\n\t\t\t<div class=\"shopkit-loop-image-inner\">\n<img loading=\"lazy\" decoding=\"async\" width=\"450\" height=\"423\" src=\"https:\/\/i0.wp.com\/pc-direkthandel.de\/wordpress\/wp-content\/uploads\/2019\/10\/RE3oYaL.png?resize=450%2C423\" class=\"attachment-woocommerce_thumbnail size-woocommerce_thumbnail\" alt=\"\" \/>\t\t\t<\/div>\n<span data-quickview-id=\"3598\" class=\"shopkit-quickview-button\"><\/span>\t\t<\/div>\n<h2 class=\"woocommerce-loop-product__title\">Microsoft Surface Pro X<\/h2>\n\t<span class=\"price\"><span class=\"woocommerce-Price-amount amount\"><bdi><span class=\"woocommerce-Price-currencySymbol\">&euro;<\/span>1.649,00<\/bdi><\/span><\/span>\n<\/a><a href=\"http:\/\/clkde.tradedoubler.com\/click?p(81561)a(935402)g(21774496)url(https:\/\/www.microsoft.com\/de-de\/store\/configure\/Surface-Pro-X\/8VDNRP2M6HHC?crosssellid=drawer3&#038;selectedColor=&#038;preview=&#038;previewModes=)\" data-quantity=\"1\" class=\"button product_type_external\" data-product_id=\"3598\" data-product_sku=\"\" aria-label=\"Jetzt vorbestellen!\" aria-describedby=\"\" rel=\"nofollow\">Jetzt vorbestellen!<\/a><\/li>\n<li class=\"product type-product post-3599 status-publish last instock product_cat-surface-pro-x has-post-thumbnail shipping-taxable product-type-external\">\n\t<a href=\"http:\/\/pc-direkthandel.de\/wordpress\/product\/microsoft-surface-pro-x-4\/\" class=\"woocommerce-LoopProduct-link woocommerce-loop-product__link\">\t\t<div class=\"shopkit-loop-image\">\n\t\t\t<div class=\"shopkit-loop-image-inner\">\n<img loading=\"lazy\" decoding=\"async\" width=\"450\" height=\"423\" src=\"https:\/\/i0.wp.com\/pc-direkthandel.de\/wordpress\/wp-content\/uploads\/2019\/10\/RE3oYaL.png?resize=450%2C423\" class=\"attachment-woocommerce_thumbnail size-woocommerce_thumbnail\" alt=\"\" \/>\t\t\t<\/div>\n<span data-quickview-id=\"3599\" class=\"shopkit-quickview-button\"><\/span>\t\t<\/div>\n<h2 class=\"woocommerce-loop-product__title\">Microsoft Surface Pro X<\/h2>\n\t<span class=\"price\"><span class=\"woocommerce-Price-amount amount\"><bdi><span class=\"woocommerce-Price-currencySymbol\">&euro;<\/span>1.999,00<\/bdi><\/span><\/span>\n<\/a><a href=\"http:\/\/clkde.tradedoubler.com\/click?p(81561)a(935402)g(21774496)url(https:\/\/www.microsoft.com\/de-de\/store\/configure\/Surface-Pro-X\/8VDNRP2M6HHC?crosssellid=drawer3&#038;selectedColor=&#038;preview=&#038;previewModes=)\" data-quantity=\"1\" class=\"button product_type_external\" data-product_id=\"3599\" data-product_sku=\"\" aria-label=\"Jetzt vorbestellen!\" aria-describedby=\"\" rel=\"nofollow\">Jetzt vorbestellen!<\/a><\/li>\n<\/ul>\n<\/div>[\/vc_column][\/vc_row]<\/p>\n<\/div>","protected":false},"excerpt":{"rendered":"<p>[vc_row][vc_column][vc_column_text]Das Surface Go ist bestens ger\u00fcstet f\u00fcr alle m\u00f6glichen Aufgaben. Es bietet die Kraft und Ausdauer eines Laptops, die Mobilit\u00e4t eines Tablets und einen atemberaubenden Touchscreen in Verbindung mit der Leistung von Windows 10 Home im S Modus. Surface Pro Signature Type Cover und Surface Pen sind separat erh\u00e4ltlich. Mit WLAN oder LTE-Advanced verf\u00fcgbar.[\/vc_column_text][\/vc_column][\/vc_row][vc_row][vc_column][vc_column_text]Der ultraleichte [&hellip;]<\/p>\n","protected":false},"author":1,"featured_media":0,"parent":1012,"menu_order":0,"comment_status":"closed","ping_status":"closed","template":"","meta":{"_acf_changed":false,"footnotes":""},"acf":[],"jetpack_sharing_enabled":true,"_links":{"self":[{"href":"http:\/\/pc-direkthandel.de\/wordpress\/wp-json\/wp\/v2\/pages\/3600"}],"collection":[{"href":"http:\/\/pc-direkthandel.de\/wordpress\/wp-json\/wp\/v2\/pages"}],"about":[{"href":"http:\/\/pc-direkthandel.de\/wordpress\/wp-json\/wp\/v2\/types\/page"}],"author":[{"embeddable":true,"href":"http:\/\/pc-direkthandel.de\/wordpress\/wp-json\/wp\/v2\/users\/1"}],"replies":[{"embeddable":true,"href":"http:\/\/pc-direkthandel.de\/wordpress\/wp-json\/wp\/v2\/comments?post=3600"}],"version-history":[{"count":6,"href":"http:\/\/pc-direkthandel.de\/wordpress\/wp-json\/wp\/v2\/pages\/3600\/revisions"}],"predecessor-version":[{"id":3627,"href":"http:\/\/pc-direkthandel.de\/wordpress\/wp-json\/wp\/v2\/pages\/3600\/revisions\/3627"}],"up":[{"embeddable":true,"href":"http:\/\/pc-direkthandel.de\/wordpress\/wp-json\/wp\/v2\/pages\/1012"}],"wp:attachment":[{"href":"http:\/\/pc-direkthandel.de\/wordpress\/wp-json\/wp\/v2\/media?parent=3600"}],"curies":[{"name":"wp","href":"https:\/\/api.w.org\/{rel}","templated":true}]}}