{"id":2128,"date":"2019-09-18T16:14:01","date_gmt":"2019-09-18T14:14:01","guid":{"rendered":"http:\/\/pc-direkthandel.de\/wordpress\/?page_id=2128"},"modified":"2019-09-18T16:14:44","modified_gmt":"2019-09-18T14:14:44","slug":"gog-good-old-games","status":"publish","type":"page","link":"http:\/\/pc-direkthandel.de\/wordpress\/games-co\/computerspiele\/gog-good-old-games\/","title":{"rendered":"GOG (Good Old Games)"},"content":{"rendered":"<div class=\"wpb-content-wrapper\"><p>[vc_row][vc_column][vc_column_text]<strong>GOG<\/strong>, fr\u00fcher bekannt als <strong>Good Old Game<\/strong>s, ist eine Online-Vertriebsplattform f\u00fcr zahlreiche Spiele, \u00e4hnlich wie Steam, Origin und uPlay. Was <strong>GOG<\/strong> auszeichnet ist der komplette Verzicht auf DRM-Ma\u00dfnahmen &#8211; alle <strong>GOG Keys<\/strong>, die Sie hier bei MMOGA erhalten, erm\u00f6glichen den Download und das Spielen von DRM-freien Games.<\/p>\n<p><strong>GOG<\/strong> geh\u00f6rt zum polnischen Publisher CD Projekt, dessen hauseigene Entwickler k\u00fcrzlich mit The Witcher 3 einen riesigen Spiele-Hit landen konnten. Nat\u00fcrlich wird auch The Witcher 3 \u00fcber <strong>GOG<\/strong> angeboten, und trotz der Verf\u00fcgbarkeit auf Steam wurden mehr <strong>GOG Keys<\/strong> verkauft!<\/p>\n<p>Seit 2015 steht optional der GOG Galaxy Client zur Verf\u00fcgung, der ebenso wie Steam &amp; Co. den einfacheren Zugriff auf alle erworbenen <strong>GOG Games<\/strong>, Updates, Online-Multiplayer, Achievements, Chats, Statistiken und mehr erm\u00f6glicht.<\/p>\n<p><strong>Good Old Games<\/strong> ist nicht nur der urspr\u00fcngliche Name, sondern auch das grundlegende Konzept des Vertriebs-Service <strong>GOG<\/strong>. Ganze Teams arbeiten daran, die Kopierschutz-Ma\u00dfnahmen von Spieleklassikern zu entfernen und diese Games als <strong>GOG Keys<\/strong> DRM-frei anzubieten. So finden sich, neben vielen hochgelobten Neuerscheinungen wie Divinity: Original Sin, Pillars of Eternity und weiteren Top-Titeln sowie beliebten Indie Games, eine riesige Anzahl an extrem beliebten Spiele-Klassikern.<\/p>\n<p>Kult-Rollenspiele, Action-Klassiker, zeitlose Strategiespiele und Simulationen, Games mit Anspruch oder einfach nur f\u00fcr jede Menge Spa\u00df: Unz\u00e4hlige Meilensteine der Spielehistorie sind als <strong>GOG Keys<\/strong> verf\u00fcgbar.<\/p>\n<p>Hier bei MMOGA k\u00f6nnen Sie eine Auswahl der besten <strong>GOG Keys kaufen<\/strong>. Sichern Sie sich herausragende Spiele ohne DRM-Zwang! Jetzt <strong>GOG Keys<\/strong> kaufen bei MMOGA.[\/vc_column_text][\/vc_column][\/vc_row][vc_row][vc_column]<div class=\"woocommerce columns-4 \"><ul class=\"products columns-4\">\n<li class=\"product type-product post-2142 status-publish first instock product_cat-gog has-post-thumbnail shipping-taxable product-type-external\">\n\t<a href=\"http:\/\/pc-direkthandel.de\/wordpress\/product\/age-of-wonders\/\" class=\"woocommerce-LoopProduct-link woocommerce-loop-product__link\">\t\t<div class=\"shopkit-loop-image\">\n\t\t\t<div class=\"shopkit-loop-image-inner\">\n<img decoding=\"async\" src=\"https:\/\/i0.wp.com\/pc-direkthandel.de\/wordpress\/wp-content\/uploads\/2019\/09\/age-of-wonders-gog-key_large.webp?resize=450%2C450\" class=\"attachment-woocommerce_thumbnail size-woocommerce_thumbnail\" alt=\"\" \/>\t\t\t<\/div>\n<span data-quickview-id=\"2142\" class=\"shopkit-quickview-button\"><\/span>\t\t<\/div>\n<h2 class=\"woocommerce-loop-product__title\">Age of Wonders<\/h2>\n\t<span class=\"price\"><span class=\"woocommerce-Price-amount amount\"><bdi><span class=\"woocommerce-Price-currencySymbol\">&euro;<\/span>10,99<\/bdi><\/span><\/span>\n<\/a><a href=\"http:\/\/tidd.ly\/310b1a5b\" data-quantity=\"1\" class=\"button product_type_external\" data-product_id=\"2142\" data-product_sku=\"\" aria-label=\"&#8222;Age of Wonders&#8220; kaufen\" aria-describedby=\"\" rel=\"nofollow\">Produkt kaufen<\/a><\/li>\n<li class=\"product type-product post-2126 status-publish instock product_cat-gog has-post-thumbnail sale shipping-taxable product-type-external\">\n\t<a href=\"http:\/\/pc-direkthandel.de\/wordpress\/product\/cyberpunk-2077\/\" class=\"woocommerce-LoopProduct-link woocommerce-loop-product__link\">\t\t<div class=\"shopkit-loop-image\">\n\t\t\t<div class=\"shopkit-loop-image-inner\">\n\n\t<span class=\"onsale\">Angebot!<\/span>\n\t<img decoding=\"async\" src=\"https:\/\/i0.wp.com\/pc-direkthandel.de\/wordpress\/wp-content\/uploads\/2019\/09\/cyberpunk-2077_large.webp?resize=450%2C450\" class=\"attachment-woocommerce_thumbnail size-woocommerce_thumbnail\" alt=\"\" \/>\t\t\t<\/div>\n<span data-quickview-id=\"2126\" class=\"shopkit-quickview-button\"><\/span>\t\t<\/div>\n<h2 class=\"woocommerce-loop-product__title\">Cyberpunk 2077<\/h2>\n\t<span class=\"price\"><del aria-hidden=\"true\"><span class=\"woocommerce-Price-amount amount\"><bdi><span class=\"woocommerce-Price-currencySymbol\">&euro;<\/span>59,99<\/bdi><\/span><\/del> <span class=\"screen-reader-text\">Urspr\u00fcnglicher Preis war: &euro;59,99<\/span><ins aria-hidden=\"true\"><span class=\"woocommerce-Price-amount amount\"><bdi><span class=\"woocommerce-Price-currencySymbol\">&euro;<\/span>45,99<\/bdi><\/span><\/ins><span class=\"screen-reader-text\">Aktueller Preis ist: &euro;45,99.<\/span><\/span>\n<\/a><a href=\"http:\/\/tidd.ly\/338d6f68\" data-quantity=\"1\" class=\"button product_type_external\" data-product_id=\"2126\" data-product_sku=\"\" aria-label=\"&#8222;Cyberpunk 2077&#8220; kaufen\" aria-describedby=\"\" rel=\"nofollow\">Produkt kaufen<\/a><\/li>\n<li class=\"product type-product post-2134 status-publish instock product_cat-gog has-post-thumbnail sale shipping-taxable product-type-external\">\n\t<a href=\"http:\/\/pc-direkthandel.de\/wordpress\/product\/the-witcher-3-blood-and-wine-dlc\/\" class=\"woocommerce-LoopProduct-link woocommerce-loop-product__link\">\t\t<div class=\"shopkit-loop-image\">\n\t\t\t<div class=\"shopkit-loop-image-inner\">\n\n\t<span class=\"onsale\">Angebot!<\/span>\n\t<img decoding=\"async\" src=\"https:\/\/i0.wp.com\/pc-direkthandel.de\/wordpress\/wp-content\/uploads\/2019\/09\/the-witcher-3-blood-and-wine-dlc-gog-key_large.webp?resize=450%2C450\" class=\"attachment-woocommerce_thumbnail size-woocommerce_thumbnail\" alt=\"\" \/>\t\t\t<\/div>\n<span data-quickview-id=\"2134\" class=\"shopkit-quickview-button\"><\/span>\t\t<\/div>\n<h2 class=\"woocommerce-loop-product__title\">The Witcher 3 &#8211; Blood and Wine (DLC)<\/h2>\n\t<span class=\"price\"><del aria-hidden=\"true\"><span class=\"woocommerce-Price-amount amount\"><bdi><span class=\"woocommerce-Price-currencySymbol\">&euro;<\/span>19,99<\/bdi><\/span><\/del> <span class=\"screen-reader-text\">Urspr\u00fcnglicher Preis war: &euro;19,99<\/span><ins aria-hidden=\"true\"><span class=\"woocommerce-Price-amount amount\"><bdi><span class=\"woocommerce-Price-currencySymbol\">&euro;<\/span>9,49<\/bdi><\/span><\/ins><span class=\"screen-reader-text\">Aktueller Preis ist: &euro;9,49.<\/span><\/span>\n<\/a><a href=\"http:\/\/tidd.ly\/32f1ed84\" data-quantity=\"1\" class=\"button product_type_external\" data-product_id=\"2134\" data-product_sku=\"\" aria-label=\"&#8222;The Witcher 3 - Blood and Wine (DLC)&#8220; kaufen\" aria-describedby=\"\" rel=\"nofollow\">Produkt kaufen<\/a><\/li>\n<li class=\"product type-product post-2132 status-publish last instock product_cat-gog has-post-thumbnail sale shipping-taxable product-type-external\">\n\t<a href=\"http:\/\/pc-direkthandel.de\/wordpress\/product\/the-witcher-3-game-of-the-year-edition\/\" class=\"woocommerce-LoopProduct-link woocommerce-loop-product__link\">\t\t<div class=\"shopkit-loop-image\">\n\t\t\t<div class=\"shopkit-loop-image-inner\">\n\n\t<span class=\"onsale\">Angebot!<\/span>\n\t<img decoding=\"async\" src=\"https:\/\/i0.wp.com\/pc-direkthandel.de\/wordpress\/wp-content\/uploads\/2019\/09\/the-witcher-3-game-of-the-year-edition-gog-key_large.webp?resize=450%2C450\" class=\"attachment-woocommerce_thumbnail size-woocommerce_thumbnail\" alt=\"\" \/>\t\t\t<\/div>\n<span data-quickview-id=\"2132\" class=\"shopkit-quickview-button\"><\/span>\t\t<\/div>\n<h2 class=\"woocommerce-loop-product__title\">The Witcher 3 &#8211; Game of the Year Edition<\/h2>\n\t<span class=\"price\"><del aria-hidden=\"true\"><span class=\"woocommerce-Price-amount amount\"><bdi><span class=\"woocommerce-Price-currencySymbol\">&euro;<\/span>49,99<\/bdi><\/span><\/del> <span class=\"screen-reader-text\">Urspr\u00fcnglicher Preis war: &euro;49,99<\/span><ins aria-hidden=\"true\"><span class=\"woocommerce-Price-amount amount\"><bdi><span class=\"woocommerce-Price-currencySymbol\">&euro;<\/span>15,99<\/bdi><\/span><\/ins><span class=\"screen-reader-text\">Aktueller Preis ist: &euro;15,99.<\/span><\/span>\n<\/a><a href=\"http:\/\/tidd.ly\/5ecbdab7\" data-quantity=\"1\" class=\"button product_type_external\" data-product_id=\"2132\" data-product_sku=\"\" aria-label=\"&#8222;The Witcher 3 - Game of the Year Edition&#8220; kaufen\" aria-describedby=\"\" rel=\"nofollow\">Produkt kaufen<\/a><\/li>\n<li class=\"product type-product post-2136 status-publish first instock product_cat-gog has-post-thumbnail sale shipping-taxable product-type-external\">\n\t<a href=\"http:\/\/pc-direkthandel.de\/wordpress\/product\/the-witcher-3-hearts-of-stone-dlc\/\" class=\"woocommerce-LoopProduct-link woocommerce-loop-product__link\">\t\t<div class=\"shopkit-loop-image\">\n\t\t\t<div class=\"shopkit-loop-image-inner\">\n\n\t<span class=\"onsale\">Angebot!<\/span>\n\t<img decoding=\"async\" src=\"https:\/\/i0.wp.com\/pc-direkthandel.de\/wordpress\/wp-content\/uploads\/2019\/09\/the-witcher-3-hearts-of-stone-dlc-key_large.webp?resize=450%2C450\" class=\"attachment-woocommerce_thumbnail size-woocommerce_thumbnail\" alt=\"\" \/>\t\t\t<\/div>\n<span data-quickview-id=\"2136\" class=\"shopkit-quickview-button\"><\/span>\t\t<\/div>\n<h2 class=\"woocommerce-loop-product__title\">The Witcher 3 &#8211; Hearts of Stone (DLC)<\/h2>\n\t<span class=\"price\"><del aria-hidden=\"true\"><span class=\"woocommerce-Price-amount amount\"><bdi><span class=\"woocommerce-Price-currencySymbol\">&euro;<\/span>10,99<\/bdi><\/span><\/del> <span class=\"screen-reader-text\">Urspr\u00fcnglicher Preis war: &euro;10,99<\/span><ins aria-hidden=\"true\"><span class=\"woocommerce-Price-amount amount\"><bdi><span class=\"woocommerce-Price-currencySymbol\">&euro;<\/span>6,49<\/bdi><\/span><\/ins><span class=\"screen-reader-text\">Aktueller Preis ist: &euro;6,49.<\/span><\/span>\n<\/a><a href=\"http:\/\/tidd.ly\/e5735535\" data-quantity=\"1\" class=\"button product_type_external\" data-product_id=\"2136\" data-product_sku=\"\" aria-label=\"&#8222;The Witcher 3 - Hearts of Stone (DLC)&#8220; kaufen\" aria-describedby=\"\" rel=\"nofollow\">Produkt kaufen<\/a><\/li>\n<li class=\"product type-product post-2138 status-publish instock product_cat-gog has-post-thumbnail sale shipping-taxable product-type-external\">\n\t<a href=\"http:\/\/pc-direkthandel.de\/wordpress\/product\/the-witcher-3-wild-hunt\/\" class=\"woocommerce-LoopProduct-link woocommerce-loop-product__link\">\t\t<div class=\"shopkit-loop-image\">\n\t\t\t<div class=\"shopkit-loop-image-inner\">\n\n\t<span class=\"onsale\">Angebot!<\/span>\n\t<img decoding=\"async\" src=\"https:\/\/i0.wp.com\/pc-direkthandel.de\/wordpress\/wp-content\/uploads\/2019\/09\/the-witcher-3-wild-hunt-gog-key.webp?resize=450%2C450\" class=\"attachment-woocommerce_thumbnail size-woocommerce_thumbnail\" alt=\"\" \/>\t\t\t<\/div>\n<span data-quickview-id=\"2138\" class=\"shopkit-quickview-button\"><\/span>\t\t<\/div>\n<h2 class=\"woocommerce-loop-product__title\">The Witcher 3 &#8211; Wild Hunt<\/h2>\n\t<span class=\"price\"><del aria-hidden=\"true\"><span class=\"woocommerce-Price-amount amount\"><bdi><span class=\"woocommerce-Price-currencySymbol\">&euro;<\/span>19,99<\/bdi><\/span><\/del> <span class=\"screen-reader-text\">Urspr\u00fcnglicher Preis war: &euro;19,99<\/span><ins aria-hidden=\"true\"><span class=\"woocommerce-Price-amount amount\"><bdi><span class=\"woocommerce-Price-currencySymbol\">&euro;<\/span>12,99<\/bdi><\/span><\/ins><span class=\"screen-reader-text\">Aktueller Preis ist: &euro;12,99.<\/span><\/span>\n<\/a><a href=\"http:\/\/tidd.ly\/d586ecd4\" data-quantity=\"1\" class=\"button product_type_external\" data-product_id=\"2138\" data-product_sku=\"\" aria-label=\"&#8222;The Witcher 3 - Wild Hunt&#8220; kaufen\" aria-describedby=\"\" rel=\"nofollow\">Produkt kaufen<\/a><\/li>\n<li class=\"product type-product post-2140 status-publish instock product_cat-gog has-post-thumbnail sale shipping-taxable product-type-external\">\n\t<a href=\"http:\/\/pc-direkthandel.de\/wordpress\/product\/the-witcher-3-wild-hunt-expansion-pass\/\" class=\"woocommerce-LoopProduct-link woocommerce-loop-product__link\">\t\t<div class=\"shopkit-loop-image\">\n\t\t\t<div class=\"shopkit-loop-image-inner\">\n\n\t<span class=\"onsale\">Angebot!<\/span>\n\t<img decoding=\"async\" src=\"https:\/\/i0.wp.com\/pc-direkthandel.de\/wordpress\/wp-content\/uploads\/2019\/09\/the-witcher-3-expansion-pass.webp?resize=450%2C450\" class=\"attachment-woocommerce_thumbnail size-woocommerce_thumbnail\" alt=\"\" \/>\t\t\t<\/div>\n<span data-quickview-id=\"2140\" class=\"shopkit-quickview-button\"><\/span>\t\t<\/div>\n<h2 class=\"woocommerce-loop-product__title\">The Witcher 3 &#8211; Wild Hunt (Expansion Pass)<\/h2>\n\t<span class=\"price\"><del aria-hidden=\"true\"><span class=\"woocommerce-Price-amount amount\"><bdi><span class=\"woocommerce-Price-currencySymbol\">&euro;<\/span>24,99<\/bdi><\/span><\/del> <span class=\"screen-reader-text\">Urspr\u00fcnglicher Preis war: &euro;24,99<\/span><ins aria-hidden=\"true\"><span class=\"woocommerce-Price-amount amount\"><bdi><span class=\"woocommerce-Price-currencySymbol\">&euro;<\/span>13,49<\/bdi><\/span><\/ins><span class=\"screen-reader-text\">Aktueller Preis ist: &euro;13,49.<\/span><\/span>\n<\/a><a href=\"http:\/\/tidd.ly\/6f6d5fb6\" data-quantity=\"1\" class=\"button product_type_external\" data-product_id=\"2140\" data-product_sku=\"\" aria-label=\"&#8222;The Witcher 3 - Wild Hunt (Expansion Pass)&#8220; kaufen\" aria-describedby=\"\" rel=\"nofollow\">Produkt kaufen<\/a><\/li>\n<\/ul>\n<\/div>[\/vc_column][\/vc_row]<\/p>\n<\/div>","protected":false},"excerpt":{"rendered":"<p>[vc_row][vc_column][vc_column_text]GOG, fr\u00fcher bekannt als Good Old Games, ist eine Online-Vertriebsplattform f\u00fcr zahlreiche Spiele, \u00e4hnlich wie Steam, Origin und uPlay. Was GOG auszeichnet ist der komplette Verzicht auf DRM-Ma\u00dfnahmen &#8211; alle GOG Keys, die Sie hier bei MMOGA erhalten, erm\u00f6glichen den Download und das Spielen von DRM-freien Games. GOG geh\u00f6rt zum polnischen Publisher CD Projekt, dessen [&hellip;]<\/p>\n","protected":false},"author":1,"featured_media":0,"parent":1034,"menu_order":0,"comment_status":"closed","ping_status":"closed","template":"template-full-width.php","meta":{"_acf_changed":false,"footnotes":""},"acf":[],"jetpack_sharing_enabled":true,"_links":{"self":[{"href":"http:\/\/pc-direkthandel.de\/wordpress\/wp-json\/wp\/v2\/pages\/2128"}],"collection":[{"href":"http:\/\/pc-direkthandel.de\/wordpress\/wp-json\/wp\/v2\/pages"}],"about":[{"href":"http:\/\/pc-direkthandel.de\/wordpress\/wp-json\/wp\/v2\/types\/page"}],"author":[{"embeddable":true,"href":"http:\/\/pc-direkthandel.de\/wordpress\/wp-json\/wp\/v2\/users\/1"}],"replies":[{"embeddable":true,"href":"http:\/\/pc-direkthandel.de\/wordpress\/wp-json\/wp\/v2\/comments?post=2128"}],"version-history":[{"count":2,"href":"http:\/\/pc-direkthandel.de\/wordpress\/wp-json\/wp\/v2\/pages\/2128\/revisions"}],"predecessor-version":[{"id":2130,"href":"http:\/\/pc-direkthandel.de\/wordpress\/wp-json\/wp\/v2\/pages\/2128\/revisions\/2130"}],"up":[{"embeddable":true,"href":"http:\/\/pc-direkthandel.de\/wordpress\/wp-json\/wp\/v2\/pages\/1034"}],"wp:attachment":[{"href":"http:\/\/pc-direkthandel.de\/wordpress\/wp-json\/wp\/v2\/media?parent=2128"}],"curies":[{"name":"wp","href":"https:\/\/api.w.org\/{rel}","templated":true}]}}